{"id":33739,"date":"2016-02-02T10:46:50","date_gmt":"2016-02-02T10:46:50","guid":{"rendered":"https:\/\/shop.metal-badge.ch\/?product=metal-detector-super-scanner"},"modified":"2016-02-07T10:29:33","modified_gmt":"2016-02-07T10:29:33","slug":"metal-detector-super-scanner","status":"publish","type":"product","link":"https:\/\/metal-badge.ch\/it\/product\/33739\/metal-detector-super-scanner\/","title":{"rendered":"Metal Detector Super Scanner"},"content":{"rendered":"<p>Il Garrett Super Scanner viene scelto da oltre 20 anni da personale professionale di sicurezza e sorveglianza. Esso rileva anche i pi\u00f9 minuscoli oggetti metallici ed \u00e8 il metal detector portatile pi\u00f9 apprezzato in tutto il mondo. Il Super Scanner ha un allineamento automatico ed un controllo della batteria. Non sono necessarie ulteriori impostazioni. Quando un oggetto viene riconosciuto lo strumento emette un allarme acustico ed ottico. Basta spostare l\u2019interruttore su \u201cON\u201d ed automaticamente lo strumento rilever\u00e0 tutte le armi metalliche nascoste, compresi i pi\u00f9 minuscoli coltelli o pistole. Inoltre il metal detector portatile dispone di un interruttore per l\u2019esclusione tramite il quale \u00e8 possibile regolare la sensibilit\u00e0 nel caso in cui un metallo che si trova nelle vicinanze (ad esempio elementi per il fissaggio nel pavimento) provoca dei disturbi.<br \/>\n\u00a0<\/p>\n<p><strong>Descrizione prodotto: <\/strong><br \/>\n1-Interruttore<br \/>\nElevata sensibilit\u00e0<br \/>\nScatola robusta ed resistente<br \/>\nSuperficie di rilevamento migliorata<br \/>\nSostituzione batteria senza alcun attrezzo<br \/>\nSegnale acustico ed ottico<br \/>\nSegnale o vibrazione silenziosa e indicatore LED<br \/>\n25 cm di superficie di rilevamento per un rapido e preciso rilevamento<br \/>\nTemperatura di funzionamento da \u2013 37\u00b0 a 70\u00b0 C<br \/>\nPacco batteria 1x \/ 9V<br \/>\nCordicella<br \/>\nFrequenza audio 2 kHz<br \/>\nCustodia inclusa nella confezione<br \/>\nCavo per la carica incluso nella confezione<br \/>\nPeso:\u00a0 370 gr.<br \/>\nLunghezza: 42 cm<br \/>\nLarghezza: 8.5 cm<\/p>\n<div class=\"videoWrapper\"><iframe allowfullscreen=\"\" frameborder=\"0\" height=\"480\" src=\"https:\/\/www.youtube.com\/embed\/L_8IS84rOMc\" width=\"853\"><\/iframe><\/div>\n","protected":false},"excerpt":{"rendered":"<p>Il Garrett Super Scanner viene scelto da oltre 20 anni da personale professionale di sicurezza e sorveglianza. Esso rileva anche i pi\u00f9 minuscoli oggetti metallici ed \u00e8 il metal detector portatile pi\u00f9 apprezzato in tutto il mondo. Il Super Scanner ha un allineamento automatico ed un controllo della batteria. Non sono necessarie ulteriori impostazioni. Quando [&hellip;]<\/p>\n","protected":false},"featured_media":90284,"comment_status":"open","ping_status":"closed","template":"","meta":{"inline_featured_image":false},"product_brand":[],"product_cat":[1719],"product_tag":[1770,1782,1766],"class_list":{"0":"post-33739","1":"product","2":"type-product","3":"status-publish","4":"has-post-thumbnail","6":"product_cat-cerca-dispositivi-metal-detector","7":"product_tag-army-survival-it","8":"product_tag-polizia-sicurezza","9":"product_tag-sport-outdoor-it","11":"first","12":"instock","13":"taxable","14":"shipping-taxable","15":"purchasable","16":"product-type-simple"},"_links":{"self":[{"href":"https:\/\/metal-badge.ch\/it\/wp-json\/wp\/v2\/product\/33739","targetHints":{"allow":["GET"]}}],"collection":[{"href":"https:\/\/metal-badge.ch\/it\/wp-json\/wp\/v2\/product"}],"about":[{"href":"https:\/\/metal-badge.ch\/it\/wp-json\/wp\/v2\/types\/product"}],"replies":[{"embeddable":true,"href":"https:\/\/metal-badge.ch\/it\/wp-json\/wp\/v2\/comments?post=33739"}],"wp:featuredmedia":[{"embeddable":true,"href":"https:\/\/metal-badge.ch\/it\/wp-json\/wp\/v2\/media\/90284"}],"wp:attachment":[{"href":"https:\/\/metal-badge.ch\/it\/wp-json\/wp\/v2\/media?parent=33739"}],"wp:term":[{"taxonomy":"product_brand","embeddable":true,"href":"https:\/\/metal-badge.ch\/it\/wp-json\/wp\/v2\/product_brand?post=33739"},{"taxonomy":"product_cat","embeddable":true,"href":"https:\/\/metal-badge.ch\/it\/wp-json\/wp\/v2\/product_cat?post=33739"},{"taxonomy":"product_tag","embeddable":true,"href":"https:\/\/metal-badge.ch\/it\/wp-json\/wp\/v2\/product_tag?post=33739"}],"curies":[{"name":"wp","href":"https:\/\/api.w.org\/{rel}","templated":true}]}}