{"id":32070,"date":"2016-01-04T15:08:15","date_gmt":"2016-01-04T15:08:15","guid":{"rendered":"https:\/\/shop.metal-badge.ch\/?product=patroleyes-hd-1080p-body-camera-police-multifunzionale-con-grandangolo"},"modified":"2025-08-09T02:57:35","modified_gmt":"2025-08-09T00:57:35","slug":"patroleyes-hd-1080p-body-camera-police-multifunzionale-con-grandangolo","status":"publish","type":"product","link":"https:\/\/metal-badge.ch\/it\/product\/32070\/patroleyes-hd-1080p-body-camera-police-multifunzionale-con-grandangolo\/","title":{"rendered":"PatrolEyes HD 1080P Body Camera Police multifunzionale con grandangolo"},"content":{"rendered":"<p><a class=\"fancybox\" href=\"\/shop\/images\/added_images\/PatrolEyesHD1080P.jpg\"><img decoding=\"async\" src=\"\/shop\/images\/added_images\/PatrolEyesHD1080P.jpg\" style=\"height:auto; width:100%\" alt=\"\"><\/a> <a class=\"fancybox\" href=\"\/shop\/images\/added_images\/PatrolEyesHD1080P_2.jpg\"><img decoding=\"async\" src=\"\/shop\/images\/added_images\/PatrolEyesHD1080P_2.jpg\" style=\"height:auto; width:100%\" alt=\"\"><\/a> <a class=\"fancybox\" href=\"\/shop\/images\/added_images\/PatrolEyesHD1080P_3IT.jpg\"><img decoding=\"async\" src=\"\/shop\/images\/added_images\/PatrolEyesHD1080P_3IT.jpg\" style=\"height:auto; width:100%\" alt=\"\"><\/a><\/p>\n<div class=\"videoWrapper\"><iframe frameborder=\"0\" height=\"315\" src=\"https:\/\/www.youtube.com\/embed\/_TPRniLu4U4\" width=\"560\"><\/iframe><\/div>\n<p>PatrolEyes HD \u00e9 stata progettata e realizzata si dall\u2019inizio per essere utilizzata da personale di sorveglianza e per dipartimenti di polizia con un numero di accessori opzionali (come richiesto sotto). Inizia adesso, limita la tua responsabilit\u00e0 avendo sempre una prova video in caso di bisogno!<\/p>\n<h3>PatrolEyes HD 1080P Body Camera Police multifunzionale con grandangolo CHF 295.00<\/h3>\n<h3>Accessori Patrol Eyes<\/h3>\n<table>\n<tbody>\n<tr>\n<td style=\"width:80%\">PatrolEyes HD Police set caricatore e trasferimento dati<\/td>\n<td style=\"text-align:right\">CHF 399.00<\/td>\n<\/tr>\n<tr>\n<td>PatrolEyes HD ventosa per montaggio sul vetro della macchina<\/td>\n<td style=\"text-align:right\">CHF 99.00<\/td>\n<\/tr>\n<tr>\n\t\t<\/tr>\n<tr>\n<td>PatrolEyes cavo Walkie Talkie (per modelli Motorola 328 338 GP3688 GP2000 P8200 XTS 5000)<\/td>\n<td style=\"text-align:right\">CHF 65.00<\/td>\n<\/tr>\n<tr>\n<td>PatrolEyes HD 480 Res bottone per camera nascosto<\/td>\n<td style=\"text-align:right\">CHF 99.00<\/td>\n<\/tr>\n<tr>\n<td>PatrolEyes HD adattatore<\/td>\n<td style=\"text-align:right\">CHF 65.00<\/td>\n<\/tr>\n<\/tbody>\n<\/table>\n<h3>PatrolEyes HD 1080P Body Camera Police ad infrarossi con grandangolo<\/h3>\n<p>La prima police body camera HD al mondo ad infrarossi con grandangolo \u00e8 qui!<br \/>\nLa PatrolEyes HD pensata per le forze dell\u2019ordine si porta addosso, \u00e8 ad alta definizione e registra realmente in qualit\u00e0 HD 1080p. Con la sua lente a grandangolo a 140 gradi o a 170 gradi in modalit\u00e0 480p e 16GB o 32GB di memoria pu\u00f2 effettuare ore di filmati. Premendo un singolo bottone la registrazione parte anche se la camera \u00e8 spenta. Il monitor a LCD integrato consente di rivedere video, foto e di ascoltare registrazioni audio sul posto. La Patrol Eyes HD ha 3 indicatori (vibrazione, luce LED e suono) per confermare lo start\/stop della registrazione e ha una filigrana integrata che non pu\u00f2 essere manipolata.<\/p>\n<h3>Particolarit\u00e0:<\/h3>\n<h3>Alta definizione a 1080 Pixel reale<\/h3>\n<p>L\u2019obiettivo a grandangolo di questa camera con la possibilit\u00e0 di una registrazione cristallina di video a 1080 Pixel HD per ogni dettaglio.<\/p>\n<h3>Lunga durata della batteria<\/h3>\n<p>8 ore di registrazione senza ricarica!<\/p>\n<h3>Camera a 16 Megapixel<\/h3>\n<p>La camera a 16MP ha la possibilit\u00e0 di effettuare fotografie in serie di 3 o 5. Nella memoria integrata si possono salvare istantaneamente migliaia di fotografie ad elevata risoluzione. Si possono anche fare degli scatti durante la registrazione.<\/p>\n<h3>Procedura One Touch<\/h3>\n<p>Premi semplicemente il tasto per la registrazione per andare automaticamente nel modo di videoregistrazione.<\/p>\n<h3>Registrazione prima e dopo l\u2019evento<\/h3>\n<p>Registra dei video di 10 secondi prima e dopo il momento in cui premi il tasto per la registrazione in modo da non perdere alcun attimo.<\/p>\n<h3>Optione di visione notturna<\/h3>\n<p>I doppi led ad infrarossi integrati possono essere accesi o spenti premendo un tasto. Riprende fino ad una distanza di 9,14 metri in assoluta assenza di luce!<\/p>\n<h3>Orario\/data\/ segnale ID<\/h3>\n<p>\u00c8 presente l\u2019opzione di inserimento data, orario e numero di riferimento del poliziotto non manipolabili. La registrazione pu\u00f2 anche essere protetta tramite password.<\/p>\n<h3>Possibilit\u00e0 di supporto camera esterna<\/h3>\n<p>Supporta l\u2019utilizzo di un bottone a 5V per utilizzi nascosti.<\/p>\n<h3>Visione esterna<\/h3>\n<p>Lo schermo a colori a 2&#8243; LCD con un microfono incorporato permetta di vedere immediatamente i video e di sentire le registrazioni audio. Con uscita AV Out ed la presa per un microfono HDMI i dati possono essere visti su uno schermo pi\u00f9 grande.<\/p>\n<h3>Sistema di registrazione dell\u2019apparecchio<\/h3>\n<p>Quando invii dei video, i dati hanno un loro ID personale unico. Riponi i tuoi dati, video e foto in maniera organizzata in cartelle in modo da trovare facilmente il materiale prova di cui hai bisogno!<\/p>\n<h3>Puntatore laser<\/h3>\n<p>Premendo un tasto un laser rosso pu\u00f2 puntare gli oggetti per ottenere la migliore posizione.<\/p>\n<h3>Walkie Talkie (funzione PTT)<\/h3>\n<p>Questa funzione PTT (premere per parlare) con un comodo cavo permette di rimpiazzare il microfono sulla spalla e di connettere la PatrolEyes HD con il tuo walkie Talkie.<br \/>\nIl PTT Walkie Talkie supporta tanti modelli.<\/p>\n<h3>Registrazione continua<\/h3>\n<p>Registrazione senza interruzioni e senza disturbo anche quando si passa da camera a braccio ad una camera sul corpo.<\/p>\n<h3>Rivestimento ad alta prestazione<\/h3>\n<p>Resistente alle intemperie e a cadute fino a 3 metri!<\/p>\n<h3>GPS<\/h3>\n<p>Segui il tuo posizionamento GPS utilizzando un adattatore ed il software. Le coordinate GPS vengono riportate anche nel file video.<\/p>\n<h3>3G Streaming<\/h3>\n<p>Prossimamente disponibile!<br \/>\nInvia live videos tramite un trasmettitore senza fili 3G ad ogni apparecchio compatibile.<\/p>\n<h3>Specificazioni<\/h3>\n<p>\u2022 Memoria dati: 16GB o 32GB<br \/>\n\u2022 Frequenza di riproduzione immagine: 30pfs-60fps<br \/>\n\u2022 Video Bitrate: 2.5 Mb\/s<br \/>\n\u2022 Video Format: .mov<br \/>\n\u2022 IR LED: 2 &#8211; 850NM IR LEDs<br \/>\n\u2022 Campo visivo: grandangolo\u00a0 a 140\u00b0 (170\u00b0 modalit\u00e0 480p)<br \/>\n\u2022 Potenza batteria: 2800 mAh<br \/>\n\u2022 Uscite: USB 2.0 \/ micro HDMI \/ AV IN \/ AV OUT<br \/>\n\u2022 Dimensioni: 94x61x31mm<br \/>\n\u2022 Peso: 175g<br \/>\n\u2022 Temperatura di funzionamento: -40-60\u00b0C<br \/>\n\u2022 Umidit\u00e0 relativa: 40%-80%<br \/>\n\u2022 Temperatura memoria: -20-55\u00b0C<br \/>\n\u2022 Resistenza alla caduta: 2 metri<br \/>\n\u2022 Tempo di caricamento completo: 180 minuti<br \/>\n\u2022 Durata in stand-by: 800 minuti<br \/>\n\u2022 Resistenza alle intemperie: IP57<br \/>\n\u2022 Memoria video:<br \/>\n\u00a0 1080p @30fps (1ora di materiale visivo=5GB)<br \/>\n\u00a0 720p @30fps (1 ora di materiale visivo=3.6GB)<br \/>\n\u00a0 480p @30\/60fps (1 ora di materiale visivo =2.1GB)<br \/>\n\u2022 Specifiche durata della batteria:<br \/>\n\u00a0 480P: 8 ore<br \/>\n\u00a0 780P: 7.5 ore<br \/>\n\u00a0 1080P: 6.5 ore<\/p>\n<h3>Incluso:<\/h3>\n<p>\u2022 PatrolEyes HD<br \/>\n\u2022 Clip rivoltabile per il corpo in metallo<br \/>\n\u2022 Cavo USB<br \/>\n\u2022 Carica batterie USB a parete<br \/>\n\u2022 Carica batterie USB per auto<br \/>\n\u2022 Libretto di istruzioni<br \/>\n\u2022 1 anno di garanzia<\/p>\n","protected":false},"excerpt":{"rendered":"<p>PatrolEyes HD \u00e9 stata progettata e realizzata si dall\u2019inizio per essere utilizzata da personale di sorveglianza e per dipartimenti di polizia con un numero di accessori opzionali (come richiesto sotto). Inizia adesso, limita la tua responsabilit\u00e0 avendo sempre una prova video in caso di bisogno! PatrolEyes HD 1080P Body Camera Police multifunzionale con grandangolo CHF [&hellip;]<\/p>\n","protected":false},"featured_media":90552,"comment_status":"open","ping_status":"closed","template":"","meta":{"inline_featured_image":false},"product_brand":[],"product_cat":[1711],"product_tag":[1770,1774,1778,1782,1766],"class_list":{"0":"post-32070","1":"product","2":"type-product","3":"status-publish","4":"has-post-thumbnail","6":"product_cat-fotocamere-dash-cams","7":"product_tag-army-survival-it","8":"product_tag-caccia-pesca","9":"product_tag-campeggio-viaggio","10":"product_tag-polizia-sicurezza","11":"product_tag-sport-outdoor-it","13":"first","14":"outofstock","15":"taxable","16":"shipping-taxable","17":"purchasable","18":"product-type-simple"},"_links":{"self":[{"href":"https:\/\/metal-badge.ch\/it\/wp-json\/wp\/v2\/product\/32070","targetHints":{"allow":["GET"]}}],"collection":[{"href":"https:\/\/metal-badge.ch\/it\/wp-json\/wp\/v2\/product"}],"about":[{"href":"https:\/\/metal-badge.ch\/it\/wp-json\/wp\/v2\/types\/product"}],"replies":[{"embeddable":true,"href":"https:\/\/metal-badge.ch\/it\/wp-json\/wp\/v2\/comments?post=32070"}],"wp:featuredmedia":[{"embeddable":true,"href":"https:\/\/metal-badge.ch\/it\/wp-json\/wp\/v2\/media\/90552"}],"wp:attachment":[{"href":"https:\/\/metal-badge.ch\/it\/wp-json\/wp\/v2\/media?parent=32070"}],"wp:term":[{"taxonomy":"product_brand","embeddable":true,"href":"https:\/\/metal-badge.ch\/it\/wp-json\/wp\/v2\/product_brand?post=32070"},{"taxonomy":"product_cat","embeddable":true,"href":"https:\/\/metal-badge.ch\/it\/wp-json\/wp\/v2\/product_cat?post=32070"},{"taxonomy":"product_tag","embeddable":true,"href":"https:\/\/metal-badge.ch\/it\/wp-json\/wp\/v2\/product_tag?post=32070"}],"curies":[{"name":"wp","href":"https:\/\/api.w.org\/{rel}","templated":true}]}}