{"id":30779,"date":"2015-10-06T11:48:40","date_gmt":"2015-10-06T11:48:40","guid":{"rendered":"https:\/\/shop.metal-badge.ch\/?product=crkt-outdoor-survival-knife"},"modified":"2024-07-25T07:49:43","modified_gmt":"2024-07-25T05:49:43","slug":"crkt-outdoor-survival-knife","status":"publish","type":"product","link":"https:\/\/metal-badge.ch\/it\/product\/30779\/crkt-outdoor-survival-knife\/","title":{"rendered":"CRKT Outdoor Survival Knife"},"content":{"rendered":"<p>Marca: CRKT <br \/>\nTipo: coltello a lama fissa<br \/>\nColore: argento opaco<br \/>\nLunghezza totale: 30.5 cm<br \/>\nLunghezza manico:  13.5 cm<br \/>\nManico: micarta<br \/>\nSpessore manico: 2.4 cm<br \/>\nLunghezza lama: 17.0 cm <br \/>\nSpessore lama:  3.8 mm<br \/>\nLarghezza lama: 3.8 cm<br \/>\nPeso:  340 gr. <br \/>\nLama: acciaio 440 C<br \/>\nSpessore lama:  58 HRC<\/p>\n<p>Questo coltello a lama fissa \u00e8 ideale per i cacciatori per attivit\u00e0 outdoor. Con sega e lama, il manico \u00e8 in materiala ABS micarta che \u00e8 costituito da fibre in lega di materiali plastici. Nella confezioni sono inclusi anche un fodero in ABS e nylon con cordicella ed una tasca esterna. Con passante per la cintura.<\/p>\n","protected":false},"excerpt":{"rendered":"<p>Marca: CRKT Tipo: coltello a lama fissa Colore: argento opaco Lunghezza totale: 30.5 cm Lunghezza manico: 13.5 cm Manico: micarta Spessore manico: 2.4 cm Lunghezza lama: 17.0 cm Spessore lama: 3.8 mm Larghezza lama: 3.8 cm Peso: 340 gr. Lama: acciaio 440 C Spessore lama: 58 HRC Questo coltello a lama fissa \u00e8 ideale per [&hellip;]<\/p>\n","protected":false},"featured_media":90758,"comment_status":"open","ping_status":"closed","template":"","meta":{"inline_featured_image":false},"product_brand":[],"product_cat":[1348,1036],"product_tag":[1770,1774,1766],"class_list":{"0":"post-30779","1":"product","2":"type-product","3":"status-publish","4":"has-post-thumbnail","6":"product_cat-accessori-per-esercito-caccia","7":"product_cat-coltelli-machete","8":"product_tag-army-survival-it","9":"product_tag-caccia-pesca","10":"product_tag-sport-outdoor-it","12":"first","13":"instock","14":"taxable","15":"shipping-taxable","16":"purchasable","17":"product-type-simple"},"_links":{"self":[{"href":"https:\/\/metal-badge.ch\/it\/wp-json\/wp\/v2\/product\/30779","targetHints":{"allow":["GET"]}}],"collection":[{"href":"https:\/\/metal-badge.ch\/it\/wp-json\/wp\/v2\/product"}],"about":[{"href":"https:\/\/metal-badge.ch\/it\/wp-json\/wp\/v2\/types\/product"}],"replies":[{"embeddable":true,"href":"https:\/\/metal-badge.ch\/it\/wp-json\/wp\/v2\/comments?post=30779"}],"wp:featuredmedia":[{"embeddable":true,"href":"https:\/\/metal-badge.ch\/it\/wp-json\/wp\/v2\/media\/90758"}],"wp:attachment":[{"href":"https:\/\/metal-badge.ch\/it\/wp-json\/wp\/v2\/media?parent=30779"}],"wp:term":[{"taxonomy":"product_brand","embeddable":true,"href":"https:\/\/metal-badge.ch\/it\/wp-json\/wp\/v2\/product_brand?post=30779"},{"taxonomy":"product_cat","embeddable":true,"href":"https:\/\/metal-badge.ch\/it\/wp-json\/wp\/v2\/product_cat?post=30779"},{"taxonomy":"product_tag","embeddable":true,"href":"https:\/\/metal-badge.ch\/it\/wp-json\/wp\/v2\/product_tag?post=30779"}],"curies":[{"name":"wp","href":"https:\/\/api.w.org\/{rel}","templated":true}]}}