{"id":30769,"date":"2015-10-06T11:32:24","date_gmt":"2015-10-06T11:32:24","guid":{"rendered":"https:\/\/shop.metal-badge.ch\/?product=gerber-hunting-knife-bear-grylls"},"modified":"2024-12-30T16:51:10","modified_gmt":"2024-12-30T15:51:10","slug":"gerber-hunting-knife-bear-grylls","status":"publish","type":"product","link":"https:\/\/metal-badge.ch\/it\/product\/30769\/gerber-hunting-knife-bear-grylls\/","title":{"rendered":"Gerber Hunting knife Bear Grylls"},"content":{"rendered":"<p><img decoding=\"async\" src=\"https:\/\/metal-badge.ch\/wp-content\/uploads\/content\/Banner_62_91_55_2nd.jpg\" style=\"width: 100%; height: auto; padding-bottom: 1em;\" alt=\"\"><br \/>\nMarca: Gerber<br \/>\nTipo: coltello a lama fissa<br \/>\nColore manico: arancione, gomma grigia, plastica <br \/>\nLunghezza totale: 25 cm<br \/>\nLunghezza manico:  13 cm<br \/>\nSpessore manico: 1.7 cm<br \/>\nLunghezza lama: 12 cm <br \/>\nSpessore lama: 4.0 mm<br \/>\nLarghezza lama: 2.9 cm<br \/>\nPeso:  252 gr. <br \/>\nLama: titanio e acciaio inossidabile<br \/>\nSpessore lama:  AUS-8A<\/p>\n<p>Il famoso coltello Gerber della trasmissione BEAR GRYLLS. Sia per il campeggio che per le escursioni di pesca o per la cassia il coltello Gerber Bear Grylls Survival si dimostra sempre un utile ed affidabile attrezzo. Diversi buchi presenti sul manico consentono di trasportarlo in molti modi. Molto utile l\u2019accessorio che serve per accendere il fuoco, per affilare e come fischietto.<br \/>\nQuesto coltello a lama fissa \u00e8 ideale per la sopravvivenza in attivit\u00e0 outdoor. Con sega e lama. Il manico \u00e8 in gomma ergonomica ricoperta da plastica. Nella confezione \u00e8 incluso anche il fodero che all\u2019esterno \u00e8 di nylon\/plastica. Presenti anche un set per affilarlo e passanti per la cintura.<br \/>\n<br \/>\n<a href=\"https:\/\/metal-badge.ch\/wp-content\/uploads\/2020\/10\/62_91_55_schleifstein_large.jpg\" class=\"fresco\"><img decoding=\"async\" src=\"https:\/\/metal-badge.ch\/wp-content\/uploads\/content\/62_91_55_schleifstein_thumb.jpg\" alt=\"\"><\/a><\/p>\n","protected":false},"excerpt":{"rendered":"<p>Marca: Gerber Tipo: coltello a lama fissa Colore manico: arancione, gomma grigia, plastica Lunghezza totale: 25 cm Lunghezza manico: 13 cm Spessore manico: 1.7 cm Lunghezza lama: 12 cm Spessore lama: 4.0 mm Larghezza lama: 2.9 cm Peso: 252 gr. Lama: titanio e acciaio inossidabile Spessore lama: AUS-8A Il famoso coltello Gerber della trasmissione BEAR [&hellip;]<\/p>\n","protected":false},"featured_media":72031,"comment_status":"open","ping_status":"closed","template":"","meta":{"inline_featured_image":false},"product_brand":[],"product_cat":[1348,1036],"product_tag":[1770,1774,1859,1766],"class_list":{"0":"post-30769","1":"product","2":"type-product","3":"status-publish","4":"has-post-thumbnail","6":"product_cat-accessori-per-esercito-caccia","7":"product_cat-coltelli-machete","8":"product_tag-army-survival-it","9":"product_tag-caccia-pesca","10":"product_tag-gerber-it","11":"product_tag-sport-outdoor-it","13":"first","14":"outofstock","15":"taxable","16":"shipping-taxable","17":"purchasable","18":"product-type-simple"},"_links":{"self":[{"href":"https:\/\/metal-badge.ch\/it\/wp-json\/wp\/v2\/product\/30769","targetHints":{"allow":["GET"]}}],"collection":[{"href":"https:\/\/metal-badge.ch\/it\/wp-json\/wp\/v2\/product"}],"about":[{"href":"https:\/\/metal-badge.ch\/it\/wp-json\/wp\/v2\/types\/product"}],"replies":[{"embeddable":true,"href":"https:\/\/metal-badge.ch\/it\/wp-json\/wp\/v2\/comments?post=30769"}],"wp:featuredmedia":[{"embeddable":true,"href":"https:\/\/metal-badge.ch\/it\/wp-json\/wp\/v2\/media\/72031"}],"wp:attachment":[{"href":"https:\/\/metal-badge.ch\/it\/wp-json\/wp\/v2\/media?parent=30769"}],"wp:term":[{"taxonomy":"product_brand","embeddable":true,"href":"https:\/\/metal-badge.ch\/it\/wp-json\/wp\/v2\/product_brand?post=30769"},{"taxonomy":"product_cat","embeddable":true,"href":"https:\/\/metal-badge.ch\/it\/wp-json\/wp\/v2\/product_cat?post=30769"},{"taxonomy":"product_tag","embeddable":true,"href":"https:\/\/metal-badge.ch\/it\/wp-json\/wp\/v2\/product_tag?post=30769"}],"curies":[{"name":"wp","href":"https:\/\/api.w.org\/{rel}","templated":true}]}}