{"id":30699,"date":"2015-06-17T14:18:04","date_gmt":"2015-06-17T14:18:04","guid":{"rendered":"https:\/\/shop.metal-badge.ch\/?product=torcia-segnaletica-rossa-lkk-3301"},"modified":"2015-06-17T15:53:35","modified_gmt":"2015-06-17T15:53:35","slug":"torcia-segnaletica-rossa-lkk-3301","status":"publish","type":"product","link":"https:\/\/metal-badge.ch\/it\/product\/30699\/torcia-segnaletica-rossa-lkk-3301\/","title":{"rendered":"Torcia segnaletica rossa LKK &#8211; 3301"},"content":{"rendered":"<p>Questa torcia ha tre diverse intensit\u00e0 di luminosit\u00e0: stroboscopica, sengaletica lieve e a luce piena. Il rivestimento di plastica rossa pu\u00f2 essere rimosso e la lampadina tascabile \u00e8 quindi pronta per l\u2019uso. Pertanto avete 2 prodotti in 1 (lampadina tascabile e torcia segnaletica). Il cono di luce \u00e8 molto forte con i suoi 70 lumi e la lampada viene alimentata da 3 batterie da 1.5 volt. La lunghezza totale \u00e8 di 28.5 cm. La lampada sola misura 14 cm. La superficie antiscivolo offre un\u2019ottima presa. <\/p>\n<p>Descrizione del prodotto:<br \/>\n3 batterie da 1.5 volt <br \/>\nDiametro: 34 mm<br \/>\nPeso: 100 gr. <br \/>\nLunghezza:  28.5 cm <\/p>\n","protected":false},"excerpt":{"rendered":"<p>Questa torcia ha tre diverse intensit\u00e0 di luminosit\u00e0: stroboscopica, sengaletica lieve e a luce piena. Il rivestimento di plastica rossa pu\u00f2 essere rimosso e la lampadina tascabile \u00e8 quindi pronta per l\u2019uso. Pertanto avete 2 prodotti in 1 (lampadina tascabile e torcia segnaletica). Il cono di luce \u00e8 molto forte con i suoi 70 lumi [&hellip;]<\/p>\n","protected":false},"featured_media":90776,"comment_status":"open","ping_status":"closed","template":"","meta":{"inline_featured_image":false},"product_brand":[],"product_cat":[1348,1344,1945],"product_tag":[1770,1774,1778,1766,1868],"class_list":{"0":"post-30699","1":"product","2":"type-product","3":"status-publish","4":"has-post-thumbnail","6":"product_cat-accessori-per-esercito-caccia","7":"product_cat-lampade-lampadina-tascabile","8":"product_cat-organizzazioni-a-luce-blu-sicurezza","9":"product_tag-army-survival-it","10":"product_tag-caccia-pesca","11":"product_tag-campeggio-viaggio","12":"product_tag-sport-outdoor-it","13":"product_tag-torcia-segnaletica","15":"first","16":"instock","17":"taxable","18":"shipping-taxable","19":"purchasable","20":"product-type-simple"},"_links":{"self":[{"href":"https:\/\/metal-badge.ch\/it\/wp-json\/wp\/v2\/product\/30699","targetHints":{"allow":["GET"]}}],"collection":[{"href":"https:\/\/metal-badge.ch\/it\/wp-json\/wp\/v2\/product"}],"about":[{"href":"https:\/\/metal-badge.ch\/it\/wp-json\/wp\/v2\/types\/product"}],"replies":[{"embeddable":true,"href":"https:\/\/metal-badge.ch\/it\/wp-json\/wp\/v2\/comments?post=30699"}],"wp:featuredmedia":[{"embeddable":true,"href":"https:\/\/metal-badge.ch\/it\/wp-json\/wp\/v2\/media\/90776"}],"wp:attachment":[{"href":"https:\/\/metal-badge.ch\/it\/wp-json\/wp\/v2\/media?parent=30699"}],"wp:term":[{"taxonomy":"product_brand","embeddable":true,"href":"https:\/\/metal-badge.ch\/it\/wp-json\/wp\/v2\/product_brand?post=30699"},{"taxonomy":"product_cat","embeddable":true,"href":"https:\/\/metal-badge.ch\/it\/wp-json\/wp\/v2\/product_cat?post=30699"},{"taxonomy":"product_tag","embeddable":true,"href":"https:\/\/metal-badge.ch\/it\/wp-json\/wp\/v2\/product_tag?post=30699"}],"curies":[{"name":"wp","href":"https:\/\/api.w.org\/{rel}","templated":true}]}}