{"id":30674,"date":"2015-06-17T11:36:17","date_gmt":"2015-06-17T11:36:17","guid":{"rendered":"https:\/\/shop.metal-badge.ch\/?product=camicia-nera-rip-stop"},"modified":"2020-12-22T16:41:58","modified_gmt":"2020-12-22T15:41:58","slug":"camicia-nera-rip-stop","status":"publish","type":"product","link":"https:\/\/metal-badge.ch\/it\/product\/30674\/camicia-nera-rip-stop\/","title":{"rendered":"Camicia nera Rip-Stop"},"content":{"rendered":"<p>Un favorito dal peso piuma. Realizzata in materiale resistente rip-stop. Due tasche sul petto con bottone aumentano il comfort. Questa camicia nera nella versione a maniche lunghe ha due laccetti all\u2019altezza delle ascelle. Il materiale rip-stop altamente resistente respinge lo sporco, l\u2019acqua e le macchie. La nostra camicia con un taglio dritto e comodo realizzata in cotone 100 % in versione rip-stop viene offerta con la scritta SECURITY cucita in bianco. La scritta \u00e8 presente sul colletto a destra e a sinistra cos\u00cd come sul petto a sinitra e sulle maniche da entrambi i lati. Per ordini superiori ai 10 pezzi \u00e8 possibile personalizzare le scritte. <\/p>\n<p>Prezzo CHF 85.- inclusa la scritta SECURITY<br \/> <br \/>\nPrezzo CHF 78.- senza scritta<\/p>\n","protected":false},"excerpt":{"rendered":"<p>Un favorito dal peso piuma. Realizzata in materiale resistente rip-stop. Due tasche sul petto con bottone aumentano il comfort. Questa camicia nera nella versione a maniche lunghe ha due laccetti all\u2019altezza delle ascelle. Il materiale rip-stop altamente resistente respinge lo sporco, l\u2019acqua e le macchie. La nostra camicia con un taglio dritto e comodo realizzata [&hellip;]<\/p>\n","protected":false},"featured_media":86918,"comment_status":"open","ping_status":"closed","template":"","meta":{"inline_featured_image":false},"product_brand":[],"product_cat":[1577],"product_tag":[1766],"class_list":{"0":"post-30674","1":"product","2":"type-product","3":"status-publish","4":"has-post-thumbnail","6":"product_cat-camicie","7":"product_tag-sport-outdoor-it","9":"first","10":"instock","11":"taxable","12":"shipping-taxable","13":"purchasable","14":"product-type-simple"},"_links":{"self":[{"href":"https:\/\/metal-badge.ch\/it\/wp-json\/wp\/v2\/product\/30674","targetHints":{"allow":["GET"]}}],"collection":[{"href":"https:\/\/metal-badge.ch\/it\/wp-json\/wp\/v2\/product"}],"about":[{"href":"https:\/\/metal-badge.ch\/it\/wp-json\/wp\/v2\/types\/product"}],"replies":[{"embeddable":true,"href":"https:\/\/metal-badge.ch\/it\/wp-json\/wp\/v2\/comments?post=30674"}],"wp:featuredmedia":[{"embeddable":true,"href":"https:\/\/metal-badge.ch\/it\/wp-json\/wp\/v2\/media\/86918"}],"wp:attachment":[{"href":"https:\/\/metal-badge.ch\/it\/wp-json\/wp\/v2\/media?parent=30674"}],"wp:term":[{"taxonomy":"product_brand","embeddable":true,"href":"https:\/\/metal-badge.ch\/it\/wp-json\/wp\/v2\/product_brand?post=30674"},{"taxonomy":"product_cat","embeddable":true,"href":"https:\/\/metal-badge.ch\/it\/wp-json\/wp\/v2\/product_cat?post=30674"},{"taxonomy":"product_tag","embeddable":true,"href":"https:\/\/metal-badge.ch\/it\/wp-json\/wp\/v2\/product_tag?post=30674"}],"curies":[{"name":"wp","href":"https:\/\/api.w.org\/{rel}","templated":true}]}}