{"id":30648,"date":"2015-06-17T10:55:05","date_gmt":"2015-06-17T10:55:05","guid":{"rendered":"https:\/\/shop.metal-badge.ch\/?product=penna-ww102-minicamera-hd-fino-a-16gb"},"modified":"2020-08-02T01:14:36","modified_gmt":"2020-08-02T01:14:36","slug":"penna-ww102-minicamera-hd-fino-a-16gb","status":"publish","type":"product","link":"https:\/\/metal-badge.ch\/it\/product\/30648\/penna-ww102-minicamera-hd-fino-a-16gb\/","title":{"rendered":"Penna WW102 Minicamera HD fino a 16GB"},"content":{"rendered":"<p>L\u2019oggetto giusto per una ripresa video inosservata \u2013 la \u201epenna\u201d ha una minicamera HD con funzione di registrazione. La penna con funzione foto e video integrata ed un microfono per la registrazione vocale.<br \/>\nLa mini lente della camera si trova sulla testa della penna. Facile da manovrare. Basta pressare sopra per attivare la registrazione audio. Durata della registrazione circa 90 Min. Durata della carica da 120 fino a circa 180 Min. La lente di 2 mm \u00e8 praticamente invisibile, pu\u00f2 anche essere utilizzata come penna USB. Nella confezione \u00e8 presente anche un cavo USB ed il caricatore oltre alle istruzioni. La scheda SD Micro (TF) non \u00e8 inclusa nella confezione.<br \/>\nLa mina della penna fuoriesce effettuando un monumento rotatorio. <br \/>\nColore di scrittura: nero. <\/p>\n<p>Descrizione del prodotto:<br \/>\nFacile da manovrare<br \/>\nPeso: 25 gr. <br \/>\nColore: nero\/argento <br \/>\nMicrofono: s\u00ec<br \/>\nVideo \/ Foto: s\u00cd <br \/>\nRisoluzione video: 1280*960 AVI <br \/>\nFormato video: AVI<br \/>\nCapacit\u00e0 di memoria fino a 16 GB<br \/>\nDimensioni: lunghezza 14.5 cm<br \/>\nDiametro: 1.02 cm<\/p>\n","protected":false},"excerpt":{"rendered":"<p>L\u2019oggetto giusto per una ripresa video inosservata \u2013 la \u201epenna\u201d ha una minicamera HD con funzione di registrazione. La penna con funzione foto e video integrata ed un microfono per la registrazione vocale. La mini lente della camera si trova sulla testa della penna. Facile da manovrare. Basta pressare sopra per attivare la registrazione audio. [&hellip;]<\/p>\n","protected":false},"featured_media":90786,"comment_status":"open","ping_status":"closed","template":"","meta":{"inline_featured_image":false},"product_brand":[],"product_cat":[1711],"product_tag":[1770,1774,1778,1782,1766],"class_list":{"0":"post-30648","1":"product","2":"type-product","3":"status-publish","4":"has-post-thumbnail","6":"product_cat-fotocamere-dash-cams","7":"product_tag-army-survival-it","8":"product_tag-caccia-pesca","9":"product_tag-campeggio-viaggio","10":"product_tag-polizia-sicurezza","11":"product_tag-sport-outdoor-it","13":"first","14":"instock","15":"taxable","16":"shipping-taxable","17":"purchasable","18":"product-type-simple"},"_links":{"self":[{"href":"https:\/\/metal-badge.ch\/it\/wp-json\/wp\/v2\/product\/30648","targetHints":{"allow":["GET"]}}],"collection":[{"href":"https:\/\/metal-badge.ch\/it\/wp-json\/wp\/v2\/product"}],"about":[{"href":"https:\/\/metal-badge.ch\/it\/wp-json\/wp\/v2\/types\/product"}],"replies":[{"embeddable":true,"href":"https:\/\/metal-badge.ch\/it\/wp-json\/wp\/v2\/comments?post=30648"}],"wp:featuredmedia":[{"embeddable":true,"href":"https:\/\/metal-badge.ch\/it\/wp-json\/wp\/v2\/media\/90786"}],"wp:attachment":[{"href":"https:\/\/metal-badge.ch\/it\/wp-json\/wp\/v2\/media?parent=30648"}],"wp:term":[{"taxonomy":"product_brand","embeddable":true,"href":"https:\/\/metal-badge.ch\/it\/wp-json\/wp\/v2\/product_brand?post=30648"},{"taxonomy":"product_cat","embeddable":true,"href":"https:\/\/metal-badge.ch\/it\/wp-json\/wp\/v2\/product_cat?post=30648"},{"taxonomy":"product_tag","embeddable":true,"href":"https:\/\/metal-badge.ch\/it\/wp-json\/wp\/v2\/product_tag?post=30648"}],"curies":[{"name":"wp","href":"https:\/\/api.w.org\/{rel}","templated":true}]}}