{"id":30591,"date":"2015-06-16T18:38:34","date_gmt":"2015-06-16T18:38:34","guid":{"rendered":"https:\/\/shop.metal-badge.ch\/?product=camicia-a-maniche-lunghe-casual-yveslous-in-colore-verde-oliva"},"modified":"2015-06-16T18:41:33","modified_gmt":"2015-06-16T18:41:33","slug":"camicia-a-maniche-lunghe-casual-yveslous-in-colore-verde-oliva","status":"publish","type":"product","link":"https:\/\/metal-badge.ch\/it\/product\/30591\/camicia-a-maniche-lunghe-casual-yveslous-in-colore-verde-oliva\/","title":{"rendered":"Camicia a maniche lunghe casual Yveslous in colore verde oliva"},"content":{"rendered":"<p>Camicia a maniche lunghe molto comoda e pratica. Questa camicia twill \u00e8 realizzata in puro cotone 100% e si indossa in maniera particolarmente comoda. Essa ha due tasche sul petto con bottone e due bande passanti sulle spalle. Questa camicia di colore verde oliva non passa mai di moda e pu\u00f2 essere abbinata perfettamente. Maniche rimboccabili con bottoni. La camicia ha una doppia cucitura ed \u00e8 molto resistente pertanto \u00e8 garantita una lunga durata. Forma classica.<\/p>\n","protected":false},"excerpt":{"rendered":"<p>Camicia a maniche lunghe molto comoda e pratica. Questa camicia twill \u00e8 realizzata in puro cotone 100% e si indossa in maniera particolarmente comoda. Essa ha due tasche sul petto con bottone e due bande passanti sulle spalle. Questa camicia di colore verde oliva non passa mai di moda e pu\u00f2 essere abbinata perfettamente. Maniche [&hellip;]<\/p>\n","protected":false},"featured_media":55699,"comment_status":"open","ping_status":"closed","template":"","meta":{"inline_featured_image":false},"product_brand":[],"product_cat":[1348,1577],"product_tag":[1770,1774,1766],"class_list":{"0":"post-30591","1":"product","2":"type-product","3":"status-publish","4":"has-post-thumbnail","6":"product_cat-accessori-per-esercito-caccia","7":"product_cat-camicie","8":"product_tag-army-survival-it","9":"product_tag-caccia-pesca","10":"product_tag-sport-outdoor-it","12":"first","13":"instock","14":"taxable","15":"shipping-taxable","16":"purchasable","17":"product-type-simple"},"_links":{"self":[{"href":"https:\/\/metal-badge.ch\/it\/wp-json\/wp\/v2\/product\/30591","targetHints":{"allow":["GET"]}}],"collection":[{"href":"https:\/\/metal-badge.ch\/it\/wp-json\/wp\/v2\/product"}],"about":[{"href":"https:\/\/metal-badge.ch\/it\/wp-json\/wp\/v2\/types\/product"}],"replies":[{"embeddable":true,"href":"https:\/\/metal-badge.ch\/it\/wp-json\/wp\/v2\/comments?post=30591"}],"wp:featuredmedia":[{"embeddable":true,"href":"https:\/\/metal-badge.ch\/it\/wp-json\/wp\/v2\/media\/55699"}],"wp:attachment":[{"href":"https:\/\/metal-badge.ch\/it\/wp-json\/wp\/v2\/media?parent=30591"}],"wp:term":[{"taxonomy":"product_brand","embeddable":true,"href":"https:\/\/metal-badge.ch\/it\/wp-json\/wp\/v2\/product_brand?post=30591"},{"taxonomy":"product_cat","embeddable":true,"href":"https:\/\/metal-badge.ch\/it\/wp-json\/wp\/v2\/product_cat?post=30591"},{"taxonomy":"product_tag","embeddable":true,"href":"https:\/\/metal-badge.ch\/it\/wp-json\/wp\/v2\/product_tag?post=30591"}],"curies":[{"name":"wp","href":"https:\/\/api.w.org\/{rel}","templated":true}]}}