{"id":30441,"date":"2015-05-14T11:54:05","date_gmt":"2015-05-14T11:54:05","guid":{"rendered":"https:\/\/shop.metal-badge.ch\/?product=walter-brend-fishing-und-hunting-knife"},"modified":"2015-05-15T16:58:10","modified_gmt":"2015-05-15T16:58:10","slug":"walter-brend-fishing-und-hunting-knife","status":"publish","type":"product","link":"https:\/\/metal-badge.ch\/it\/product\/30441\/walter-brend-fishing-und-hunting-knife\/","title":{"rendered":"&#8216;Walter Brend Fishing und Hunting knife&#8217;"},"content":{"rendered":"<p>Marca: Walter Brend<br \/>\nTipo: coltello a lama fissa <br \/>\nColore: mimetico <br \/>\nLunghezza totale: 22.7 cm<br \/>\nLunghezza manico:  11.5 cm<br \/>\nSpessore manico: 1.5 cm<br \/>\nLunghezza lama: 11.2 cm <br \/>\nSpessore lama: 4.8 mm<br \/>\nLarghezza lama: 3 cm<br \/>\nPeso:  300 gr. <br \/>\nLama: acciaio antiruggine AUS-8A<br \/>\nSpessore lama:  58 HRC<\/p>\n<p>Questo coltello a lama fissa \u00e8 ideale per pescatori e cacciatori in attivit\u00e0 di outdoor. Viene consegnato in un fodero in pelle nera bovina con un passante per la cintura. Il manico \u00e8 di Micarta, un materiale in fibra plastica.<\/p>\n","protected":false},"excerpt":{"rendered":"<p>Marca: Walter Brend Tipo: coltello a lama fissa Colore: mimetico Lunghezza totale: 22.7 cm Lunghezza manico: 11.5 cm Spessore manico: 1.5 cm Lunghezza lama: 11.2 cm Spessore lama: 4.8 mm Larghezza lama: 3 cm Peso: 300 gr. Lama: acciaio antiruggine AUS-8A Spessore lama: 58 HRC Questo coltello a lama fissa \u00e8 ideale per pescatori e [&hellip;]<\/p>\n","protected":false},"featured_media":90838,"comment_status":"open","ping_status":"closed","template":"","meta":{"inline_featured_image":false},"product_brand":[],"product_cat":[1348,1036],"product_tag":[1770,1774,1766],"class_list":{"0":"post-30441","1":"product","2":"type-product","3":"status-publish","4":"has-post-thumbnail","6":"product_cat-accessori-per-esercito-caccia","7":"product_cat-coltelli-machete","8":"product_tag-army-survival-it","9":"product_tag-caccia-pesca","10":"product_tag-sport-outdoor-it","12":"first","13":"instock","14":"taxable","15":"shipping-taxable","16":"purchasable","17":"product-type-simple"},"_links":{"self":[{"href":"https:\/\/metal-badge.ch\/it\/wp-json\/wp\/v2\/product\/30441","targetHints":{"allow":["GET"]}}],"collection":[{"href":"https:\/\/metal-badge.ch\/it\/wp-json\/wp\/v2\/product"}],"about":[{"href":"https:\/\/metal-badge.ch\/it\/wp-json\/wp\/v2\/types\/product"}],"replies":[{"embeddable":true,"href":"https:\/\/metal-badge.ch\/it\/wp-json\/wp\/v2\/comments?post=30441"}],"wp:featuredmedia":[{"embeddable":true,"href":"https:\/\/metal-badge.ch\/it\/wp-json\/wp\/v2\/media\/90838"}],"wp:attachment":[{"href":"https:\/\/metal-badge.ch\/it\/wp-json\/wp\/v2\/media?parent=30441"}],"wp:term":[{"taxonomy":"product_brand","embeddable":true,"href":"https:\/\/metal-badge.ch\/it\/wp-json\/wp\/v2\/product_brand?post=30441"},{"taxonomy":"product_cat","embeddable":true,"href":"https:\/\/metal-badge.ch\/it\/wp-json\/wp\/v2\/product_cat?post=30441"},{"taxonomy":"product_tag","embeddable":true,"href":"https:\/\/metal-badge.ch\/it\/wp-json\/wp\/v2\/product_tag?post=30441"}],"curies":[{"name":"wp","href":"https:\/\/api.w.org\/{rel}","templated":true}]}}