{"id":30427,"date":"2015-05-14T11:32:57","date_gmt":"2015-05-14T11:32:57","guid":{"rendered":"https:\/\/shop.metal-badge.ch\/?product=usmc-outdoor-survival-knife"},"modified":"2024-07-25T07:34:43","modified_gmt":"2024-07-25T05:34:43","slug":"usmc-outdoor-survival-knife","status":"publish","type":"product","link":"https:\/\/metal-badge.ch\/it\/product\/30427\/usmc-outdoor-survival-knife\/","title":{"rendered":"USMC Outdoor Survival Knife"},"content":{"rendered":"<p>Marca: USMC<br \/>\nTipo: coltello a lama fissa<br \/>\nColore: marrone \/ nero <br \/>\nLunghezza lama: 30.0 cm<br \/>\nLunghezza manico:  12.5 cm<br \/>\nSpessore manico: 2.5 cm<br \/>\nLunghezza lama: 17.5 cm <br \/>\nSpessore lama: 4.0 mm<br \/>\nLarghezza lama: 3.0 cm<br \/>\nPeso:  300 gr. <br \/>\nLama: nera rivestita di acciaio con carbonio 1095<br \/>\nSpessore lama:  55 HRC<\/p>\n<p>Questo coltello a lama fissa \u00e8 ideale per le attivit\u00e0 outdoor. Con lama e seghettatura. Il manico \u00e8 realizzato da cerchi di pelle legati. Viene offerto con un fodero in pelle bovina<\/p>\n","protected":false},"excerpt":{"rendered":"<p>Marca: USMC Tipo: coltello a lama fissa Colore: marrone \/ nero Lunghezza lama: 30.0 cm Lunghezza manico: 12.5 cm Spessore manico: 2.5 cm Lunghezza lama: 17.5 cm Spessore lama: 4.0 mm Larghezza lama: 3.0 cm Peso: 300 gr. Lama: nera rivestita di acciaio con carbonio 1095 Spessore lama: 55 HRC Questo coltello a lama fissa [&hellip;]<\/p>\n","protected":false},"featured_media":90842,"comment_status":"open","ping_status":"closed","template":"","meta":{"inline_featured_image":false},"product_brand":[],"product_cat":[1348,1036],"product_tag":[1770,1774,1766],"class_list":{"0":"post-30427","1":"product","2":"type-product","3":"status-publish","4":"has-post-thumbnail","6":"product_cat-accessori-per-esercito-caccia","7":"product_cat-coltelli-machete","8":"product_tag-army-survival-it","9":"product_tag-caccia-pesca","10":"product_tag-sport-outdoor-it","12":"first","13":"instock","14":"taxable","15":"shipping-taxable","16":"purchasable","17":"product-type-simple"},"_links":{"self":[{"href":"https:\/\/metal-badge.ch\/it\/wp-json\/wp\/v2\/product\/30427","targetHints":{"allow":["GET"]}}],"collection":[{"href":"https:\/\/metal-badge.ch\/it\/wp-json\/wp\/v2\/product"}],"about":[{"href":"https:\/\/metal-badge.ch\/it\/wp-json\/wp\/v2\/types\/product"}],"replies":[{"embeddable":true,"href":"https:\/\/metal-badge.ch\/it\/wp-json\/wp\/v2\/comments?post=30427"}],"wp:featuredmedia":[{"embeddable":true,"href":"https:\/\/metal-badge.ch\/it\/wp-json\/wp\/v2\/media\/90842"}],"wp:attachment":[{"href":"https:\/\/metal-badge.ch\/it\/wp-json\/wp\/v2\/media?parent=30427"}],"wp:term":[{"taxonomy":"product_brand","embeddable":true,"href":"https:\/\/metal-badge.ch\/it\/wp-json\/wp\/v2\/product_brand?post=30427"},{"taxonomy":"product_cat","embeddable":true,"href":"https:\/\/metal-badge.ch\/it\/wp-json\/wp\/v2\/product_cat?post=30427"},{"taxonomy":"product_tag","embeddable":true,"href":"https:\/\/metal-badge.ch\/it\/wp-json\/wp\/v2\/product_tag?post=30427"}],"curies":[{"name":"wp","href":"https:\/\/api.w.org\/{rel}","templated":true}]}}