{"id":30418,"date":"2015-05-14T11:24:59","date_gmt":"2015-05-14T11:24:59","guid":{"rendered":"https:\/\/shop.metal-badge.ch\/?product=sr-b428-camouflage-folding-knife-military-version"},"modified":"2020-08-02T01:12:20","modified_gmt":"2020-08-02T01:12:20","slug":"sr-b428-camouflage-folding-knife-military-version","status":"publish","type":"product","link":"https:\/\/metal-badge.ch\/it\/product\/30418\/sr-b428-camouflage-folding-knife-military-version\/","title":{"rendered":"SR-B428 Camouflage Folding Knife Military Version"},"content":{"rendered":"<p>Marca: SR Columbia<br \/>\nTipo: coltello pieghevole<br \/>\nColore: mimetico militare <br \/>\nLunghezza totale: 17.5 cm<br \/>\nLunghezza manico: 10.2 cm<br \/>\nSpessore manico: 1.6 cm<br \/>\nLunghezza della lama: 7.3 cm<br \/>\nSpessore della lama: 0.2 cm<br \/>\nLarghezza della lama: 2.8 cm nella parte pi\u00f9 larga<br \/>\nSpessore della lama: 57 HRC<br \/>\nPeso: 130 gr. <br \/>\nCopri-impugnatura: alluminio in colore mimetico militare <br \/>\nLama: acciaio antiruggine 440 <\/p>\n<p>Questo coltello pieghevole pu\u00f2 essere comodamente fissato alla cintura grazie ad un clip. Il bloccaggio Frame-Lock pu\u00f2 essere disinnescato premendo la parte inferiore del manico. Il coltello con un look di colore militare mimetico \u00e8 l\u2019ideale accompagnatore di ogni cacciatore per attivit\u00e0 di aoutdoor. La lama pu\u00f2 essere piegata e bloccata. Nel volume di consegna \u00e8 inclusa una borsetta di nylon con un passante per la cinta.<\/p>\n","protected":false},"excerpt":{"rendered":"<p>Marca: SR Columbia Tipo: coltello pieghevole Colore: mimetico militare Lunghezza totale: 17.5 cm Lunghezza manico: 10.2 cm Spessore manico: 1.6 cm Lunghezza della lama: 7.3 cm Spessore della lama: 0.2 cm Larghezza della lama: 2.8 cm nella parte pi\u00f9 larga Spessore della lama: 57 HRC Peso: 130 gr. Copri-impugnatura: alluminio in colore mimetico militare Lama: [&hellip;]<\/p>\n","protected":false},"featured_media":90844,"comment_status":"open","ping_status":"closed","template":"","meta":{"inline_featured_image":false},"product_brand":[],"product_cat":[1348,1036],"product_tag":[1770,1774,1766],"class_list":{"0":"post-30418","1":"product","2":"type-product","3":"status-publish","4":"has-post-thumbnail","6":"product_cat-accessori-per-esercito-caccia","7":"product_cat-coltelli-machete","8":"product_tag-army-survival-it","9":"product_tag-caccia-pesca","10":"product_tag-sport-outdoor-it","12":"first","13":"instock","14":"taxable","15":"shipping-taxable","16":"purchasable","17":"product-type-simple"},"_links":{"self":[{"href":"https:\/\/metal-badge.ch\/it\/wp-json\/wp\/v2\/product\/30418","targetHints":{"allow":["GET"]}}],"collection":[{"href":"https:\/\/metal-badge.ch\/it\/wp-json\/wp\/v2\/product"}],"about":[{"href":"https:\/\/metal-badge.ch\/it\/wp-json\/wp\/v2\/types\/product"}],"replies":[{"embeddable":true,"href":"https:\/\/metal-badge.ch\/it\/wp-json\/wp\/v2\/comments?post=30418"}],"wp:featuredmedia":[{"embeddable":true,"href":"https:\/\/metal-badge.ch\/it\/wp-json\/wp\/v2\/media\/90844"}],"wp:attachment":[{"href":"https:\/\/metal-badge.ch\/it\/wp-json\/wp\/v2\/media?parent=30418"}],"wp:term":[{"taxonomy":"product_brand","embeddable":true,"href":"https:\/\/metal-badge.ch\/it\/wp-json\/wp\/v2\/product_brand?post=30418"},{"taxonomy":"product_cat","embeddable":true,"href":"https:\/\/metal-badge.ch\/it\/wp-json\/wp\/v2\/product_cat?post=30418"},{"taxonomy":"product_tag","embeddable":true,"href":"https:\/\/metal-badge.ch\/it\/wp-json\/wp\/v2\/product_tag?post=30418"}],"curies":[{"name":"wp","href":"https:\/\/api.w.org\/{rel}","templated":true}]}}