{"id":30134,"date":"2015-05-12T15:23:17","date_gmt":"2015-05-12T15:23:17","guid":{"rendered":"https:\/\/shop.metal-badge.ch\/?product=guanti-tattici-da-azione-sha-2"},"modified":"2019-04-16T08:54:54","modified_gmt":"2019-04-16T08:54:54","slug":"guanti-tattici-da-azione-sha-2","status":"publish","type":"product","link":"https:\/\/metal-badge.ch\/it\/product\/30134\/guanti-tattici-da-azione-sha-2\/","title":{"rendered":"Guanti tattici da azione SHA 2"},"content":{"rendered":"<p>Guanti tattici da azione di elevatissima qualit\u00e0. Realizzati in ecopelle, nylon e neoprene. La superficie esterna \u00e8 di ecopelle antiabrasione e rivestimento in gomma. I guanti hanno dei rinforzi sulle estremit\u00e0 delle dita. Chiusura sul polso con velcro. Dorso delle mani in neoprene. Forma che si adatta idealmente. Guanti jolly e confortevoli per un uso giornaliero.<\/p>\n<p><img decoding=\"async\" alt=\"Spritze\" class=\"spritze\" src=\"https:\/\/metal-badge.ch\/wp-content\/uploads\/content\/spritze_2nd.jpg\" \/> <img decoding=\"async\" alt=\"Gun\" class=\"gun\" src=\"\nhttps:\/\/metal-badge.ch\/wp-content\/uploads\/products-inline-content\/Einsatzhandschuhe_Gun.jpg\" \/> <img decoding=\"async\" alt=\"checked\" class=\"checked\" src=\"\nhttps:\/\/metal-badge.ch\/wp-content\/uploads\/products-inline-content\/checked.png\" \/><\/p>\n<p><img decoding=\"async\" alt=\"Size Chart\" class=\"size-chart\" src=\"https:\/\/metal-badge.ch\/wp-content\/uploads\/content\/Size_Chart_2nd.jpg\" \/><\/p>\n<h3>Descrizione del prodotto:<\/h3>\n<p>Materiale: ecopelle, neoprene<br \/>\nColore: nero<br \/>\nMisure: S \u2013 XL<br \/>\nProtezione dita rinforzata antiabrasione<br \/>\nRinforzi sul dito indice<br \/>\nProtezione esterna antiabrasione sul palmo<br \/>\nDorso in neoprene<br \/>\nChiusura al polso con velcro<br \/>\nForma che si adatta idealmente<\/p>\n","protected":false},"excerpt":{"rendered":"<p>Guanti tattici da azione di elevatissima qualit\u00e0. Realizzati in ecopelle, nylon e neoprene. La superficie esterna \u00e8 di ecopelle antiabrasione e rivestimento in gomma. I guanti hanno dei rinforzi sulle estremit\u00e0 delle dita. Chiusura sul polso con velcro. Dorso delle mani in neoprene. Forma che si adatta idealmente. Guanti jolly e confortevoli per un uso [&hellip;]<\/p>\n","protected":false},"featured_media":90910,"comment_status":"open","ping_status":"closed","template":"","meta":{"inline_featured_image":false},"product_brand":[],"product_cat":[1642],"product_tag":[1782,1766],"class_list":{"0":"post-30134","1":"product","2":"type-product","3":"status-publish","4":"has-post-thumbnail","6":"product_cat-guanti-guanti-da-azione","7":"product_tag-polizia-sicurezza","8":"product_tag-sport-outdoor-it","10":"first","11":"instock","12":"taxable","13":"shipping-taxable","14":"purchasable","15":"product-type-simple"},"_links":{"self":[{"href":"https:\/\/metal-badge.ch\/it\/wp-json\/wp\/v2\/product\/30134","targetHints":{"allow":["GET"]}}],"collection":[{"href":"https:\/\/metal-badge.ch\/it\/wp-json\/wp\/v2\/product"}],"about":[{"href":"https:\/\/metal-badge.ch\/it\/wp-json\/wp\/v2\/types\/product"}],"replies":[{"embeddable":true,"href":"https:\/\/metal-badge.ch\/it\/wp-json\/wp\/v2\/comments?post=30134"}],"wp:featuredmedia":[{"embeddable":true,"href":"https:\/\/metal-badge.ch\/it\/wp-json\/wp\/v2\/media\/90910"}],"wp:attachment":[{"href":"https:\/\/metal-badge.ch\/it\/wp-json\/wp\/v2\/media?parent=30134"}],"wp:term":[{"taxonomy":"product_brand","embeddable":true,"href":"https:\/\/metal-badge.ch\/it\/wp-json\/wp\/v2\/product_brand?post=30134"},{"taxonomy":"product_cat","embeddable":true,"href":"https:\/\/metal-badge.ch\/it\/wp-json\/wp\/v2\/product_cat?post=30134"},{"taxonomy":"product_tag","embeddable":true,"href":"https:\/\/metal-badge.ch\/it\/wp-json\/wp\/v2\/product_tag?post=30134"}],"curies":[{"name":"wp","href":"https:\/\/api.w.org\/{rel}","templated":true}]}}