{"id":28315,"date":"2015-01-28T08:57:43","date_gmt":"2015-01-28T08:57:43","guid":{"rendered":"https:\/\/shop.metal-badge.ch\/?product=thermos-in-acciaio"},"modified":"2015-01-28T09:02:10","modified_gmt":"2015-01-28T09:02:10","slug":"thermos-in-acciaio","status":"publish","type":"product","link":"https:\/\/metal-badge.ch\/it\/product\/28315\/thermos-in-acciaio\/","title":{"rendered":"Thermos in acciaio"},"content":{"rendered":"<p>Il rapporto qualit\u00e0 \/ prezzo \u00e8 quello giusto. <br \/>\nThermos con una doppia parete ed intercapedine vuota in acciaio inox verniciato a polvere con chiusura rapida e coperchio\/bicchiere combinato.<br \/>\nIndistruttibile thermos in acciaio inox. Il coperchio svitabile pu\u00f2 essere anche utilizzato come bicchiere. La chiusura a pressione \u201eOne Touch\u201c rende possibile un facile utilizzo. La doppia parete in acciaio rimane neutra al sapore e rende il Vostro caff\u00e8, th\u00e8 o vin brul\u00e8 caldo fino a 24 ore. \u00c8 ugualmente adatto a mantenere fresche le Vostre bevande. Il thermos \u00e8 dotato di una cordicella rimuovibile.<\/p>\n<h3>Descrizione del prodotto:<\/h3>\n<p>Capacit\u00e0: 1 litro <br \/>\nCapacit\u00e0 di isolamento da 12 fino 24 ore. <br \/>\nDimensioni: 275 x 93 mm<br \/>\nColore: argentato<br \/>\nPeso: 510 gr.<\/p>\n","protected":false},"excerpt":{"rendered":"<p>Il rapporto qualit\u00e0 \/ prezzo \u00e8 quello giusto. Thermos con una doppia parete ed intercapedine vuota in acciaio inox verniciato a polvere con chiusura rapida e coperchio\/bicchiere combinato. Indistruttibile thermos in acciaio inox. Il coperchio svitabile pu\u00f2 essere anche utilizzato come bicchiere. La chiusura a pressione \u201eOne Touch\u201c rende possibile un facile utilizzo. La doppia [&hellip;]<\/p>\n","protected":false},"featured_media":91702,"comment_status":"open","ping_status":"closed","template":"","meta":{"inline_featured_image":false},"product_brand":[],"product_cat":[1348,1276,1436],"product_tag":[1770,1774,1778,1766],"class_list":{"0":"post-28315","1":"product","2":"type-product","3":"status-publish","4":"has-post-thumbnail","6":"product_cat-accessori-per-esercito-caccia","7":"product_cat-bottiglie-padella-contenitore","8":"product_cat-campeggio-viaggio","9":"product_tag-army-survival-it","10":"product_tag-caccia-pesca","11":"product_tag-campeggio-viaggio","12":"product_tag-sport-outdoor-it","14":"first","15":"instock","16":"taxable","17":"shipping-taxable","18":"purchasable","19":"product-type-simple"},"_links":{"self":[{"href":"https:\/\/metal-badge.ch\/it\/wp-json\/wp\/v2\/product\/28315","targetHints":{"allow":["GET"]}}],"collection":[{"href":"https:\/\/metal-badge.ch\/it\/wp-json\/wp\/v2\/product"}],"about":[{"href":"https:\/\/metal-badge.ch\/it\/wp-json\/wp\/v2\/types\/product"}],"replies":[{"embeddable":true,"href":"https:\/\/metal-badge.ch\/it\/wp-json\/wp\/v2\/comments?post=28315"}],"wp:featuredmedia":[{"embeddable":true,"href":"https:\/\/metal-badge.ch\/it\/wp-json\/wp\/v2\/media\/91702"}],"wp:attachment":[{"href":"https:\/\/metal-badge.ch\/it\/wp-json\/wp\/v2\/media?parent=28315"}],"wp:term":[{"taxonomy":"product_brand","embeddable":true,"href":"https:\/\/metal-badge.ch\/it\/wp-json\/wp\/v2\/product_brand?post=28315"},{"taxonomy":"product_cat","embeddable":true,"href":"https:\/\/metal-badge.ch\/it\/wp-json\/wp\/v2\/product_cat?post=28315"},{"taxonomy":"product_tag","embeddable":true,"href":"https:\/\/metal-badge.ch\/it\/wp-json\/wp\/v2\/product_tag?post=28315"}],"curies":[{"name":"wp","href":"https:\/\/api.w.org\/{rel}","templated":true}]}}