{"id":28296,"date":"2015-01-27T10:39:34","date_gmt":"2015-01-27T10:39:34","guid":{"rendered":"https:\/\/shop.metal-badge.ch\/?product=tuta-mimetica-ghillie-foresta"},"modified":"2015-01-27T15:01:35","modified_gmt":"2015-01-27T15:01:35","slug":"tuta-mimetica-ghillie-foresta","status":"publish","type":"product","link":"https:\/\/metal-badge.ch\/it\/product\/28296\/tuta-mimetica-ghillie-foresta\/","title":{"rendered":"Tuta mimetica ghillie foresta"},"content":{"rendered":"<p>Una perfetta mimetizzazione ad un prezzo molto conveniente.<br \/>\nIl nome \u201eghillie suit\u201c risale ai guardiacaccia scozzesi delle Highlands che utilizzavano questa tuta per la caccia. Il ghillie suit \u00e8 perfettamente adatto a mimetizzarsi, nasconde la forma del corpo e lascia confondere la persona che lo indossa con l\u2019ambiente circostante. Totalmente insonoro. Per appostarsi in posizione offensiva o per fare delle perfette foto agli animali selvatici oltre che per la caccia, il ghillie suit offre il meglio nelle zone boscose, o con molta erba. Tessuto a rete repellente alla polvere trattato inoltre per essere ignifugo. Sistema ben progettato con un\u2019ottima lavorazione. Il set \u00e8 costituito da una giacca con copricapo \u201ecappuccio con finestrella a rete\u201c, un pantalone ed un copri arma. \u00c8 anche pratico che le singole parti si possono utilizzare singolarmente. La giacca ha dei bottoni automatici e si indossa molto facilmente. Il pantalone ha un elastico e delle fettucce sulla vita. Due aperture di facile accesso consentono di raggiungere le vere e proprie tasche dei pantaloni. L\u2019estremit\u00e0 inferiore dei pantaloni \u00e8 elastica e con degli automatici. In tal modo il pantalone pu\u00f2 essere indossato comodamente anche su degli stivali o scarpe ingombranti. Il set \u00e8 molto leggero, traspirante e comodo da indossare. Pratica anche la sacca in dotazione con tracolla. <\/p>\n<p>Le misure M-L sono adatte ad un\u2019altezza a partire da 165 cm e le XL-XXL a partire da 180 cm.<\/p>\n<p>Materiale: 60% polipropilene, 40% poliestere<br \/>\nColore: mimetico<br \/>\nPeso:  1420 gr.<\/p>\n","protected":false},"excerpt":{"rendered":"<p>Una perfetta mimetizzazione ad un prezzo molto conveniente. Il nome \u201eghillie suit\u201c risale ai guardiacaccia scozzesi delle Highlands che utilizzavano questa tuta per la caccia. Il ghillie suit \u00e8 perfettamente adatto a mimetizzarsi, nasconde la forma del corpo e lascia confondere la persona che lo indossa con l\u2019ambiente circostante. Totalmente insonoro. Per appostarsi in posizione [&hellip;]<\/p>\n","protected":false},"featured_media":91704,"comment_status":"open","ping_status":"closed","template":"","meta":{"inline_featured_image":false},"product_brand":[],"product_cat":[1348],"product_tag":[1770,1774],"class_list":{"0":"post-28296","1":"product","2":"type-product","3":"status-publish","4":"has-post-thumbnail","6":"product_cat-accessori-per-esercito-caccia","7":"product_tag-army-survival-it","8":"product_tag-caccia-pesca","10":"first","11":"instock","12":"taxable","13":"shipping-taxable","14":"purchasable","15":"product-type-simple"},"_links":{"self":[{"href":"https:\/\/metal-badge.ch\/it\/wp-json\/wp\/v2\/product\/28296","targetHints":{"allow":["GET"]}}],"collection":[{"href":"https:\/\/metal-badge.ch\/it\/wp-json\/wp\/v2\/product"}],"about":[{"href":"https:\/\/metal-badge.ch\/it\/wp-json\/wp\/v2\/types\/product"}],"replies":[{"embeddable":true,"href":"https:\/\/metal-badge.ch\/it\/wp-json\/wp\/v2\/comments?post=28296"}],"wp:featuredmedia":[{"embeddable":true,"href":"https:\/\/metal-badge.ch\/it\/wp-json\/wp\/v2\/media\/91704"}],"wp:attachment":[{"href":"https:\/\/metal-badge.ch\/it\/wp-json\/wp\/v2\/media?parent=28296"}],"wp:term":[{"taxonomy":"product_brand","embeddable":true,"href":"https:\/\/metal-badge.ch\/it\/wp-json\/wp\/v2\/product_brand?post=28296"},{"taxonomy":"product_cat","embeddable":true,"href":"https:\/\/metal-badge.ch\/it\/wp-json\/wp\/v2\/product_cat?post=28296"},{"taxonomy":"product_tag","embeddable":true,"href":"https:\/\/metal-badge.ch\/it\/wp-json\/wp\/v2\/product_tag?post=28296"}],"curies":[{"name":"wp","href":"https:\/\/api.w.org\/{rel}","templated":true}]}}