{"id":28226,"date":"2015-01-26T13:11:05","date_gmt":"2015-01-26T13:11:05","guid":{"rendered":"https:\/\/shop.metal-badge.ch\/?product=modellino-giocattolo-porsche-911-997-carrera-s-coupe-polizia-argento-blu"},"modified":"2015-01-26T13:11:59","modified_gmt":"2015-01-26T13:11:59","slug":"modellino-giocattolo-porsche-911-997-carrera-s-coupe-polizia-argento-blu","status":"publish","type":"product","link":"https:\/\/metal-badge.ch\/it\/product\/28226\/modellino-giocattolo-porsche-911-997-carrera-s-coupe-polizia-argento-blu\/","title":{"rendered":"Modellino \/ giocattolo Porsche 911 (997) Carrera S Coupe Polizia argento blu"},"content":{"rendered":"<p>Il modellino della Porsche 911 volante della polizia ist \u00e8 realizzato in scala 1:36. Le dimensioni del modellino sono: lunghezza 12.5 cm, larghezza 5 cm, altezza 4 cm, con un peso di 140 gr. questo modellino \u00e8 davvero una piccola attrazione. La \u00e8 in metallo, realizzato in lega di zinco con ruote in gomma e molto curato nei dettagli. Le portiere sono apribili.  Il modellino non \u00e8 soltanto ideato come decorazione ma pu\u00f2 essere utilizzato come giocattolo dai bambini, \u00e8 molto robusto. Dispone di una carica a frizione che consente di spostarsi autonomamente per circa 8 m in avanti. Viene consegnata con imbottitura all\u2019interno di una scatola. <\/p>\n<h3>Descrizione del prodotto:<\/h3>\n<p>Colore: argento \/ blu<br \/>\nCarica a frizione<br \/>\nScala: 1:36<br \/>\nPeso: 140 gr.<\/p>\n","protected":false},"excerpt":{"rendered":"<p>Il modellino della Porsche 911 volante della polizia ist \u00e8 realizzato in scala 1:36. Le dimensioni del modellino sono: lunghezza 12.5 cm, larghezza 5 cm, altezza 4 cm, con un peso di 140 gr. questo modellino \u00e8 davvero una piccola attrazione. La \u00e8 in metallo, realizzato in lega di zinco con ruote in gomma e [&hellip;]<\/p>\n","protected":false},"featured_media":91718,"comment_status":"open","ping_status":"closed","template":"","meta":{"inline_featured_image":false},"product_brand":[],"product_cat":[1212],"product_tag":[1790],"class_list":{"0":"post-28226","1":"product","2":"type-product","3":"status-publish","4":"has-post-thumbnail","6":"product_cat-bambini-divertimento","7":"product_tag-bambini-divertimento","9":"first","10":"instock","11":"taxable","12":"shipping-taxable","13":"purchasable","14":"product-type-simple"},"_links":{"self":[{"href":"https:\/\/metal-badge.ch\/it\/wp-json\/wp\/v2\/product\/28226","targetHints":{"allow":["GET"]}}],"collection":[{"href":"https:\/\/metal-badge.ch\/it\/wp-json\/wp\/v2\/product"}],"about":[{"href":"https:\/\/metal-badge.ch\/it\/wp-json\/wp\/v2\/types\/product"}],"replies":[{"embeddable":true,"href":"https:\/\/metal-badge.ch\/it\/wp-json\/wp\/v2\/comments?post=28226"}],"wp:featuredmedia":[{"embeddable":true,"href":"https:\/\/metal-badge.ch\/it\/wp-json\/wp\/v2\/media\/91718"}],"wp:attachment":[{"href":"https:\/\/metal-badge.ch\/it\/wp-json\/wp\/v2\/media?parent=28226"}],"wp:term":[{"taxonomy":"product_brand","embeddable":true,"href":"https:\/\/metal-badge.ch\/it\/wp-json\/wp\/v2\/product_brand?post=28226"},{"taxonomy":"product_cat","embeddable":true,"href":"https:\/\/metal-badge.ch\/it\/wp-json\/wp\/v2\/product_cat?post=28226"},{"taxonomy":"product_tag","embeddable":true,"href":"https:\/\/metal-badge.ch\/it\/wp-json\/wp\/v2\/product_tag?post=28226"}],"curies":[{"name":"wp","href":"https:\/\/api.w.org\/{rel}","templated":true}]}}