{"id":28215,"date":"2015-01-26T12:02:30","date_gmt":"2015-01-26T12:02:30","guid":{"rendered":"https:\/\/shop.metal-badge.ch\/?product=modellino-giocattolo-volante-della-polizia-bmw-535-i"},"modified":"2020-08-02T00:47:45","modified_gmt":"2020-08-02T00:47:45","slug":"modellino-giocattolo-volante-della-polizia-bmw-535-i","status":"publish","type":"product","link":"https:\/\/metal-badge.ch\/it\/product\/28215\/modellino-giocattolo-volante-della-polizia-bmw-535-i\/","title":{"rendered":"Modellino \/ giocattolo volante della Polizia BMW 535 i"},"content":{"rendered":"<p>Il modellino della BMW 535 i &#8216;Police Car&#8217; \u00e8 realizzato in scala 1:36. Le dimensioni del modellino sono: lunghezza 12.5 cm, larghezza 5 cm, altezza 4 cm, con un peso di 120 gr. questo modellino \u00e8 davvero una piccola attrazione. Questa BMW maggiolino \u00e8 in metallo, realizzato in lega di zinco con ruote in gomma e molto curato nei dettagli. Le portiere sono apribili.  Il modellino non \u00e8 soltanto ideato come decorazione ma pu\u00f2 essere utilizzato come giocattolo dai bambini, \u00e8 molto robusto. Dispone di una carica a frizione che consente di spostarsi autonomamente per circa 8 m in avanti. Viene consegnata con imbottitura all\u2019interno di una scatola.<\/p>\n<h3>Descrizione del prodotto:<\/h3>\n<p>Colore: argento \/ verde<br \/> <br \/>\nCarica a frizione<br \/> <br \/>\nScala: 1:36<br \/> <br \/>\nPeso: 120 gr.<\/p>\n","protected":false},"excerpt":{"rendered":"<p>Il modellino della BMW 535 i &#8216;Police Car&#8217; \u00e8 realizzato in scala 1:36. Le dimensioni del modellino sono: lunghezza 12.5 cm, larghezza 5 cm, altezza 4 cm, con un peso di 120 gr. questo modellino \u00e8 davvero una piccola attrazione. Questa BMW maggiolino \u00e8 in metallo, realizzato in lega di zinco con ruote in gomma [&hellip;]<\/p>\n","protected":false},"featured_media":91720,"comment_status":"open","ping_status":"closed","template":"","meta":{"inline_featured_image":false},"product_brand":[],"product_cat":[1212],"product_tag":[1790],"class_list":{"0":"post-28215","1":"product","2":"type-product","3":"status-publish","4":"has-post-thumbnail","6":"product_cat-bambini-divertimento","7":"product_tag-bambini-divertimento","9":"first","10":"instock","11":"taxable","12":"shipping-taxable","13":"purchasable","14":"product-type-simple"},"_links":{"self":[{"href":"https:\/\/metal-badge.ch\/it\/wp-json\/wp\/v2\/product\/28215","targetHints":{"allow":["GET"]}}],"collection":[{"href":"https:\/\/metal-badge.ch\/it\/wp-json\/wp\/v2\/product"}],"about":[{"href":"https:\/\/metal-badge.ch\/it\/wp-json\/wp\/v2\/types\/product"}],"replies":[{"embeddable":true,"href":"https:\/\/metal-badge.ch\/it\/wp-json\/wp\/v2\/comments?post=28215"}],"wp:featuredmedia":[{"embeddable":true,"href":"https:\/\/metal-badge.ch\/it\/wp-json\/wp\/v2\/media\/91720"}],"wp:attachment":[{"href":"https:\/\/metal-badge.ch\/it\/wp-json\/wp\/v2\/media?parent=28215"}],"wp:term":[{"taxonomy":"product_brand","embeddable":true,"href":"https:\/\/metal-badge.ch\/it\/wp-json\/wp\/v2\/product_brand?post=28215"},{"taxonomy":"product_cat","embeddable":true,"href":"https:\/\/metal-badge.ch\/it\/wp-json\/wp\/v2\/product_cat?post=28215"},{"taxonomy":"product_tag","embeddable":true,"href":"https:\/\/metal-badge.ch\/it\/wp-json\/wp\/v2\/product_tag?post=28215"}],"curies":[{"name":"wp","href":"https:\/\/api.w.org\/{rel}","templated":true}]}}