{"id":28193,"date":"2015-01-26T09:40:43","date_gmt":"2015-01-26T09:40:43","guid":{"rendered":"https:\/\/shop.metal-badge.ch\/?product=lamborghini-veneno-telecomandata-in-scala-118"},"modified":"2015-01-26T11:17:51","modified_gmt":"2015-01-26T11:17:51","slug":"lamborghini-veneno-telecomandata-in-scala-118","status":"publish","type":"product","link":"https:\/\/metal-badge.ch\/it\/product\/28193\/lamborghini-veneno-telecomandata-in-scala-118\/","title":{"rendered":"Lamborghini Veneno telecomandata in scala 1\/18"},"content":{"rendered":"<div class=\"img_wrapper\">\n<img decoding=\"async\" src=\"https:\/\/metal-badge.ch\/wp-content\/uploads\/content\/62_153_2_remote-car_2_551px_2nd.jpg\" alt=\"remote control car\" \/><br \/>\n<img decoding=\"async\" src=\"https:\/\/metal-badge.ch\/wp-content\/uploads\/content\/62_153_2_remote-car_3_551px_2nd.jpg\" alt=\"remote control car\" \/><br \/>\n<img decoding=\"async\" src=\"https:\/\/metal-badge.ch\/wp-content\/uploads\/content\/62_153_2_remote-car_5_551px_2nd.jpg\" alt=\"remote control car\" \/><br \/>\n<img decoding=\"async\" src=\"https:\/\/metal-badge.ch\/wp-content\/uploads\/content\/62_153_2_remote-car_6_551px_2nd.jpg\" alt=\"remote control car\" \/><br \/>\n<img decoding=\"async\" src=\"https:\/\/metal-badge.ch\/wp-content\/uploads\/content\/62_153_2_remote-car_7_551px_2nd.jpg\" alt=\"remote control car\" \/><br \/>\n<img decoding=\"async\" src=\"https:\/\/metal-badge.ch\/wp-content\/uploads\/content\/62_153_2_remote-car_8_551px_2nd.jpg\" alt=\"remote control car\" \/><br \/>\n<img decoding=\"async\" src=\"https:\/\/metal-badge.ch\/wp-content\/uploads\/content\/62_153_2_remote-car_9_551px_2nd.jpg\" alt=\"remote control car\" \/><br \/>\n<img decoding=\"async\" src=\"https:\/\/metal-badge.ch\/wp-content\/uploads\/content\/62_153_2_remote-car_11_551px_2nd.jpg\" alt=\"remote control car\" \/><br \/>\n<img decoding=\"async\" src=\"https:\/\/metal-badge.ch\/wp-content\/uploads\/content\/62_153_2_remote-car_10_551px_2nd.jpg\" alt=\"remote control car\" \/><br \/>\n<img decoding=\"async\" src=\"https:\/\/metal-badge.ch\/wp-content\/uploads\/content\/62_153_2_remote-car_12_551px_2nd.jpg\" alt=\"remote control car\" \/><br \/>\n<img decoding=\"async\" src=\"https:\/\/metal-badge.ch\/wp-content\/uploads\/content\/62_153_2_remote-car_1_551px_2nd.jpg\" alt=\"remote control car\" \/>\n<\/div>\n<p>Potrete dimostrare di essere il pilota della Lamborghini Veneno nell\u2019edizione U.S. Police e di padroneggiare questo bolide. L\u2019incredibile fedelt\u00e0 dei dettagli della riproduzione di questo leggendario veicolo che la maggior parte di noi pu\u00f2 solo vedere nei film holliwoodiani fa battere il cuore di chiunque sia appassionato di auto! I fari anteriori e posteriori si accendono durante la marcia. Il veicolo, grazie alla sua bellezza, \u00e8 persino adatto ad essere esposto in vetrina. Il modellino \u00e8 stato realizzato con estrema cura di ogni particolare. \u00c8 in scala 1:18 con delle gomme profilate ed una carrozzeria in ABS laccata. <br \/>\nNella confezione non sono incluse le batterie AA 1.5 V.<br \/>\nSono necessarie 2 batterie per il radiocomando e 4 batterie per la macchina. Dovete soltanto inserire le batterie e potete immediatamente partire a razzo. <\/p>\n<h3>Descrizione del prodotto:<\/h3>\n<p>Peso: 290 gr. <br \/>\nLunghezza: 26.5 cm<br \/>\nLarghezza: 11 cm<br \/>\nAltezza: 7.5 cm<br \/>\nColore: nero\/bianco<\/p>\n<div class=\"add_subtitle\">\n<h2>Lamborghini Veneno telecomandata in scala 1\/18<\/h2>\n<p><a class=\"smallText skypewrap\" onclick=\"return false;\" href=\"#\">[62_153_2]<\/a>\n<\/div>\n","protected":false},"excerpt":{"rendered":"<p>Potrete dimostrare di essere il pilota della Lamborghini Veneno nell\u2019edizione U.S. Police e di padroneggiare questo bolide. L\u2019incredibile fedelt\u00e0 dei dettagli della riproduzione di questo leggendario veicolo che la maggior parte di noi pu\u00f2 solo vedere nei film holliwoodiani fa battere il cuore di chiunque sia appassionato di auto! I fari anteriori e posteriori si [&hellip;]<\/p>\n","protected":false},"featured_media":28190,"comment_status":"open","ping_status":"closed","template":"","meta":{"inline_featured_image":false},"product_brand":[],"product_cat":[1212],"product_tag":[1790],"class_list":{"0":"post-28193","1":"product","2":"type-product","3":"status-publish","4":"has-post-thumbnail","6":"product_cat-bambini-divertimento","7":"product_tag-bambini-divertimento","9":"first","10":"instock","11":"taxable","12":"shipping-taxable","13":"purchasable","14":"product-type-simple"},"_links":{"self":[{"href":"https:\/\/metal-badge.ch\/it\/wp-json\/wp\/v2\/product\/28193","targetHints":{"allow":["GET"]}}],"collection":[{"href":"https:\/\/metal-badge.ch\/it\/wp-json\/wp\/v2\/product"}],"about":[{"href":"https:\/\/metal-badge.ch\/it\/wp-json\/wp\/v2\/types\/product"}],"replies":[{"embeddable":true,"href":"https:\/\/metal-badge.ch\/it\/wp-json\/wp\/v2\/comments?post=28193"}],"wp:featuredmedia":[{"embeddable":true,"href":"https:\/\/metal-badge.ch\/it\/wp-json\/wp\/v2\/media\/28190"}],"wp:attachment":[{"href":"https:\/\/metal-badge.ch\/it\/wp-json\/wp\/v2\/media?parent=28193"}],"wp:term":[{"taxonomy":"product_brand","embeddable":true,"href":"https:\/\/metal-badge.ch\/it\/wp-json\/wp\/v2\/product_brand?post=28193"},{"taxonomy":"product_cat","embeddable":true,"href":"https:\/\/metal-badge.ch\/it\/wp-json\/wp\/v2\/product_cat?post=28193"},{"taxonomy":"product_tag","embeddable":true,"href":"https:\/\/metal-badge.ch\/it\/wp-json\/wp\/v2\/product_tag?post=28193"}],"curies":[{"name":"wp","href":"https:\/\/api.w.org\/{rel}","templated":true}]}}