{"id":28188,"date":"2015-01-25T10:42:40","date_gmt":"2015-01-25T10:42:40","guid":{"rendered":"https:\/\/shop.metal-badge.ch\/?product=lamborghini-gallardo-lp560-4-edizione-polizia"},"modified":"2015-01-26T10:01:59","modified_gmt":"2015-01-26T10:01:59","slug":"lamborghini-gallardo-lp560-4-edizione-polizia","status":"publish","type":"product","link":"https:\/\/metal-badge.ch\/it\/product\/28188\/lamborghini-gallardo-lp560-4-edizione-polizia\/","title":{"rendered":"Lamborghini Gallardo LP560-4 edizione polizia"},"content":{"rendered":"<p>Potrete dimostrare di essere il pilota della Lamborghini Gallardo nell\u2019edizione U.S. Police e di padroneggiare questo bolide. L\u2019incredibile fedelt\u00e0 dei dettagli della riproduzione di questo leggendario veicolo che la maggior parte di noi pu\u00f2 solo vedere nei film holliwoodiani fa battere il cuore di chiunque sia appassionato di auto! I fari anteriori e posteriori si accendono durante la marcia. Il veicolo, grazie alla sua bellezza, \u00e8 persino adatto ad essere esposto in vetrina. Il modellino \u00e8 stato realizzato con estrema cura di ogni particolare. \u00c8 in scala 1:16 con delle gomme profilate ed una carrozzeria in ABS laccata.<br \/> <br \/>\nNella confezione non sono incluse le batterie AA 1.5 V.<br \/>\nSono necessarie 2 batterie per il radiocomando e 4 batterie per la macchina. Dovete soltanto inserire le batterie e potete immediatamente partire a razzo.<\/p>\n<h3>Descrizione del prodotto:<\/p>\n<h3>\nPeso: 385 gr.<br \/>\nColore: nero\/bianco <br \/>\nLunghezza: 25 cm<br \/>\nLarghezza: 11 cm<br \/>\nAltezza 7.5 cm<\/p>\n<div class=\"add_subtitle\">\n<h2>Lamborghini Gallardo LP560-4 edizione polizia<\/h2>\n<p><a class=\"smallText skypewrap\" onclick=\"return false;\" href=\"#\">[62_153_1]<\/a>\n<\/div>\n","protected":false},"excerpt":{"rendered":"<p>Potrete dimostrare di essere il pilota della Lamborghini Gallardo nell\u2019edizione U.S. Police e di padroneggiare questo bolide. L\u2019incredibile fedelt\u00e0 dei dettagli della riproduzione di questo leggendario veicolo che la maggior parte di noi pu\u00f2 solo vedere nei film holliwoodiani fa battere il cuore di chiunque sia appassionato di auto! I fari anteriori e posteriori si [&hellip;]<\/p>\n","protected":false},"featured_media":91724,"comment_status":"open","ping_status":"closed","template":"","meta":{"inline_featured_image":false},"product_brand":[],"product_cat":[1212],"product_tag":[1790],"class_list":{"0":"post-28188","1":"product","2":"type-product","3":"status-publish","4":"has-post-thumbnail","6":"product_cat-bambini-divertimento","7":"product_tag-bambini-divertimento","9":"first","10":"instock","11":"taxable","12":"shipping-taxable","13":"purchasable","14":"product-type-simple"},"_links":{"self":[{"href":"https:\/\/metal-badge.ch\/it\/wp-json\/wp\/v2\/product\/28188","targetHints":{"allow":["GET"]}}],"collection":[{"href":"https:\/\/metal-badge.ch\/it\/wp-json\/wp\/v2\/product"}],"about":[{"href":"https:\/\/metal-badge.ch\/it\/wp-json\/wp\/v2\/types\/product"}],"replies":[{"embeddable":true,"href":"https:\/\/metal-badge.ch\/it\/wp-json\/wp\/v2\/comments?post=28188"}],"wp:featuredmedia":[{"embeddable":true,"href":"https:\/\/metal-badge.ch\/it\/wp-json\/wp\/v2\/media\/91724"}],"wp:attachment":[{"href":"https:\/\/metal-badge.ch\/it\/wp-json\/wp\/v2\/media?parent=28188"}],"wp:term":[{"taxonomy":"product_brand","embeddable":true,"href":"https:\/\/metal-badge.ch\/it\/wp-json\/wp\/v2\/product_brand?post=28188"},{"taxonomy":"product_cat","embeddable":true,"href":"https:\/\/metal-badge.ch\/it\/wp-json\/wp\/v2\/product_cat?post=28188"},{"taxonomy":"product_tag","embeddable":true,"href":"https:\/\/metal-badge.ch\/it\/wp-json\/wp\/v2\/product_tag?post=28188"}],"curies":[{"name":"wp","href":"https:\/\/api.w.org\/{rel}","templated":true}]}}