{"id":28183,"date":"2015-01-23T11:14:14","date_gmt":"2015-01-23T11:14:14","guid":{"rendered":"https:\/\/shop.metal-badge.ch\/?product=parka-per-uomo-con-cappuccio-della-marca-afs-jeep"},"modified":"2022-12-12T16:54:48","modified_gmt":"2022-12-12T15:54:48","slug":"parka-per-uomo-con-cappuccio-della-marca-afs-jeep","status":"publish","type":"product","link":"https:\/\/metal-badge.ch\/it\/product\/28183\/parka-per-uomo-con-cappuccio-della-marca-afs-jeep\/","title":{"rendered":"Parka per uomo con cappuccio della marca AFS Jeep"},"content":{"rendered":"<div class=\"jacket_wrapper\">\n<img decoding=\"async\" src=\"https:\/\/metal-badge.ch\/wp-content\/uploads\/content\/Jacket_Dunkel_Gruen_Zelt_2nd.jpg\" alt=\"Parka \" \/><br \/>\n<img decoding=\"async\" src=\"https:\/\/metal-badge.ch\/wp-content\/uploads\/content\/Jacket_Dunkel_Gruen_div_2nd.jpg\" alt=\"Parka \" \/><br \/>\n<img decoding=\"async\" src=\"https:\/\/metal-badge.ch\/wp-content\/uploads\/content\/Jacket_Dunkel_Gruen_divAnsichten_2nd.jpg\" alt=\"Parka \" \/><\/p>\n<p>Questo parca \u00e8 realizzato in poliestere 100 % con un imbottitura di caldo pile. Protegge dal vento ed \u00e8 impermeabile, ideale anche per le stagioni di mezzo. Molto adatto ad outdoor, campeggio, caccia, escursioni, viaggi. Cerniera anteriore nascosta. La giacca della marca AFS Jeep con tanti accessori ed un design comodo e sportivo. Nella parte anteriorela giacca ha 4 ampie tasche facilmente raggiungibili con chiusura a velcro. Inoltre ci sono 2 tasche nella parte inferiore, sempre all\u2019esterno con cerniera. All\u2019interno c\u2019\u00e8 un\u2019altra tasca con cerniera. Il bavero si chiude in alto ed ha un cappuccio. Il cappuccio ha un elastico ed \u00e8 rimovibile tramite una cerniera, un sistema davvero ben ideato. Il parka pu\u00f2 essere anche trasformato in un gilet. Le maniche possono essere rimosse tramite la cerniera nascosta. Ci\u00f2 rende la giacca ancora pi\u00f9 interessante e sfruttabile anche durante le miti giornate estive.  <\/p>\n<table border=\"0\" cellspacing=\"0\" cellpadding=\"0\">\n<tr>\n<td>size (cm) <\/td>\n<td>length <\/td>\n<td>chest <\/td>\n<td>shoulder breadth <\/td>\n<td>sleeve length <\/td>\n<\/tr>\n<tr>\n<td>S<\/td>\n<td>74 <\/td>\n<td>116 <\/td>\n<td>47.8 <\/td>\n<td>66.5 <\/td>\n<\/tr>\n<tr>\n<td>M<\/td>\n<td>76 <\/td>\n<td>120 <\/td>\n<td>49 <\/td>\n<td>67.5 <\/td>\n<\/tr>\n<tr>\n<td>L <\/td>\n<td>78 <\/td>\n<td>124 <\/td>\n<td>50.2 <\/td>\n<td>68.5 <\/td>\n<\/tr>\n<tr>\n<td>XL <\/td>\n<td>80 <\/td>\n<td>128 <\/td>\n<td>51.4 <\/td>\n<td>69.5 <\/td>\n<\/tr>\n<tr>\n<td>XXL <\/td>\n<td>82 <\/td>\n<td>132 <\/td>\n<td>52.6 <\/td>\n<td>70.5 <\/td>\n<\/tr>\n<\/table>\n<\/div>\n<p><\/p>\n<div class=\"add_subtitle\">\n<h2>Parka per uomo con cappuccio della marca AFS Jeep<\/h2>\n<p><a class=\"smallText skypewrap\" onclick=\"return false;\" href=\"#\">[62_121_18]<\/a>\n<\/div>\n","protected":false},"excerpt":{"rendered":"<p>Questo parca \u00e8 realizzato in poliestere 100 % con un imbottitura di caldo pile. Protegge dal vento ed \u00e8 impermeabile, ideale anche per le stagioni di mezzo. Molto adatto ad outdoor, campeggio, caccia, escursioni, viaggi. Cerniera anteriore nascosta. La giacca della marca AFS Jeep con tanti accessori ed un design comodo e sportivo. Nella parte [&hellip;]<\/p>\n","protected":false},"featured_media":91726,"comment_status":"open","ping_status":"closed","template":"","meta":{"inline_featured_image":false},"product_brand":[],"product_cat":[1348,2190],"product_tag":[1770,1774],"class_list":{"0":"post-28183","1":"product","2":"type-product","3":"status-publish","4":"has-post-thumbnail","6":"product_cat-accessori-per-esercito-caccia","7":"product_cat-abbigliamentoperiltempolibero","8":"product_tag-army-survival-it","9":"product_tag-caccia-pesca","11":"first","12":"instock","13":"taxable","14":"shipping-taxable","15":"purchasable","16":"product-type-simple"},"_links":{"self":[{"href":"https:\/\/metal-badge.ch\/it\/wp-json\/wp\/v2\/product\/28183","targetHints":{"allow":["GET"]}}],"collection":[{"href":"https:\/\/metal-badge.ch\/it\/wp-json\/wp\/v2\/product"}],"about":[{"href":"https:\/\/metal-badge.ch\/it\/wp-json\/wp\/v2\/types\/product"}],"replies":[{"embeddable":true,"href":"https:\/\/metal-badge.ch\/it\/wp-json\/wp\/v2\/comments?post=28183"}],"wp:featuredmedia":[{"embeddable":true,"href":"https:\/\/metal-badge.ch\/it\/wp-json\/wp\/v2\/media\/91726"}],"wp:attachment":[{"href":"https:\/\/metal-badge.ch\/it\/wp-json\/wp\/v2\/media?parent=28183"}],"wp:term":[{"taxonomy":"product_brand","embeddable":true,"href":"https:\/\/metal-badge.ch\/it\/wp-json\/wp\/v2\/product_brand?post=28183"},{"taxonomy":"product_cat","embeddable":true,"href":"https:\/\/metal-badge.ch\/it\/wp-json\/wp\/v2\/product_cat?post=28183"},{"taxonomy":"product_tag","embeddable":true,"href":"https:\/\/metal-badge.ch\/it\/wp-json\/wp\/v2\/product_tag?post=28183"}],"curies":[{"name":"wp","href":"https:\/\/api.w.org\/{rel}","templated":true}]}}