{"id":26256,"date":"2013-10-30T20:55:46","date_gmt":"2013-10-30T20:55:46","guid":{"rendered":"https:\/\/shop.metal-badge.ch\/?product=astuccio-in-cuoio-basic-ipa-israele"},"modified":"2017-04-22T14:43:55","modified_gmt":"2017-04-22T14:43:55","slug":"astuccio-in-cuoio-basic-ipa-israele","status":"publish","type":"product","link":"https:\/\/metal-badge.ch\/it\/product\/26256\/astuccio-in-cuoio-basic-ipa-israele\/","title":{"rendered":"Astuccio in cuoio &#8220;Basic&#8221; IPA Israele"},"content":{"rendered":"<p>Pratica custodia di cuoio nero con due finestre ID e quattro slot per almeno 8 a 12 carte di credito.<br \/>\nAncora uno scomparto per diverse carte, annotazioni e scontrini all\u2019interno della custodia. La custodia pu\u00f2 essere piegata a piacimento col badge all\u2019esterno oppure con la finestra ID all\u2019esterno e il badge all\u2019interno.<br \/>\nQuesta custodia \u00e8 prodotta in cuoio di bue di alta qualit\u00e0.La custodia \u00e8 piegata sulla laterale.<\/p>\n<p>Misure \/ dimensioni: 8 cm \/ altezza 11 cm<\/p>\n<p>\u00a0<\/p>\n","protected":false},"excerpt":{"rendered":"<p>Pratica custodia di cuoio nero con due finestre ID e quattro slot per almeno 8 a 12 carte di credito. Ancora uno scomparto per diverse carte, annotazioni e scontrini all\u2019interno della custodia. La custodia pu\u00f2 essere piegata a piacimento col badge all\u2019esterno oppure con la finestra ID all\u2019esterno e il badge all\u2019interno. Questa custodia \u00e8 [&hellip;]<\/p>\n","protected":false},"featured_media":92564,"comment_status":"open","ping_status":"closed","template":"","meta":{"inline_featured_image":false},"product_brand":[],"product_cat":[1168],"product_tag":[],"class_list":{"0":"post-26256","1":"product","2":"type-product","3":"status-publish","4":"has-post-thumbnail","6":"product_cat-israele","8":"first","9":"instock","10":"taxable","11":"shipping-taxable","12":"purchasable","13":"product-type-simple"},"_links":{"self":[{"href":"https:\/\/metal-badge.ch\/it\/wp-json\/wp\/v2\/product\/26256","targetHints":{"allow":["GET"]}}],"collection":[{"href":"https:\/\/metal-badge.ch\/it\/wp-json\/wp\/v2\/product"}],"about":[{"href":"https:\/\/metal-badge.ch\/it\/wp-json\/wp\/v2\/types\/product"}],"replies":[{"embeddable":true,"href":"https:\/\/metal-badge.ch\/it\/wp-json\/wp\/v2\/comments?post=26256"}],"wp:featuredmedia":[{"embeddable":true,"href":"https:\/\/metal-badge.ch\/it\/wp-json\/wp\/v2\/media\/92564"}],"wp:attachment":[{"href":"https:\/\/metal-badge.ch\/it\/wp-json\/wp\/v2\/media?parent=26256"}],"wp:term":[{"taxonomy":"product_brand","embeddable":true,"href":"https:\/\/metal-badge.ch\/it\/wp-json\/wp\/v2\/product_brand?post=26256"},{"taxonomy":"product_cat","embeddable":true,"href":"https:\/\/metal-badge.ch\/it\/wp-json\/wp\/v2\/product_cat?post=26256"},{"taxonomy":"product_tag","embeddable":true,"href":"https:\/\/metal-badge.ch\/it\/wp-json\/wp\/v2\/product_tag?post=26256"}],"curies":[{"name":"wp","href":"https:\/\/api.w.org\/{rel}","templated":true}]}}