{"id":25633,"date":"2014-06-25T07:47:14","date_gmt":"2014-06-25T07:47:14","guid":{"rendered":"https:\/\/shop.metal-badge.ch\/?product=portafoglio-ranger-cordura-lottatore-svizzero"},"modified":"2021-01-02T23:44:43","modified_gmt":"2021-01-02T22:44:43","slug":"portafoglio-ranger-cordura-lottatore-svizzero","status":"publish","type":"product","link":"https:\/\/metal-badge.ch\/it\/product\/25633\/portafoglio-ranger-cordura-lottatore-svizzero\/","title":{"rendered":"Portafoglio &#8220;Ranger Cordura&#8221; Lottatore Svizzero"},"content":{"rendered":"<p>Portafoglio maneggevole e molto leggero realizzato in materiale \u201ccordura\u201d. Si tratta di un tessuto di poliammide (nylon). Per realizzare il cordura vengono stese e cucite tra loro fibre di poliammide. Essendo pi\u00f9 resistente del normale nylon ha delle migliori caratteristiche. Il portafoglio nero in cordura ha una finestrella trasparente per il documento d\u2019identit\u00e0 e due scomparti porta carte di credito per almeno 6 carte. Nella parte superiore del portafoglio si trova un piccolo tirante con un bottone al quale \u00e8 possibile attaccare un moschettone di plastica. In tal modo si potr\u00e0 appendere al portafoglio un paio di chiavi, una catenella ecc. Il tirante pu\u00f2 essere eventualmente rimosso. Il portafoglio si apre lateralmente. Il badge si trova sulla parte esterna del portafoglio. Nella confezione \u00e9 incluso un portachiavi con lampadina tascabile a LED.<br \/>\n<br \/>\nDimensioni \/ misure: larghezza 7.5 cm \/ altezza 10 cm<br \/>\nPeso (solo portafoglio): 56 gr. <\/p>\n<h3>Ulteriori informazioni riguardanti il portachiavi e la lampadina tascabile a LED<\/h3>\n<p>Piccola ma efficace lampadina tascabile a led con portachiavi<\/p>\n<p>Colore della luce: bianco<br \/>\nLunghezza: 6.5 cm<br \/>\nDiametro: 1.5 cm <br \/>\nColore: nero \/ alluminio<br \/>\nPeso: 22 gr. batterie incl.<br \/>\nLampada:  3 LED <br \/>\nCapacit\u00e0 di illuminazione: luce chiara fino a 25 metri<br \/>\nBatterie: funziona con 4 x batterie al litio (incluse) tipo: LR 44<\/p>\n<h3>Pregiata mini lampadina tascabile con rivestimento in alluminio<\/h3>\n<p>La piccola ma efficace e brillantissima lampadina tascabile non dovrebbe mai separarsi da nessun portachiavi. Che aspettate ancora? Questa combinazione tra lampadina tascabile e portachiavi non teme rivali. Il rivestimento in alluminio convince per la sua superficie lucente e per i decori argentati. La forte luce bianca a LED \u00e9 sempre pronta per l\u2019utilizzo e illumina fino ad una distanza di 25 metri.<\/p>\n","protected":false},"excerpt":{"rendered":"<p>Portafoglio maneggevole e molto leggero realizzato in materiale \u201ccordura\u201d. Si tratta di un tessuto di poliammide (nylon). Per realizzare il cordura vengono stese e cucite tra loro fibre di poliammide. Essendo pi\u00f9 resistente del normale nylon ha delle migliori caratteristiche. Il portafoglio nero in cordura ha una finestrella trasparente per il documento d\u2019identit\u00e0 e due [&hellip;]<\/p>\n","protected":false},"featured_media":91952,"comment_status":"open","ping_status":"closed","template":"","meta":{"inline_featured_image":false},"product_brand":[],"product_cat":[2368,1132],"product_tag":[],"class_list":{"0":"post-25633","1":"product","2":"type-product","3":"status-publish","4":"has-post-thumbnail","6":"product_cat-lottatore-svizzero-it","7":"product_cat-lottatore-svizzero","9":"first","10":"instock","11":"taxable","12":"shipping-taxable","13":"purchasable","14":"product-type-simple"},"_links":{"self":[{"href":"https:\/\/metal-badge.ch\/it\/wp-json\/wp\/v2\/product\/25633","targetHints":{"allow":["GET"]}}],"collection":[{"href":"https:\/\/metal-badge.ch\/it\/wp-json\/wp\/v2\/product"}],"about":[{"href":"https:\/\/metal-badge.ch\/it\/wp-json\/wp\/v2\/types\/product"}],"replies":[{"embeddable":true,"href":"https:\/\/metal-badge.ch\/it\/wp-json\/wp\/v2\/comments?post=25633"}],"wp:featuredmedia":[{"embeddable":true,"href":"https:\/\/metal-badge.ch\/it\/wp-json\/wp\/v2\/media\/91952"}],"wp:attachment":[{"href":"https:\/\/metal-badge.ch\/it\/wp-json\/wp\/v2\/media?parent=25633"}],"wp:term":[{"taxonomy":"product_brand","embeddable":true,"href":"https:\/\/metal-badge.ch\/it\/wp-json\/wp\/v2\/product_brand?post=25633"},{"taxonomy":"product_cat","embeddable":true,"href":"https:\/\/metal-badge.ch\/it\/wp-json\/wp\/v2\/product_cat?post=25633"},{"taxonomy":"product_tag","embeddable":true,"href":"https:\/\/metal-badge.ch\/it\/wp-json\/wp\/v2\/product_tag?post=25633"}],"curies":[{"name":"wp","href":"https:\/\/api.w.org\/{rel}","templated":true}]}}