{"id":25491,"date":"2014-06-19T22:38:49","date_gmt":"2014-06-19T22:38:49","guid":{"rendered":"https:\/\/shop.metal-badge.ch\/?product=astuccio-in-cuoio-biker-lottatore-svizzero"},"modified":"2021-01-03T04:57:12","modified_gmt":"2021-01-03T03:57:12","slug":"astuccio-in-cuoio-biker-lottatore-svizzero","status":"publish","type":"product","link":"https:\/\/metal-badge.ch\/it\/product\/25491\/astuccio-in-cuoio-biker-lottatore-svizzero\/","title":{"rendered":"Astuccio in cuoio &#8220;Biker&#8221; Lottatore Svizzero"},"content":{"rendered":"<p>La scelta ideale per i motociclisti, i camionisti o gli appassionati di outdoor. Cuoio vitello marrone, duro e liscio. L astuccio \u00e8 fornito di due finestre per carte d&#8217;identit\u00e0 e di sei scomparti distinti per carte di credito e banconote.<\/p>\n<p>Un piccolo scomparto supplementare, per varie carte d identit\u00e0 e note, completa quest\u2019astuccio. L astuccio \u00e8 fornito dei due bottoni pressione decorativi. Collegato a una catena, l astuccio pu\u00f2 essere fissato facilmente a ogni cinghia di pantalone e conviene a ogni tasca. La catena di sicurezza amovibile, con una chiusura carabina ha una lunghezza di 42 cm.<\/p>\n<p>Questo cuoio resistente evidenzia la struttura naturale del prodotto e d\u00e0 a ogni astuccio il suo carattere individuale &#8211; gli esperti di cuoio ritengono l\u2019aspetto del cuoio portato come \u201cun incanto molto particolare\u201d.<\/p>\n<p>Volete notare! .<br \/>\nOgni astuccio \u00e8 unico nel suo tipo. Per questo motivo le fotografie (colore e struttura del cuoio) possono differire nelle sfumature della merce consegnata!<\/p>\n<p>Il cuoio \u00e8 una pelle animale conciata. \u00c8 un prodotto naturale di una bellezza eccezionale con tutte le sue irregolarit\u00e0 tipiche, come le tracce e gli errori di pigmento. Ogni parte ha la sua identit\u00e0 unica.<br \/>\nDimensione: larghezza 10 cm \/ altezza 12 cm.<\/p>\n","protected":false},"excerpt":{"rendered":"<p>La scelta ideale per i motociclisti, i camionisti o gli appassionati di outdoor. Cuoio vitello marrone, duro e liscio. L astuccio \u00e8 fornito di due finestre per carte d&#8217;identit\u00e0 e di sei scomparti distinti per carte di credito e banconote. Un piccolo scomparto supplementare, per varie carte d identit\u00e0 e note, completa quest\u2019astuccio. L astuccio [&hellip;]<\/p>\n","protected":false},"featured_media":92004,"comment_status":"open","ping_status":"closed","template":"","meta":{"inline_featured_image":false},"product_brand":[],"product_cat":[1132,2368],"product_tag":[],"class_list":{"0":"post-25491","1":"product","2":"type-product","3":"status-publish","4":"has-post-thumbnail","6":"product_cat-lottatore-svizzero","7":"product_cat-lottatore-svizzero-it","9":"first","10":"instock","11":"taxable","12":"shipping-taxable","13":"purchasable","14":"product-type-simple"},"_links":{"self":[{"href":"https:\/\/metal-badge.ch\/it\/wp-json\/wp\/v2\/product\/25491","targetHints":{"allow":["GET"]}}],"collection":[{"href":"https:\/\/metal-badge.ch\/it\/wp-json\/wp\/v2\/product"}],"about":[{"href":"https:\/\/metal-badge.ch\/it\/wp-json\/wp\/v2\/types\/product"}],"replies":[{"embeddable":true,"href":"https:\/\/metal-badge.ch\/it\/wp-json\/wp\/v2\/comments?post=25491"}],"wp:featuredmedia":[{"embeddable":true,"href":"https:\/\/metal-badge.ch\/it\/wp-json\/wp\/v2\/media\/92004"}],"wp:attachment":[{"href":"https:\/\/metal-badge.ch\/it\/wp-json\/wp\/v2\/media?parent=25491"}],"wp:term":[{"taxonomy":"product_brand","embeddable":true,"href":"https:\/\/metal-badge.ch\/it\/wp-json\/wp\/v2\/product_brand?post=25491"},{"taxonomy":"product_cat","embeddable":true,"href":"https:\/\/metal-badge.ch\/it\/wp-json\/wp\/v2\/product_cat?post=25491"},{"taxonomy":"product_tag","embeddable":true,"href":"https:\/\/metal-badge.ch\/it\/wp-json\/wp\/v2\/product_tag?post=25491"}],"curies":[{"name":"wp","href":"https:\/\/api.w.org\/{rel}","templated":true}]}}