{"id":24977,"date":"2014-04-23T22:22:51","date_gmt":"2014-04-23T22:22:51","guid":{"rendered":"https:\/\/shop.metal-badge.ch\/?product=giacca-in-pelle-police"},"modified":"2021-05-01T05:17:17","modified_gmt":"2021-05-01T03:17:17","slug":"giacca-in-pelle-police","status":"publish","type":"product","link":"https:\/\/metal-badge.ch\/it\/product\/24977\/giacca-in-pelle-police\/","title":{"rendered":"Giacca in pelle &#8211; POLICE"},"content":{"rendered":"<p><strong>Giacca in pelle con la scritta rifrangente POLICE<br \/>\nGiacca in pelle senza scritta<br \/>\nGiacca in pelle con scritta su richiesta, attenzione con sovraprezzo <\/strong><\/p>\n<p><strong>Le giacche in pelle non passano mai di moda.<\/strong><br \/>\nIl nostro giubbotto di servizio in pelle \u00e8 stato disegnato assieme ai pubblici ufficiali che si trovano giornalmente in servizio. Si \u00e8 pensato soprattutto ad un taglio ottimale che consente libert\u00e0 di movimento senza limiti e cura per i dettagli. Questa pregiata giacca \u00e8 realizzata con pelle bovina nera di altissima qualit\u00e0. Grazie ai dettagli minuziosamente realizzati come l\u2019utilizzo di stoffa sulla parte posteriore e sui polsini e le spalline sarete vestiti sempre in maniera trendy. Taglio comodo e sportivo. Nella zona del petto \u00e8 cucita una sobria striscia di velcro per il nome, unit\u00e0 ecc. Il taglio dritto offre un comfort nell\u2019indossarlo e molte possibilit\u00e0 di combinazione.<\/p>\n<p>\nDesiderate avere la Vostra scritta personale, nessun problema:<br \/>\ncon un piccolo sovrapprezzo possiamo realizzare il giubbotto con un&#8217;altra scritta.<\/p>\n<p>\u00a0<\/p>\n<p><strong>Dotazione: versione standard:<\/strong><br \/>\nScritta POLICE rifrangente avanti e dietro.<br \/>\nStriscia in velcro sul petto a destra per l\u2019etichetta con i nome.<br \/>\nDue portapenne esterni sulla parte superiore del braccio a sinistra \/ pen slots sul braccio.<br \/>\nParte superiore del braccio a destra, velcro rotondo dal diametro di 8.5 cm per distintivo, fregio o logo.<br \/>\nSpalline per i gradi gerarchici.<br \/>\nPeso circa: 1.7 Kg<br \/>\nColore: nero<br \/>\nMateriale: pelle bovina<br \/>\nTaglio normale \/ lunghezza alla vita<br \/>\nEsterno: due tasche all\u2019altezza del petto chiusura tramite automatico a pressione e due tasche laterali<br \/>\n3 tasche interne (una con cerniera)<br \/>\nChiusura con cerniera e inoltre bottoni automatici a pressione<br \/>\nElastico sulla vita<br \/>\nCon sovrapprezzo realizziamo su richiesta anche distintivi laterali, logo, etichette per il nome, spalline.<\/p>\n<p>Prezzo: CHF 195.- incl. scritta POLICE<br \/>\nPrezzo: CHF 170.- senza scritta<br \/>\nPrezzo CHF 240.- con scritta a piacere<\/p>\n<p>Altri design e scritte a piacere su richiesta.<br \/>\nSu richiesta realizziamo anche, spalline, gradi gerarchici, etichette per il nome.<\/p>\n<p>Avvertenze per la cura: lavaggio speciale per pelle. La pelle \u00e8 trattata in modo da essere impermeabile, pertanto resistente alle intemperie al fine di proteggere chi indossa la giacca dalla pioggia.<\/p>\n<p><strong>Misure: S= da 48 a 50 \/ M = da 52 a 54 \/ L = 56 \/ XL = 58 <\/strong><\/p>\n","protected":false},"excerpt":{"rendered":"<p>Giacca in pelle con la scritta rifrangente POLICE Giacca in pelle senza scritta Giacca in pelle con scritta su richiesta, attenzione con sovraprezzo Le giacche in pelle non passano mai di moda. Il nostro giubbotto di servizio in pelle \u00e8 stato disegnato assieme ai pubblici ufficiali che si trovano giornalmente in servizio. Si \u00e8 pensato [&hellip;]<\/p>\n","protected":false},"featured_media":55733,"comment_status":"open","ping_status":"closed","template":"","meta":{"inline_featured_image":false},"product_brand":[],"product_cat":[1595],"product_tag":[1766],"class_list":{"0":"post-24977","1":"product","2":"type-product","3":"status-publish","4":"has-post-thumbnail","6":"product_cat-giacche-di-cuoio","7":"product_tag-sport-outdoor-it","9":"first","10":"instock","11":"taxable","12":"shipping-taxable","13":"purchasable","14":"product-type-simple"},"_links":{"self":[{"href":"https:\/\/metal-badge.ch\/it\/wp-json\/wp\/v2\/product\/24977","targetHints":{"allow":["GET"]}}],"collection":[{"href":"https:\/\/metal-badge.ch\/it\/wp-json\/wp\/v2\/product"}],"about":[{"href":"https:\/\/metal-badge.ch\/it\/wp-json\/wp\/v2\/types\/product"}],"replies":[{"embeddable":true,"href":"https:\/\/metal-badge.ch\/it\/wp-json\/wp\/v2\/comments?post=24977"}],"wp:featuredmedia":[{"embeddable":true,"href":"https:\/\/metal-badge.ch\/it\/wp-json\/wp\/v2\/media\/55733"}],"wp:attachment":[{"href":"https:\/\/metal-badge.ch\/it\/wp-json\/wp\/v2\/media?parent=24977"}],"wp:term":[{"taxonomy":"product_brand","embeddable":true,"href":"https:\/\/metal-badge.ch\/it\/wp-json\/wp\/v2\/product_brand?post=24977"},{"taxonomy":"product_cat","embeddable":true,"href":"https:\/\/metal-badge.ch\/it\/wp-json\/wp\/v2\/product_cat?post=24977"},{"taxonomy":"product_tag","embeddable":true,"href":"https:\/\/metal-badge.ch\/it\/wp-json\/wp\/v2\/product_tag?post=24977"}],"curies":[{"name":"wp","href":"https:\/\/api.w.org\/{rel}","templated":true}]}}