{"id":24615,"date":"2013-12-02T22:53:27","date_gmt":"2013-12-02T22:53:27","guid":{"rendered":"https:\/\/shop.metal-badge.ch\/?product=pantalone-da-lavoro-multifunzionale-ripstop-290-gsm"},"modified":"2024-08-20T18:02:18","modified_gmt":"2024-08-20T16:02:18","slug":"pantalone-da-lavoro-multifunzionale-ripstop-290-gsm","status":"publish","type":"product","link":"https:\/\/metal-badge.ch\/it\/product\/24615\/pantalone-da-lavoro-multifunzionale-ripstop-290-gsm\/","title":{"rendered":"Pantalone da lavoro multifunzionale Ripstop 290 GSM"},"content":{"rendered":"<p>Il pantalone per qualsiasi tipo di attivit\u00e0, polizia, soccorso, vigili del fuoco, sicurezza o anche per l\u2019outdoor: questo pantalone si pu\u00f2 utilizzare in qualsiasi occasione. Grazie al tessuto Ripstop il pantalone risulta essere particolarmente resistente e non richiede particolari attenzioni, pertanto esso \u00e8 perfetto per l\u2019utilizzo giornaliero. Il pantalone trae profitto dalle fantastiche caratteristiche di questo materiale particolarmente resistente, leggero ed estremamente robusto. Esso \u00e8 realizzato con delle resistenti doppie e a volte triple cuciture per una lunga durata nel tempo e per un\u2019elevata resistenza La superficie \u00e8 di un materiale che ha uno strato di teflon che lo rende impermeabile, resistente allo sporco e alle macchie ma al tempo stesso sempre traspirante. Taglio delle gambe dritto. Vestibilit\u00e0 adattabile poco sotto la vita. Comfort per la zona femorale. Passanti per la cinta fino a 60.<\/p>\n<p>Importanti dettagli che rendono il pantalone un jolly come ad es. diverse tasche anteriori e laterali e 2 tasche posteriori tutte con chiusura a velcro. Il pantalone ha un taglio dritto e la vita elastica garantisce una perfetta vestibilit\u00e0 ottimale; grazie al tessuto Ripstop \/ 290 gr. Il pantalone \u00e8 molto robusto. Materiale: 65% poliestere, 35% cotone con un ideale mix tra stabilit\u00e0 e comfort di vestibilit\u00e0.<br \/>\nL\u2019ampio elastico sulla vita consente una perfetta e comoda vestibilit\u00e0.<br \/>\nI Vostri oggetti di dotazione trovano posto nelle grandi tasche anteriori e posteriori del pantalone e sono sempre a portata di mano.<\/p>\n<p>Caratteristiche:<br \/>\n2 ampie tasche posteriori con chiusura a velcro<br \/>\n2 ampie tasche che fuoriescono all\u2019altezza delle gambe con chiusura a velcro<br \/>\n2 tasche laterali<br \/>\nColori: marrone\/grigio chiaro (desert), nero e verde oliva, blu scuro<\/p>\n<p>Misure (vita misura americana + lunghezza delle gambe, come le misure americane dei jeans). Per la conversione in cm moltiplicate per 2,54 (inch) e viceversa dividete la misura in centimetri per 2,54.<br \/>\nEsempio di conversione: misura della vita 85 cm: 2,54 = 33,46 inch = quindi ordinate la misura vita 34!<\/p>\n<p><b>Altre misure disponibili su richiesta <\/b><\/p>\n","protected":false},"excerpt":{"rendered":"<p>Il pantalone per qualsiasi tipo di attivit\u00e0, polizia, soccorso, vigili del fuoco, sicurezza o anche per l\u2019outdoor: questo pantalone si pu\u00f2 utilizzare in qualsiasi occasione. Grazie al tessuto Ripstop il pantalone risulta essere particolarmente resistente e non richiede particolari attenzioni, pertanto esso \u00e8 perfetto per l\u2019utilizzo giornaliero. Il pantalone trae profitto dalle fantastiche caratteristiche di questo materiale particolarmente resistente, leggero ed estremamente robusto. Esso \u00e8 realizzato con delle resistenti doppie e a volte triple cuciture per una lunga durata nel tempo e per un\u2019elevata resistenza La superficie \u00e8 di un materiale che ha uno strato di teflon che lo rende impermeabile, resistente allo sporco e alle macchie ma al tempo stesso sempre traspirante. Taglio delle gambe dritto. Vestibilit\u00e0 adattabile poco sotto la vita. Comfort per la zona femorale. Passanti per la cinta fino a 60.<\/p>\n","protected":false},"featured_media":92184,"comment_status":"open","ping_status":"closed","template":"","meta":{"inline_featured_image":false},"product_brand":[],"product_cat":[1104,1615],"product_tag":[1770,1774,1778,1782,1766],"class_list":{"0":"post-24615","1":"product","2":"type-product","3":"status-publish","4":"has-post-thumbnail","6":"product_cat-abbigliamento","7":"product_cat-pantaloni-and-shorts","8":"product_tag-army-survival-it","9":"product_tag-caccia-pesca","10":"product_tag-campeggio-viaggio","11":"product_tag-polizia-sicurezza","12":"product_tag-sport-outdoor-it","14":"first","15":"instock","16":"taxable","17":"shipping-taxable","18":"purchasable","19":"product-type-simple"},"_links":{"self":[{"href":"https:\/\/metal-badge.ch\/it\/wp-json\/wp\/v2\/product\/24615","targetHints":{"allow":["GET"]}}],"collection":[{"href":"https:\/\/metal-badge.ch\/it\/wp-json\/wp\/v2\/product"}],"about":[{"href":"https:\/\/metal-badge.ch\/it\/wp-json\/wp\/v2\/types\/product"}],"replies":[{"embeddable":true,"href":"https:\/\/metal-badge.ch\/it\/wp-json\/wp\/v2\/comments?post=24615"}],"wp:featuredmedia":[{"embeddable":true,"href":"https:\/\/metal-badge.ch\/it\/wp-json\/wp\/v2\/media\/92184"}],"wp:attachment":[{"href":"https:\/\/metal-badge.ch\/it\/wp-json\/wp\/v2\/media?parent=24615"}],"wp:term":[{"taxonomy":"product_brand","embeddable":true,"href":"https:\/\/metal-badge.ch\/it\/wp-json\/wp\/v2\/product_brand?post=24615"},{"taxonomy":"product_cat","embeddable":true,"href":"https:\/\/metal-badge.ch\/it\/wp-json\/wp\/v2\/product_cat?post=24615"},{"taxonomy":"product_tag","embeddable":true,"href":"https:\/\/metal-badge.ch\/it\/wp-json\/wp\/v2\/product_tag?post=24615"}],"curies":[{"name":"wp","href":"https:\/\/api.w.org\/{rel}","templated":true}]}}