{"id":23271,"date":"2013-08-24T10:35:12","date_gmt":"2013-08-24T10:35:12","guid":{"rendered":"https:\/\/shop.metal-badge.ch\/?product=8-in-1-altimetro-digitale-con-barometro-bussola-termometro-informazioni-meteo-ecc"},"modified":"2023-12-15T00:48:31","modified_gmt":"2023-12-14T23:48:31","slug":"8-in-1-altimetro-digitale-con-barometro-bussola-termometro-informazioni-meteo-ecc","status":"publish","type":"product","link":"https:\/\/metal-badge.ch\/it\/product\/23271\/8-in-1-altimetro-digitale-con-barometro-bussola-termometro-informazioni-meteo-ecc\/","title":{"rendered":"8 in 1 Altimetro digitale con barometro, bussola, termometro, informazioni meteo, ecc."},"content":{"rendered":"<p>Questo compatto altimetro con bussola ed informazioni meteo \u00e8 perfetto per escursionisti, mountain-biker, alpinisti, scalatori ed \u00e8 sempre un sicuro compagno di viaggio. Grazie alla retroilluminazione del display il dispositivo pu\u00f2 essere utilizzato giorno e notte. Pu\u00f2 essere fissato dappertutto grazie ad un moschettone. Questo \u00e8 il regalo ideale. Con questa bussola ed altimetro rimarrete sempre in pista. Un must per gli sport outdoor.<\/p>\n<p>Lo strumento offre informazioni rapide e precise:<br \/>\nDirezioni: con la bussola digitale troverete la strada giusta in sicurezza. <br \/>\nInformazioni meteo: previsioni da 12 fino a 24 ore<br \/>\nAltimetro: funzionamento da \u2013 700 fino a +9.000 m (-2296 fino a +29500 piedi), misurazione inglese ed altro.<\/p>\n<p>Informazioni meteo con barometro da 300 fino a 1.100 mbar (hPa)<br \/>\nTermometro: indicazione della temperatura attuale<br \/>\nOra: rapido accesso all\u2019orologio digitale, ore, minuti, secondi<br \/>\nInformazioni: sole, sereno, coperto e pioggia<\/p>\n<p>\n<strong>Informazioni del produttore<\/strong><br \/>\nDescrizione prodotto: 8 in1 altimetro e bussola digitale multifunzione <br \/>\nDisplay: digitale da 1.2 pollici con display LCD a sfondo blu\n<\/p>\n<p>Altimetro: <br \/>\n&#8211; Misurazione da -2296 piedi a 29500 piedi (-700M ~ 8992M) <br \/>\n&#8211; Definizione da 1 metro o 3 piedi <br \/>\n&#8211; Indicazioni in metri o in piedi <br \/>\n&#8211; Misurazione s.l.m. assoluta <br \/>\n&#8211; Misurazione dell\u2019altezza relativa <br \/>\n&#8211; Funzione di azzeramento per la misurazione dell\u2019altezza relativa <br \/>\n&#8211; Registrazione dell\u2019altezza <br \/>\n&#8211; Calibrazione dell\u2019altezza<\/p>\n<p>Barometro: <br \/>\n&#8211; Misurazione da 300mbar a 1100mbar <br \/>\n&#8211; Precisione entro 1 mbar<\/p>\n<p>Bussola digitale: <br \/>\n&#8211; Calibrazione esterna del campo magnetico <br \/>\n&#8211; Impostazione magnetica Della declinazione e alta precisione <br \/>\n&#8211; Alta precisione, +\/- 3 gradi<\/p>\n<p>Termometro: <br \/>\n&#8211; Indicazione del termometro, -10C fino a +60C con opzione in Celsius e Fahrenheit.<\/p>\n<p>Illuminazione dello sfondo per 5 secondi tramite luce a LED blu<br \/>\nAlimentazione: batteria piatta CR2032, inclusa nella confezione <br \/>\nDimensioni: 63 x 53 x 15 mm <\/p>\n<p><strong>Confezione<\/strong><br \/>\n1 x altimetro digitale multifunzione<br \/>\n1 x moschettone<br \/>\n1 x batteria piatta<br \/>\n1 x libretto di istruzioni &#8211; inglese<\/p>\n","protected":false},"excerpt":{"rendered":"<p>Questo compatto altimetro con bussola ed informazioni meteo \u00e8 perfetto per escursionisti, mountain-biker, alpinisti, scalatori ed \u00e8 sempre un sicuro compagno di viaggio. Grazie alla retroilluminazione del display il dispositivo pu\u00f2 essere utilizzato giorno e notte. Pu\u00f2 essere fissato dappertutto grazie ad un moschettone. Questo \u00e8 il regalo ideale. Con questa bussola ed altimetro rimarrete [&hellip;]<\/p>\n","protected":false},"featured_media":92612,"comment_status":"open","ping_status":"closed","template":"","meta":{"inline_featured_image":false},"product_brand":[],"product_cat":[1348,1699],"product_tag":[1770,1774,1778,1766],"class_list":{"0":"post-23271","1":"product","2":"type-product","3":"status-publish","4":"has-post-thumbnail","6":"product_cat-accessori-per-esercito-caccia","7":"product_cat-bussole","8":"product_tag-army-survival-it","9":"product_tag-caccia-pesca","10":"product_tag-campeggio-viaggio","11":"product_tag-sport-outdoor-it","13":"first","14":"outofstock","15":"taxable","16":"shipping-taxable","17":"purchasable","18":"product-type-simple"},"_links":{"self":[{"href":"https:\/\/metal-badge.ch\/it\/wp-json\/wp\/v2\/product\/23271","targetHints":{"allow":["GET"]}}],"collection":[{"href":"https:\/\/metal-badge.ch\/it\/wp-json\/wp\/v2\/product"}],"about":[{"href":"https:\/\/metal-badge.ch\/it\/wp-json\/wp\/v2\/types\/product"}],"replies":[{"embeddable":true,"href":"https:\/\/metal-badge.ch\/it\/wp-json\/wp\/v2\/comments?post=23271"}],"wp:featuredmedia":[{"embeddable":true,"href":"https:\/\/metal-badge.ch\/it\/wp-json\/wp\/v2\/media\/92612"}],"wp:attachment":[{"href":"https:\/\/metal-badge.ch\/it\/wp-json\/wp\/v2\/media?parent=23271"}],"wp:term":[{"taxonomy":"product_brand","embeddable":true,"href":"https:\/\/metal-badge.ch\/it\/wp-json\/wp\/v2\/product_brand?post=23271"},{"taxonomy":"product_cat","embeddable":true,"href":"https:\/\/metal-badge.ch\/it\/wp-json\/wp\/v2\/product_cat?post=23271"},{"taxonomy":"product_tag","embeddable":true,"href":"https:\/\/metal-badge.ch\/it\/wp-json\/wp\/v2\/product_tag?post=23271"}],"curies":[{"name":"wp","href":"https:\/\/api.w.org\/{rel}","templated":true}]}}