{"id":21964,"date":"2012-08-23T16:10:55","date_gmt":"2012-08-23T16:10:55","guid":{"rendered":"https:\/\/shop.metal-badge.ch\/?product=torcia-cockpit-accendisigari-led"},"modified":"2020-08-02T00:00:07","modified_gmt":"2020-08-01T22:00:07","slug":"torcia-cockpit-accendisigari-led","status":"publish","type":"product","link":"https:\/\/metal-badge.ch\/it\/product\/21964\/torcia-cockpit-accendisigari-led\/","title":{"rendered":"Torcia cockpit \u2013 Accendisigari LED"},"content":{"rendered":"<p>Con soli 5.5 cm di lunghezza ma splende fino a 20 metri di distanza!<\/p>\n<p>Non si sa mai quando uno ne ha bisogno, ma il momento arriver\u00e0. Comunque si pu\u00f2 sempre contare su questa astuta torcia auto in alluminio di prima qualit\u00e0.<\/p>\n<p>Con pazienza e calma resta nella presa a 12 Volt in attesa della sua missione e poi parte in quarta come i vigili del fuoco: Con il suo LED di 0,5 Watt di alta potenza ultra-luminoso, illumina fino a 20 metri di distanza. Anche se la torcia stessa abbia soli 5 cm di lunghezza. Solo il fatto che in cosi poco spazio ci stia una batteria con fino a 120 minuti d\u2019illuminazione, \u00e8 gi\u00e0 un piccolo capolavoro tecnico. E che non dovrebbe mancare in nessuna macchina, barca, ecc. La durata d\u2019illuminazione \u00e8 di ca. 1:30 a 2 ore. Per ricaricare la torcia, basta attaccarla all\u2019accendisigari di qualsiasi macchina o barca.<\/p>\n<p>Rilevatore di denaro con luce UV. Questa piccola torcia offre altre fantastiche caratteristiche come duplice funzione. Una luce UV incorporata in mezzo alla torcia permette di esaminare le banconote, francobolli ecc. Basta premere un pulsante per accendere o spegnere la luce UV. Usare la luce UV come rilevatore di banconote, francobolli. La luce UV azzurra permette di vedere le particelle fluorescenti nelle banconote \u2013 il metodo pi\u00f9 veloce di verificare l&#8217;autenticit\u00e0.<\/p>\n<p>Peso: 34 g<br \/>\nDimensioni: 5.5 x 2 cm<br \/>\nColori: oro, blu, nero<\/p>\n<p>Mini-torcia di alta qualit\u00e0 con corpo in alluminio anodisato<\/p>\n<p>\u2022 LED di 0,5 Watt estremamente potente: Luce brillante fino a 20 metri di raggio<br \/>\n\u2022 Batteria ricaricabile (NIMH): Tempo di funzionamento fino a 120 minuti<br \/>\n\u2022 Mini-size: Senza clip: 5.5 x 2cm peso: 34 grammi<\/p>\n<p>Applicazioni:<br \/>\n&#8211; Industria e commercio<br \/>\n&#8211; Medicina<br \/>\n&#8211; Monete\/ banconote\/ sigilli<br \/>\n&#8211; Geografia<br \/>\n&#8211; Industria della stampa<br \/>\n&#8211; Istruzione<br \/>\n&#8211; Ufficio<br \/>\n&#8211; Casa e tempo libero<\/p>\n","protected":false},"excerpt":{"rendered":"<p>Con soli 5.5 cm di lunghezza ma splende fino a 20 metri di distanza! Non si sa mai quando uno ne ha bisogno, ma il momento arriver\u00e0. Comunque si pu\u00f2 sempre contare su questa astuta torcia auto in alluminio di prima qualit\u00e0. Con pazienza e calma resta nella presa a 12 Volt in attesa della [&hellip;]<\/p>\n","protected":false},"featured_media":87521,"comment_status":"open","ping_status":"closed","template":"","meta":{"inline_featured_image":false},"product_brand":[],"product_cat":[1348,1344],"product_tag":[1770,1774,1778,1766],"class_list":{"0":"post-21964","1":"product","2":"type-product","3":"status-publish","4":"has-post-thumbnail","6":"product_cat-accessori-per-esercito-caccia","7":"product_cat-lampade-lampadina-tascabile","8":"product_tag-army-survival-it","9":"product_tag-caccia-pesca","10":"product_tag-campeggio-viaggio","11":"product_tag-sport-outdoor-it","13":"first","14":"outofstock","15":"sale","16":"taxable","17":"shipping-taxable","18":"purchasable","19":"product-type-simple"},"_links":{"self":[{"href":"https:\/\/metal-badge.ch\/it\/wp-json\/wp\/v2\/product\/21964","targetHints":{"allow":["GET"]}}],"collection":[{"href":"https:\/\/metal-badge.ch\/it\/wp-json\/wp\/v2\/product"}],"about":[{"href":"https:\/\/metal-badge.ch\/it\/wp-json\/wp\/v2\/types\/product"}],"replies":[{"embeddable":true,"href":"https:\/\/metal-badge.ch\/it\/wp-json\/wp\/v2\/comments?post=21964"}],"wp:featuredmedia":[{"embeddable":true,"href":"https:\/\/metal-badge.ch\/it\/wp-json\/wp\/v2\/media\/87521"}],"wp:attachment":[{"href":"https:\/\/metal-badge.ch\/it\/wp-json\/wp\/v2\/media?parent=21964"}],"wp:term":[{"taxonomy":"product_brand","embeddable":true,"href":"https:\/\/metal-badge.ch\/it\/wp-json\/wp\/v2\/product_brand?post=21964"},{"taxonomy":"product_cat","embeddable":true,"href":"https:\/\/metal-badge.ch\/it\/wp-json\/wp\/v2\/product_cat?post=21964"},{"taxonomy":"product_tag","embeddable":true,"href":"https:\/\/metal-badge.ch\/it\/wp-json\/wp\/v2\/product_tag?post=21964"}],"curies":[{"name":"wp","href":"https:\/\/api.w.org\/{rel}","templated":true}]}}