{"id":21758,"date":"2012-07-25T13:35:16","date_gmt":"2012-07-25T13:35:16","guid":{"rendered":"https:\/\/shop.metal-badge.ch\/?product=victorinox-multiclip-gancio-a-cintura"},"modified":"2019-06-22T12:12:59","modified_gmt":"2019-06-22T12:12:59","slug":"victorinox-multiclip-gancio-a-cintura","status":"publish","type":"product","link":"https:\/\/metal-badge.ch\/it\/product\/21758\/victorinox-multiclip-gancio-a-cintura\/","title":{"rendered":"Victorinox Multiclip Gancio a cintura"},"content":{"rendered":"<p>Victorinox dal 1884 ritenuta leader per la qualit\u00e0 e funzionalit\u00e0 dei suoi prodotti. Un prodotto originale di qualit\u00e0 svizzera.<\/p>\n<p>Materiale: nichelato<br \/>\nChiusura: moschettone<\/p>\n<p>Gancio a cintura di metallo con l\u2019emblema della Victorinox, portachiavi e moschettone. Lunghezza totale 137 mm, larghezza 15 mm<\/p>\n","protected":false},"excerpt":{"rendered":"<p>Victorinox dal 1884 ritenuta leader per la qualit\u00e0 e funzionalit\u00e0 dei suoi prodotti. Un prodotto originale di qualit\u00e0 svizzera. Materiale: nichelato Chiusura: moschettone Gancio a cintura di metallo con l\u2019emblema della Victorinox, portachiavi e moschettone. Lunghezza totale 137 mm, larghezza 15 mm<\/p>\n","protected":false},"featured_media":92886,"comment_status":"open","ping_status":"closed","template":"","meta":{"inline_featured_image":false},"product_brand":[],"product_cat":[1348,1036,952],"product_tag":[1770,1774,1782,1766,1839],"class_list":{"0":"post-21758","1":"product","2":"type-product","3":"status-publish","4":"has-post-thumbnail","6":"product_cat-accessori-per-esercito-caccia","7":"product_cat-coltelli-machete","8":"product_cat-portachiavi-moschettone","9":"product_tag-army-survival-it","10":"product_tag-caccia-pesca","11":"product_tag-polizia-sicurezza","12":"product_tag-sport-outdoor-it","13":"product_tag-victorinox-it","15":"first","16":"instock","17":"taxable","18":"shipping-taxable","19":"purchasable","20":"product-type-simple"},"_links":{"self":[{"href":"https:\/\/metal-badge.ch\/it\/wp-json\/wp\/v2\/product\/21758","targetHints":{"allow":["GET"]}}],"collection":[{"href":"https:\/\/metal-badge.ch\/it\/wp-json\/wp\/v2\/product"}],"about":[{"href":"https:\/\/metal-badge.ch\/it\/wp-json\/wp\/v2\/types\/product"}],"replies":[{"embeddable":true,"href":"https:\/\/metal-badge.ch\/it\/wp-json\/wp\/v2\/comments?post=21758"}],"wp:featuredmedia":[{"embeddable":true,"href":"https:\/\/metal-badge.ch\/it\/wp-json\/wp\/v2\/media\/92886"}],"wp:attachment":[{"href":"https:\/\/metal-badge.ch\/it\/wp-json\/wp\/v2\/media?parent=21758"}],"wp:term":[{"taxonomy":"product_brand","embeddable":true,"href":"https:\/\/metal-badge.ch\/it\/wp-json\/wp\/v2\/product_brand?post=21758"},{"taxonomy":"product_cat","embeddable":true,"href":"https:\/\/metal-badge.ch\/it\/wp-json\/wp\/v2\/product_cat?post=21758"},{"taxonomy":"product_tag","embeddable":true,"href":"https:\/\/metal-badge.ch\/it\/wp-json\/wp\/v2\/product_tag?post=21758"}],"curies":[{"name":"wp","href":"https:\/\/api.w.org\/{rel}","templated":true}]}}