{"id":21735,"date":"2012-07-21T10:01:37","date_gmt":"2012-07-21T10:01:37","guid":{"rendered":"https:\/\/shop.metal-badge.ch\/?product=victorinox-hunter-xt"},"modified":"2021-07-11T01:10:22","modified_gmt":"2021-07-10T23:10:22","slug":"victorinox-hunter-xt","status":"publish","type":"product","link":"https:\/\/metal-badge.ch\/it\/product\/21735\/victorinox-hunter-xt\/","title":{"rendered":"Victorinox Hunter XT"},"content":{"rendered":"<p>Un coltellino innovativo per cacciatori e amanti dell\u2019aria aperta che danno importanza alla sicurezza, affidabilit\u00e0 e funzionalit\u00e0.<\/p>\n<p>Due lame &#8211; una pi\u00f9 affilata dell\u2019altra \u2013 sono alloggiate nel solido corpo sotto il manico. Entrambe possono essere aperte con una sola mano usando il foro ovale adatto al pollice. Questo \u00e8 di grande vantaggio per il lavoro nei boschi e nei campi: il HUNTER \u00e8 pronto all&#8217;uso anche senza distogliere lo sguardo o aver bisogno dell&#8217;altra mano.<\/p>\n<p>Con il suo formato a goccia e il taglio affilato liscio, la lama principale \u00e8 una vera all-rounder e altrettanto buona per le attivit\u00e0 di caccia, lavorazione del legno o anche per preparare un pasto intermedio. La seconda lama \u00e8 dotata di un taglio seghettato \u00e8 perfetta per spezzare la caccia, anche grazie alla sua efficiente forma curva e alla punta arrotondata. Cos\u00ec, la caccia abbattuta pu\u00f2 essere preparata immediatamente sul posto in modo pratico e tempestivo. Buono a sapersi: Anche nelle operazioni di soccorso si \u00e8 rivelata utile questa particolare forma della lama che permette di tagliare rapidamente imbracature e cordami.<\/p>\n<p>Il bloccaggio delle due lame \u00e8 fatto attraverso una piastra di bloccaggio, che rimane dietro alla base della lama quando questa \u00e8 aperta, e cos\u00ec impedisce anche la chiusura accidentale \u2013 un sistema comprovato un milione di volte. Ugualmente comprovato \u00e8 l\u2019acciaio inossidabile, resistente all\u2019usura e di facile cura usato sulle lame. Un moderno coltello da caccia pieghevole che stabilisce nuovi parametri.<\/p>\n<p><strong>SPECIFICHE<\/strong><\/p>\n<ul>\n<li>Cavatapi&nbsp;<\/li>\n<li>Occhiello, inox<\/li>\n<li>Lama da aprire con una mano<\/li>\n<li>Sega per legno<\/li>\n<li>Lama per spezzare<\/li>\n<li>Cordone di nylon<\/li>\n<li>Colore: Arancione \/ nero<\/li>\n<li>Lunghezza: 111 mm<\/li>\n<li>Larghezza: 34.5 mm<\/li>\n<li>Altezza: 20 mm<\/li>\n<li>Peso netto: 152 g<\/li>\n<\/ul>\n","protected":false},"excerpt":{"rendered":"<p>Un coltellino innovativo per cacciatori e amanti dell\u2019aria aperta che danno importanza alla sicurezza, affidabilit\u00e0 e funzionalit\u00e0.<\/p>\n<p>Due lame &#8211; una pi\u00f9 affilata dell\u2019altra \u2013 sono alloggiate nel solido corpo sotto il manico. Entrambe possono essere aperte con una sola mano usando il foro ovale adatto al pollice. Questo \u00e8 di grande vantaggio per il lavoro nei boschi e nei campi: il HUNTER \u00e8 pronto all&#8217;uso anche senza distogliere lo sguardo o aver bisogno dell&#8217;altra mano.<\/p>\n","protected":false},"featured_media":109816,"comment_status":"open","ping_status":"closed","template":"","meta":{"inline_featured_image":false},"product_brand":[],"product_cat":[1348,1036],"product_tag":[1770,1774,1766,1839],"class_list":{"0":"post-21735","1":"product","2":"type-product","3":"status-publish","4":"has-post-thumbnail","6":"product_cat-accessori-per-esercito-caccia","7":"product_cat-coltelli-machete","8":"product_tag-army-survival-it","9":"product_tag-caccia-pesca","10":"product_tag-sport-outdoor-it","11":"product_tag-victorinox-it","13":"first","14":"instock","15":"taxable","16":"shipping-taxable","17":"purchasable","18":"product-type-simple"},"_links":{"self":[{"href":"https:\/\/metal-badge.ch\/it\/wp-json\/wp\/v2\/product\/21735","targetHints":{"allow":["GET"]}}],"collection":[{"href":"https:\/\/metal-badge.ch\/it\/wp-json\/wp\/v2\/product"}],"about":[{"href":"https:\/\/metal-badge.ch\/it\/wp-json\/wp\/v2\/types\/product"}],"replies":[{"embeddable":true,"href":"https:\/\/metal-badge.ch\/it\/wp-json\/wp\/v2\/comments?post=21735"}],"wp:featuredmedia":[{"embeddable":true,"href":"https:\/\/metal-badge.ch\/it\/wp-json\/wp\/v2\/media\/109816"}],"wp:attachment":[{"href":"https:\/\/metal-badge.ch\/it\/wp-json\/wp\/v2\/media?parent=21735"}],"wp:term":[{"taxonomy":"product_brand","embeddable":true,"href":"https:\/\/metal-badge.ch\/it\/wp-json\/wp\/v2\/product_brand?post=21735"},{"taxonomy":"product_cat","embeddable":true,"href":"https:\/\/metal-badge.ch\/it\/wp-json\/wp\/v2\/product_cat?post=21735"},{"taxonomy":"product_tag","embeddable":true,"href":"https:\/\/metal-badge.ch\/it\/wp-json\/wp\/v2\/product_tag?post=21735"}],"curies":[{"name":"wp","href":"https:\/\/api.w.org\/{rel}","templated":true}]}}