{"id":21534,"date":"2012-02-22T22:00:27","date_gmt":"2012-02-22T22:00:27","guid":{"rendered":"https:\/\/shop.metal-badge.ch\/?product=wenger-lancy-24"},"modified":"2015-06-04T09:29:34","modified_gmt":"2015-06-04T09:29:34","slug":"wenger-lancy-24","status":"publish","type":"product","link":"https:\/\/metal-badge.ch\/it\/product\/21534\/wenger-lancy-24\/","title":{"rendered":"Wenger Lancy 24"},"content":{"rendered":"<p>Borsa sportiva veramente robusta per tutte le attivit\u00e0, anche adatta come borsa da viaggio. <\/p>\n<p>La borsa \u00e8 dotata di una cerniera con dispositivo di chiusura. <br \/>\nIl grande vano principale offre molto spazio di deposito. <br \/>\nC\u2019\u00e8 ancora un compartimento di rete zippato nel lato interno per le piccole cose. <br \/>\nLa borsa \u00e8 fornita con una comoda tracolla regolabile e amovibile, nonch\u00e9 manici sulla parte superiore e frontale. <br \/>\nIl fondo imbottito e impermeabile \u00e8 un compagno di fiducia quando piove. <br \/>\nSulla tasca esterna c\u2019\u00e8 un piccolo compartimento laterale zippato e sul davanti ha un grande porta-scarpe impermeabile con cerniera. <\/p>\n<p>Sul davanti c\u2019\u00e8 ancora un\u2019altra tasca pi\u00f9 piccola zippata con compartimento interno. <\/p>\n<p>Questa borsa di bellissime finiture \u00e8 prodotta in poliestere 1200 D e nylon. <\/p>\n<p>La borsa \u00e8 disponibile in due dimensioni: Lancy 21 la pi\u00f9 piccola, e Lancy 24 la pi\u00f9 grande con 42 litri di capacit\u00e0.  <\/p>\n<p>Colore: argento \/ rosso<br \/>\nDimensioni: altezza 37cm \/ lunghezza 61cm \/ profondit\u00e0 27cm \/ capacit\u00e0 42 litri<br \/>\nPeso: 850 g<\/p>\n<p><center><br \/>\n<strong>Comprare senza rischio. Siamo un rivenditore autorizzato e un partner della WENGER!<\/strong><\/p>\n<p><img decoding=\"async\" src=\"https:\/\/metal-badge.ch\/wp-content\/uploads\/content\/wengerwerbung.gif\" alt=\"Wenger authorized retailer\" title=\"Wenger authorized retailer\" \/><\/p>\n<p><\/center><\/p>\n","protected":false},"excerpt":{"rendered":"<p>Borsa sportiva veramente robusta per tutte le attivit\u00e0, anche adatta come borsa da viaggio. La borsa \u00e8 dotata di una cerniera con dispositivo di chiusura. Il grande vano principale offre molto spazio di deposito. C\u2019\u00e8 ancora un compartimento di rete zippato nel lato interno per le piccole cose. La borsa \u00e8 fornita con una comoda [&hellip;]<\/p>\n","protected":false},"featured_media":93010,"comment_status":"open","ping_status":"closed","template":"","meta":{"inline_featured_image":false},"product_brand":[1485],"product_cat":[1060,1814],"product_tag":[1774,1778,1766],"class_list":{"0":"post-21534","1":"product","2":"type-product","3":"status-publish","4":"has-post-thumbnail","6":"product_brand-wenger","7":"product_cat-borse","8":"product_cat-borse-per-il-trasporto-da-viaggio","9":"product_tag-caccia-pesca","10":"product_tag-campeggio-viaggio","11":"product_tag-sport-outdoor-it","13":"first","14":"instock","15":"taxable","16":"shipping-taxable","17":"purchasable","18":"product-type-simple"},"_links":{"self":[{"href":"https:\/\/metal-badge.ch\/it\/wp-json\/wp\/v2\/product\/21534","targetHints":{"allow":["GET"]}}],"collection":[{"href":"https:\/\/metal-badge.ch\/it\/wp-json\/wp\/v2\/product"}],"about":[{"href":"https:\/\/metal-badge.ch\/it\/wp-json\/wp\/v2\/types\/product"}],"replies":[{"embeddable":true,"href":"https:\/\/metal-badge.ch\/it\/wp-json\/wp\/v2\/comments?post=21534"}],"wp:featuredmedia":[{"embeddable":true,"href":"https:\/\/metal-badge.ch\/it\/wp-json\/wp\/v2\/media\/93010"}],"wp:attachment":[{"href":"https:\/\/metal-badge.ch\/it\/wp-json\/wp\/v2\/media?parent=21534"}],"wp:term":[{"taxonomy":"product_brand","embeddable":true,"href":"https:\/\/metal-badge.ch\/it\/wp-json\/wp\/v2\/product_brand?post=21534"},{"taxonomy":"product_cat","embeddable":true,"href":"https:\/\/metal-badge.ch\/it\/wp-json\/wp\/v2\/product_cat?post=21534"},{"taxonomy":"product_tag","embeddable":true,"href":"https:\/\/metal-badge.ch\/it\/wp-json\/wp\/v2\/product_tag?post=21534"}],"curies":[{"name":"wp","href":"https:\/\/api.w.org\/{rel}","templated":true}]}}