{"id":21506,"date":"2012-02-22T20:28:24","date_gmt":"2012-02-22T20:28:24","guid":{"rendered":"https:\/\/shop.metal-badge.ch\/?product=wenger-synergy"},"modified":"2015-06-04T09:31:41","modified_gmt":"2015-06-04T09:31:41","slug":"wenger-synergy","status":"publish","type":"product","link":"https:\/\/metal-badge.ch\/it\/product\/21506\/wenger-synergy\/","title":{"rendered":"Wenger SYNERGY"},"content":{"rendered":"<p><img decoding=\"async\" src=\"https:\/\/metal-badge.ch\/wp-content\/uploads\/content\/wenger_logo_2nd.jpg\" title=\"Wenger\" aligne=\"left\" alt=\"\"><\/p>\n<p>Versatile zaino business con fondo robusto e spallaci comodi, rinforzi interni ergonomici, anche per carichi pesanti. <br \/>Questo zaino di poliestere \/ nylon \u00e8 anche adatto ad attivit\u00e0 all&#8217;aria aperta. <\/p>\n<p>\u00c8 equipaggiato con un totale di 4 grandi scomparti zippati. <br \/>Con le sue propriet\u00e0 idrorepellenti, sarai all\u2019asciutto anche se fa maltempo. <\/p>\n<p>Il grande vano principale zippato \u00e8 dotato di porta notebook e di una piccola tasca in rete con cerniera. <br \/>Ancora un piccolo compartimento suddiviso per blocco d\u2019appunti e uscita per le cuffie. <br \/>\nSulla parte superiore dello zaino c\u2019\u00e8 anche una tasca con cerniera, perfetta per una cassetta di pronto soccorso e altre cose da tenere sempre sotto mano. <br \/>\nL\u2019altro compartimento esterno zippato \u00e8 anche suddiviso ed ha molto spazio. <br \/>\nCi sono ancora due tasche con cerniera su questo zaino. <br \/>\nLa tasca pi\u00f9 piccola, si trova sulla parte frontale con organizer, diversi compartimenti d\u2019inserzione, una tasca di rete e portapenne. <\/p>\n<p>All\u2019esterno ci sono due porta bottiglie laterali e due tasche laterali zippate. <br \/>\nLo zaino \u00e8 dotato di un manico confortevole con rinforzo extra. <br \/>\nAnche il fondo dello zaino \u00e8 particolarmente rinforzato e plastificato. <\/p>\n<p>Colore: nero \/ grigio<br \/>\nDimensioni: altezza 45 \/ larghezza 36 \/ profondit\u00e0 22 cm \/ capacit\u00e0 23 litri<br \/>\nPeso: 1.4 Kg<\/p>\n<p><center><br \/>\n<strong>Comprare senza rischio. Siamo un rivenditore autorizzato e un partner della WENGER!<\/strong><\/p>\n<p><img decoding=\"async\" src=\"https:\/\/metal-badge.ch\/wp-content\/uploads\/content\/wengerwerbung.gif\" alt=\"Wenger authorized retailer\" title=\"Wenger authorized retailer\" \/><\/p>\n<p><\/center><\/p>\n","protected":false},"excerpt":{"rendered":"<p>Versatile zaino business con fondo robusto e spallaci comodi, rinforzi interni ergonomici, anche per carichi pesanti. Questo zaino di poliestere \/ nylon \u00e8 anche adatto ad attivit\u00e0 all&#8217;aria aperta. \u00c8 equipaggiato con un totale di 4 grandi scomparti zippati. Con le sue propriet\u00e0 idrorepellenti, sarai all\u2019asciutto anche se fa maltempo. Il grande vano principale zippato [&hellip;]<\/p>\n","protected":false},"featured_media":93016,"comment_status":"open","ping_status":"closed","template":"","meta":{"inline_featured_image":false},"product_brand":[1485],"product_cat":[1256],"product_tag":[1770,1774,1778,1766],"class_list":{"0":"post-21506","1":"product","2":"type-product","3":"status-publish","4":"has-post-thumbnail","6":"product_brand-wenger","7":"product_cat-zaini-e-sistemi-per-bere","8":"product_tag-army-survival-it","9":"product_tag-caccia-pesca","10":"product_tag-campeggio-viaggio","11":"product_tag-sport-outdoor-it","13":"first","14":"instock","15":"taxable","16":"shipping-taxable","17":"purchasable","18":"product-type-simple"},"_links":{"self":[{"href":"https:\/\/metal-badge.ch\/it\/wp-json\/wp\/v2\/product\/21506","targetHints":{"allow":["GET"]}}],"collection":[{"href":"https:\/\/metal-badge.ch\/it\/wp-json\/wp\/v2\/product"}],"about":[{"href":"https:\/\/metal-badge.ch\/it\/wp-json\/wp\/v2\/types\/product"}],"replies":[{"embeddable":true,"href":"https:\/\/metal-badge.ch\/it\/wp-json\/wp\/v2\/comments?post=21506"}],"wp:featuredmedia":[{"embeddable":true,"href":"https:\/\/metal-badge.ch\/it\/wp-json\/wp\/v2\/media\/93016"}],"wp:attachment":[{"href":"https:\/\/metal-badge.ch\/it\/wp-json\/wp\/v2\/media?parent=21506"}],"wp:term":[{"taxonomy":"product_brand","embeddable":true,"href":"https:\/\/metal-badge.ch\/it\/wp-json\/wp\/v2\/product_brand?post=21506"},{"taxonomy":"product_cat","embeddable":true,"href":"https:\/\/metal-badge.ch\/it\/wp-json\/wp\/v2\/product_cat?post=21506"},{"taxonomy":"product_tag","embeddable":true,"href":"https:\/\/metal-badge.ch\/it\/wp-json\/wp\/v2\/product_tag?post=21506"}],"curies":[{"name":"wp","href":"https:\/\/api.w.org\/{rel}","templated":true}]}}