{"id":21267,"date":"2011-12-31T11:23:03","date_gmt":"2011-12-31T11:23:03","guid":{"rendered":"https:\/\/shop.metal-badge.ch\/?product=astuccio-in-cuoio-supreme-investigatore-privato-svizzera-incisione"},"modified":"2020-11-23T00:42:01","modified_gmt":"2020-11-22T23:42:01","slug":"astuccio-in-cuoio-supreme-investigatore-privato-svizzera-incisione","status":"publish","type":"product","link":"https:\/\/metal-badge.ch\/it\/product\/21267\/astuccio-in-cuoio-supreme-investigatore-privato-svizzera-incisione\/","title":{"rendered":"Astuccio in cuoio &#8220;Supreme&#8221; investigatore privato Svizzera, incisione"},"content":{"rendered":"<p>L&#8217;astuccio di cuoio esclusivo al formato verticale con zip di <strong>Metal Badge <\/strong>. Il vostro accompagnatore ideale per tutti gli itinerari e viaggi. Fabbricato all&#8217;esterno come all\u2019interno con un bello strato chiaro. L&#8217;astuccio \u00e8 fabbricato con un liscio esclusivo cuoio di vitello marrone. All&#8217;esterno, la nostra bella impressione decorativa in rilievo <strong>METAL-BADGE, Registered Trademark 2002 <\/strong>.<br \/>\nL&#8217;astuccio alla moda \u00e8 fornito all&#8217;interno di un grande scompartim\u00e9nto per la moneta, con bottone a pressione. Inoltre, l&#8217;astuccio contiene una finestra a schermo al formato di una carta d&#8217;identit\u00e0 e tre scompartim\u00e9nti per carte di credito, per almeno 6 a 9 carte di credito. Un&#8217;altra separazione per note e ricevute si trova sotto lo scompartim\u00e9nto a moneta e un grande scompartim\u00e9nto per pezzi d&#8217;identit\u00e0 e carte di credito supplementari sotto lo scompartim\u00e9nto a carte di credito. Inoltre, l&#8217;astuccio \u00e8 fornito di due grandi scompartim\u00e9nti per note\/banconote. Il supporto pratico all&#8217;esterno pu\u00f2 essere fissato alla cintura semplicemente con un velcro e una chiusura di sicurezza a pressione supplementare. L&#8217;astuccio \u00e8 disponibile con o senza supporto per cintura.<\/p>\n<p>Dimensione: larghezza 9,5 cm\/altezza 12,5 cm<\/p>\n<p>Inserisci il testo per l&#8217;incisione nel campo commenti di ordinare &#8220;al traguardo di ordine (vedi terza immagine). La lunghezza massima del testo \u00e8 di 10 caratteri.<\/p>\n<p>Attenzione: I badge con incisione sono mandati solamente contro pagamento anticipo (non contro-rimborso).<\/p>\n<p>Prezzi incisione: 1 badge = CHF 30.-<\/p>\n<p>Prezzi incisione: 2 &#8211; 5 badges = CHF 25.-<\/p>\n<p>Prezzi incisione: 6 &#8211; 10 badges = CHF 20.-<\/p>\n<p>Prezzi incisione: da 10 pezzi = CHF 15.-<\/p>\n<p>Per ordini \u201ebadge con incisione\u201c, il tempo di consegna \u00e8 di 3-4 settimane.<\/p>\n","protected":false},"excerpt":{"rendered":"<p>L&#8217;astuccio di cuoio esclusivo al formato verticale con zip di Metal Badge . Il vostro accompagnatore ideale per tutti gli itinerari e viaggi. Fabbricato all&#8217;esterno come all\u2019interno con un bello strato chiaro. L&#8217;astuccio \u00e8 fabbricato con un liscio esclusivo cuoio di vitello marrone. All&#8217;esterno, la nostra bella impressione decorativa in rilievo METAL-BADGE, Registered Trademark 2002 [&hellip;]<\/p>\n","protected":false},"featured_media":21264,"comment_status":"open","ping_status":"closed","template":"","meta":{"inline_featured_image":false},"product_brand":[],"product_cat":[1012],"product_tag":[],"class_list":{"0":"post-21267","1":"product","2":"type-product","3":"status-publish","4":"has-post-thumbnail","6":"product_cat-investigatore-privato-svizzera-incisione","8":"first","9":"instock","10":"taxable","11":"shipping-taxable","12":"purchasable","13":"product-type-simple"},"_links":{"self":[{"href":"https:\/\/metal-badge.ch\/it\/wp-json\/wp\/v2\/product\/21267","targetHints":{"allow":["GET"]}}],"collection":[{"href":"https:\/\/metal-badge.ch\/it\/wp-json\/wp\/v2\/product"}],"about":[{"href":"https:\/\/metal-badge.ch\/it\/wp-json\/wp\/v2\/types\/product"}],"replies":[{"embeddable":true,"href":"https:\/\/metal-badge.ch\/it\/wp-json\/wp\/v2\/comments?post=21267"}],"wp:featuredmedia":[{"embeddable":true,"href":"https:\/\/metal-badge.ch\/it\/wp-json\/wp\/v2\/media\/21264"}],"wp:attachment":[{"href":"https:\/\/metal-badge.ch\/it\/wp-json\/wp\/v2\/media?parent=21267"}],"wp:term":[{"taxonomy":"product_brand","embeddable":true,"href":"https:\/\/metal-badge.ch\/it\/wp-json\/wp\/v2\/product_brand?post=21267"},{"taxonomy":"product_cat","embeddable":true,"href":"https:\/\/metal-badge.ch\/it\/wp-json\/wp\/v2\/product_cat?post=21267"},{"taxonomy":"product_tag","embeddable":true,"href":"https:\/\/metal-badge.ch\/it\/wp-json\/wp\/v2\/product_tag?post=21267"}],"curies":[{"name":"wp","href":"https:\/\/api.w.org\/{rel}","templated":true}]}}