{"id":21106,"date":"2011-12-31T09:31:40","date_gmt":"2011-12-31T09:31:40","guid":{"rendered":"https:\/\/shop.metal-badge.ch\/?product=astuccio-in-cuoio-basic-pompieri-incisione"},"modified":"2020-11-21T05:54:19","modified_gmt":"2020-11-21T04:54:19","slug":"astuccio-in-cuoio-basic-pompieri-incisione","status":"publish","type":"product","link":"https:\/\/metal-badge.ch\/it\/product\/21106\/astuccio-in-cuoio-basic-pompieri-incisione\/","title":{"rendered":"Astuccio in cuoio &#8220;Basic&#8221; Pompieri, incisione"},"content":{"rendered":"<p>Pratica custodia di cuoio nero con due finestre ID e quattro slot per almeno 8 a 12 carte di credito.<br \/>\nAncora uno scomparto per diverse carte, annotazioni e scontrini all\u2019interno della custodia. La custodia pu\u00f2 essere piegata a piacimento col badge all\u2019esterno oppure con la finestra ID all\u2019esterno e il badge all\u2019interno.<br \/>\nQuesta custodia \u00e8 prodotta in cuoio di bue di alta qualit\u00e0.La custodia \u00e8 piegata sulla laterale.<\/p>\n<p>Misure \/ dimensioni: 8 cm \/ altezza 11 cm<\/p>\n<p>Inserisci il testo per l&#8217;incisione nel campo commenti di ordinare &#8220;al traguardo di ordine (vedi terza immagine). La lunghezza massima del testo \u00e8 di 10 caratteri.<\/p>\n<p>Attenzione: I badge con incisione sono mandati solamente contro pagamento anticipo (non contro-rimborso).<\/p>\n<p>Prezzi incisione: 1 badge = CHF 30.-<\/p>\n<p>Prezzi incisione: 2 &#8211; 5 badges = CHF 25.-<\/p>\n<p>Prezzi incisione: 6 &#8211; 10 badges = CHF 20.-<\/p>\n<p>Prezzi incisione: da 10 pezzi = CHF 15.-<\/p>\n<p>Per ordini \u201ebadge con incisione\u201c, il tempo di consegna \u00e8 di 3-4 settimane.<\/p>\n","protected":false},"excerpt":{"rendered":"<p>Pratica custodia di cuoio nero con due finestre ID e quattro slot per almeno 8 a 12 carte di credito. Ancora uno scomparto per diverse carte, annotazioni e scontrini all\u2019interno della custodia. La custodia pu\u00f2 essere piegata a piacimento col badge all\u2019esterno oppure con la finestra ID all\u2019esterno e il badge all\u2019interno. Questa custodia \u00e8 [&hellip;]<\/p>\n","protected":false},"featured_media":21103,"comment_status":"open","ping_status":"closed","template":"","meta":{"inline_featured_image":false},"product_brand":[],"product_cat":[1020],"product_tag":[],"class_list":{"0":"post-21106","1":"product","2":"type-product","3":"status-publish","4":"has-post-thumbnail","6":"product_cat-pompieri-incisione","8":"first","9":"instock","10":"taxable","11":"shipping-taxable","12":"purchasable","13":"product-type-simple"},"_links":{"self":[{"href":"https:\/\/metal-badge.ch\/it\/wp-json\/wp\/v2\/product\/21106","targetHints":{"allow":["GET"]}}],"collection":[{"href":"https:\/\/metal-badge.ch\/it\/wp-json\/wp\/v2\/product"}],"about":[{"href":"https:\/\/metal-badge.ch\/it\/wp-json\/wp\/v2\/types\/product"}],"replies":[{"embeddable":true,"href":"https:\/\/metal-badge.ch\/it\/wp-json\/wp\/v2\/comments?post=21106"}],"wp:featuredmedia":[{"embeddable":true,"href":"https:\/\/metal-badge.ch\/it\/wp-json\/wp\/v2\/media\/21103"}],"wp:attachment":[{"href":"https:\/\/metal-badge.ch\/it\/wp-json\/wp\/v2\/media?parent=21106"}],"wp:term":[{"taxonomy":"product_brand","embeddable":true,"href":"https:\/\/metal-badge.ch\/it\/wp-json\/wp\/v2\/product_brand?post=21106"},{"taxonomy":"product_cat","embeddable":true,"href":"https:\/\/metal-badge.ch\/it\/wp-json\/wp\/v2\/product_cat?post=21106"},{"taxonomy":"product_tag","embeddable":true,"href":"https:\/\/metal-badge.ch\/it\/wp-json\/wp\/v2\/product_tag?post=21106"}],"curies":[{"name":"wp","href":"https:\/\/api.w.org\/{rel}","templated":true}]}}