{"id":20353,"date":"2011-12-01T20:12:48","date_gmt":"2011-12-01T20:12:48","guid":{"rendered":"https:\/\/shop.metal-badge.ch\/?product=astuccio-in-cuoio-smart-sicurezza-ue-incisione"},"modified":"2020-11-22T04:29:33","modified_gmt":"2020-11-22T03:29:33","slug":"astuccio-in-cuoio-smart-sicurezza-ue-incisione","status":"publish","type":"product","link":"https:\/\/metal-badge.ch\/it\/product\/20353\/astuccio-in-cuoio-smart-sicurezza-ue-incisione\/","title":{"rendered":"Astuccio in cuoio &#8220;Smart&#8221; Sicurezza UE, incisione"},"content":{"rendered":"<p>Porta-badge in cuoio bovino nero di prima qualit\u00e0 con portachiavi e moschettone.<br \/>\nPu\u00f2 essere fissato e utilizzato in diversi modi. La chiusura a moschettone e il portachiavi possono essere rimossi e utilizzati singolarmente. Il passante, anche di cuoio, \u00e8 dotato di uno spacco per abbottonare alla camicia \/ tasca frontale.<\/p>\n<p>Il passante \u00e8 provvisto anche di due forti bottoni a pressione davanti e dietro. Cos\u00ec, questo porta-badge pu\u00f2 essere attaccato usando il suo portachiavi, il moschettone o un bottone. Il badge \u00e8 semplicemente nella fessura dell\u2019astuccio.<\/p>\n<p>Dimensioni \/ Misure: altezza 12,5 cm, larghezza 7,0 cm<\/p>\n<p class=\"GravurAnmerkung\">Inserisci il testo per l&#8217;incisione nel campo commenti di ordinare &#8220;al traguardo di ordine (vedi terza immagine). La lunghezza massima del testo \u00e8 di 10 caratteri.<\/p>\n<p class=\"GravurZahlung\">Attenzione: I badge con incisione sono mandati solamente contro pagamento anticipo (non contro-rimborso).<\/p>\n<p class=\"GravurPreise\">Prezzi incisione: 1 badge = CHF 30.-<\/p>\n<p>Prezzi incisione: 2 &#8211; 5 badges = CHF 25.-<\/p>\n<p>Prezzi incisione: 6 &#8211; 10 badges = CHF 20.-<\/p>\n<p>Prezzi incisione: da 10 pezzi = CHF 15.-<\/p>\n<p class=\"GravurBestellungen\">Per ordini \u201ebadge con incisione\u201c, il tempo di consegna \u00e8 di 3-4 settimane.<\/p>\n","protected":false},"excerpt":{"rendered":"<p>Porta-badge in cuoio bovino nero di prima qualit\u00e0 con portachiavi e moschettone. Pu\u00f2 essere fissato e utilizzato in diversi modi. La chiusura a moschettone e il portachiavi possono essere rimossi e utilizzati singolarmente. Il passante, anche di cuoio, \u00e8 dotato di uno spacco per abbottonare alla camicia \/ tasca frontale. Il passante \u00e8 provvisto anche [&hellip;]<\/p>\n","protected":false},"featured_media":20348,"comment_status":"open","ping_status":"closed","template":"","meta":{"inline_featured_image":false},"product_brand":[],"product_cat":[992],"product_tag":[],"class_list":{"0":"post-20353","1":"product","2":"type-product","3":"status-publish","4":"has-post-thumbnail","6":"product_cat-sicurezza-ue-incisione","8":"first","9":"instock","10":"taxable","11":"shipping-taxable","12":"purchasable","13":"product-type-simple"},"_links":{"self":[{"href":"https:\/\/metal-badge.ch\/it\/wp-json\/wp\/v2\/product\/20353","targetHints":{"allow":["GET"]}}],"collection":[{"href":"https:\/\/metal-badge.ch\/it\/wp-json\/wp\/v2\/product"}],"about":[{"href":"https:\/\/metal-badge.ch\/it\/wp-json\/wp\/v2\/types\/product"}],"replies":[{"embeddable":true,"href":"https:\/\/metal-badge.ch\/it\/wp-json\/wp\/v2\/comments?post=20353"}],"wp:featuredmedia":[{"embeddable":true,"href":"https:\/\/metal-badge.ch\/it\/wp-json\/wp\/v2\/media\/20348"}],"wp:attachment":[{"href":"https:\/\/metal-badge.ch\/it\/wp-json\/wp\/v2\/media?parent=20353"}],"wp:term":[{"taxonomy":"product_brand","embeddable":true,"href":"https:\/\/metal-badge.ch\/it\/wp-json\/wp\/v2\/product_brand?post=20353"},{"taxonomy":"product_cat","embeddable":true,"href":"https:\/\/metal-badge.ch\/it\/wp-json\/wp\/v2\/product_cat?post=20353"},{"taxonomy":"product_tag","embeddable":true,"href":"https:\/\/metal-badge.ch\/it\/wp-json\/wp\/v2\/product_tag?post=20353"}],"curies":[{"name":"wp","href":"https:\/\/api.w.org\/{rel}","templated":true}]}}