{"id":20090,"date":"2011-11-09T01:22:09","date_gmt":"2011-11-09T01:22:09","guid":{"rendered":"https:\/\/shop.metal-badge.ch\/?product=jumbo"},"modified":"2019-02-22T08:33:47","modified_gmt":"2019-02-22T08:33:47","slug":"jumbo","status":"publish","type":"product","link":"https:\/\/metal-badge.ch\/it\/product\/20090\/jumbo\/","title":{"rendered":"Jumbo"},"content":{"rendered":"<p><img decoding=\"async\" src=\"https:\/\/metal-badge.ch\/wp-content\/uploads\/content\/wenger_logo_2nd.jpg\" title=\"Wenger\" aligne=\"left\" alt=\"\"><\/p>\n<p>Per elegante sportivit\u00e0 sta questa \/ borsa da toilette della Wenger nelle dimensioni,<br \/>\nlarghezza 18 cm\/ lunghezza 26 cm \/ altezza 13 cm.<br \/>\n<br \/>\nUno scomparto principale con cerniera superiore e un pieghevole meccanismo al lato offrono un ampio spazio per articoli da toilette.<br \/>\n<br \/>\nSotto c\u2019\u00e8 uno scomparto supplementare con delle cerniere laterali allegate.<br \/>\n<br \/>\nUno scomparto con integrato scomparto a rete di nylon, e con un raffinato sistema di sostegno incluso le bottiglie di plastica e una scatola per gli spazzolini da denti. Una maniglia completa ancora di pi\u00f9 questo necessaire. <\/p>\n<p>La borsa \u00e8 ben imbottita al di dentro e inoltre al di fuori il suolo \u00e8 dotato di un tappetino antiscivolo. Questo necessaire \u00e8 realizzato in resistente e idrorepellente nylon \/ poliestere ed \u00e8 il compagno di viaggio ideale.<\/p>\n<p>Colore: Nero<br \/>\nDimensioni: 18 x 11 x 24 cm<\/p>\n<p><center><br \/>\n<strong>Comprare senza rischio. Siamo un rivenditore autorizzato e un partner della WENGER!<\/strong><\/p>\n<p><img decoding=\"async\" src=\"https:\/\/metal-badge.ch\/wp-content\/uploads\/content\/wengerwerbung.gif\" alt=\"Wenger authorized retailer\" title=\"Wenger authorized retailer\" \/><\/p>\n<p><\/center><\/p>\n","protected":false},"excerpt":{"rendered":"<p>Per elegante sportivit\u00e0 sta questa \/ borsa da toilette della Wenger nelle dimensioni, larghezza 18 cm\/ lunghezza 26 cm \/ altezza 13 cm. Uno scomparto principale con cerniera superiore e un pieghevole meccanismo al lato offrono un ampio spazio per articoli da toilette. Sotto c\u2019\u00e8 uno scomparto supplementare con delle cerniere laterali allegate. Uno scomparto [&hellip;]<\/p>\n","protected":false},"featured_media":93374,"comment_status":"open","ping_status":"closed","template":"","meta":{"inline_featured_image":false},"product_brand":[1485],"product_cat":[1060,1814,1436],"product_tag":[1774,1778,1766],"class_list":{"0":"post-20090","1":"product","2":"type-product","3":"status-publish","4":"has-post-thumbnail","6":"product_brand-wenger","7":"product_cat-borse","8":"product_cat-borse-per-il-trasporto-da-viaggio","9":"product_cat-campeggio-viaggio","10":"product_tag-caccia-pesca","11":"product_tag-campeggio-viaggio","12":"product_tag-sport-outdoor-it","14":"first","15":"instock","16":"taxable","17":"shipping-taxable","18":"purchasable","19":"product-type-simple"},"_links":{"self":[{"href":"https:\/\/metal-badge.ch\/it\/wp-json\/wp\/v2\/product\/20090","targetHints":{"allow":["GET"]}}],"collection":[{"href":"https:\/\/metal-badge.ch\/it\/wp-json\/wp\/v2\/product"}],"about":[{"href":"https:\/\/metal-badge.ch\/it\/wp-json\/wp\/v2\/types\/product"}],"replies":[{"embeddable":true,"href":"https:\/\/metal-badge.ch\/it\/wp-json\/wp\/v2\/comments?post=20090"}],"wp:featuredmedia":[{"embeddable":true,"href":"https:\/\/metal-badge.ch\/it\/wp-json\/wp\/v2\/media\/93374"}],"wp:attachment":[{"href":"https:\/\/metal-badge.ch\/it\/wp-json\/wp\/v2\/media?parent=20090"}],"wp:term":[{"taxonomy":"product_brand","embeddable":true,"href":"https:\/\/metal-badge.ch\/it\/wp-json\/wp\/v2\/product_brand?post=20090"},{"taxonomy":"product_cat","embeddable":true,"href":"https:\/\/metal-badge.ch\/it\/wp-json\/wp\/v2\/product_cat?post=20090"},{"taxonomy":"product_tag","embeddable":true,"href":"https:\/\/metal-badge.ch\/it\/wp-json\/wp\/v2\/product_tag?post=20090"}],"curies":[{"name":"wp","href":"https:\/\/api.w.org\/{rel}","templated":true}]}}