{"id":19999,"date":"2011-07-25T21:49:05","date_gmt":"2011-07-25T21:49:05","guid":{"rendered":"https:\/\/shop.metal-badge.ch\/?product=astuccio-in-cuoio-camouflage-pompieri-incisione"},"modified":"2020-11-22T05:46:26","modified_gmt":"2020-11-22T04:46:26","slug":"astuccio-in-cuoio-camouflage-pompieri-incisione","status":"publish","type":"product","link":"https:\/\/metal-badge.ch\/it\/product\/19999\/astuccio-in-cuoio-camouflage-pompieri-incisione\/","title":{"rendered":"Astuccio in cuoio &#8220;Camouflage&#8221; Pompieri, incisione"},"content":{"rendered":"<p>Astuccio di cuoio al formato verticale di colore camuffamento (rivestimento tessile). Fabbricato all&#8217;esterno come all\u2019interno con un bello strato chiaro. L&#8217;interno di quest\u2019astuccio \u00e8 fabbricato con un liscio esclusivo cuoio di vitello marrone. L&#8217;astuccio \u00e8 fornito di una finestra per carta d&#8217;identit\u00e0 e di tre scompartim\u00e9nti per carte di credito, per almeno 6 a 9 carte di credito.<br \/>\nInoltre, due scompartim\u00e9nti distinti per le banconote si trovano nell&#8217;astuccio. Lo scompartim\u00e9nto elegante a monete con bottone a pressione offre sufficientemente posto per la vostra moneta. Un altro piccolo scompartim\u00e9nto per varie note e carte d&#8217;identit\u00e0 si trova sotto lo scompartim\u00e9nto a moneta.<br \/>\nQuest\u2019astuccio pu\u00f2 essere portato alla cintura di pantalone ed \u00e8 cos\u00ec perfettamente adattato per le attivit\u00e0 d&#8217;aria piena. Il supporto pratico pu\u00f2 facilmente essere fissato alla cintura con velcro e uno zip di sicurezza supplementare.<\/p>\n<p>Dimensione: larghezza 9,5 cm\/altezza 12,5 cm<\/p>\n<p>L&#8217;astuccio \u00e8 disponibile con o senza supporto.<\/p>\n<p>Inserisci il testo per l&#8217;incisione nel campo commenti di ordinare &#8220;al traguardo di ordine (vedi terza immagine). La lunghezza massima del testo \u00e8 di 10 caratteri.<\/p>\n<p>Attenzione: I badge con incisione sono mandati solamente contro pagamento anticipo (non contro-rimborso).<\/p>\n<p>Prezzi incisione: 1 badge = CHF 30.-<\/p>\n<p>Prezzi incisione: 2 &#8211; 5 badges = CHF 25.-<\/p>\n<p>Prezzi incisione: 6 &#8211; 10 badges = CHF 20.-<\/p>\n<p>Prezzi incisione: da 10 pezzi = CHF 15.-<\/p>\n<p>Per ordini \u201ebadge con incisione\u201c, il tempo di consegna \u00e8 di 3-4 settimane.<\/p>\n","protected":false},"excerpt":{"rendered":"<p>Astuccio di cuoio al formato verticale di colore camuffamento (rivestimento tessile). Fabbricato all&#8217;esterno come all\u2019interno con un bello strato chiaro. L&#8217;interno di quest\u2019astuccio \u00e8 fabbricato con un liscio esclusivo cuoio di vitello marrone. L&#8217;astuccio \u00e8 fornito di una finestra per carta d&#8217;identit\u00e0 e di tre scompartim\u00e9nti per carte di credito, per almeno 6 a 9 [&hellip;]<\/p>\n","protected":false},"featured_media":19996,"comment_status":"open","ping_status":"closed","template":"","meta":{"inline_featured_image":false},"product_brand":[],"product_cat":[1020],"product_tag":[],"class_list":{"0":"post-19999","1":"product","2":"type-product","3":"status-publish","4":"has-post-thumbnail","6":"product_cat-pompieri-incisione","8":"first","9":"instock","10":"taxable","11":"shipping-taxable","12":"purchasable","13":"product-type-simple"},"_links":{"self":[{"href":"https:\/\/metal-badge.ch\/it\/wp-json\/wp\/v2\/product\/19999","targetHints":{"allow":["GET"]}}],"collection":[{"href":"https:\/\/metal-badge.ch\/it\/wp-json\/wp\/v2\/product"}],"about":[{"href":"https:\/\/metal-badge.ch\/it\/wp-json\/wp\/v2\/types\/product"}],"replies":[{"embeddable":true,"href":"https:\/\/metal-badge.ch\/it\/wp-json\/wp\/v2\/comments?post=19999"}],"wp:featuredmedia":[{"embeddable":true,"href":"https:\/\/metal-badge.ch\/it\/wp-json\/wp\/v2\/media\/19996"}],"wp:attachment":[{"href":"https:\/\/metal-badge.ch\/it\/wp-json\/wp\/v2\/media?parent=19999"}],"wp:term":[{"taxonomy":"product_brand","embeddable":true,"href":"https:\/\/metal-badge.ch\/it\/wp-json\/wp\/v2\/product_brand?post=19999"},{"taxonomy":"product_cat","embeddable":true,"href":"https:\/\/metal-badge.ch\/it\/wp-json\/wp\/v2\/product_cat?post=19999"},{"taxonomy":"product_tag","embeddable":true,"href":"https:\/\/metal-badge.ch\/it\/wp-json\/wp\/v2\/product_tag?post=19999"}],"curies":[{"name":"wp","href":"https:\/\/api.w.org\/{rel}","templated":true}]}}