{"id":19899,"date":"2011-07-20T16:36:42","date_gmt":"2011-07-20T16:36:42","guid":{"rendered":"https:\/\/shop.metal-badge.ch\/?product=astuccio-in-cuoio-economy-guardia-di-confine-svizzera"},"modified":"2018-02-13T03:57:01","modified_gmt":"2018-02-13T03:57:01","slug":"astuccio-in-cuoio-economy-guardia-di-confine-svizzera","status":"publish","type":"product","link":"https:\/\/metal-badge.ch\/it\/product\/19899\/astuccio-in-cuoio-economy-guardia-di-confine-svizzera\/","title":{"rendered":"Astuccio in cuoio &#8220;Economy&#8221; Guardia di Confine Svizzera"},"content":{"rendered":"<p>Astuccio in tessile cotone, formato verticale \u201eCamouflage &#8221; (colori di camuffamento) con grande scompartim\u00e9nto per monete e chiusura a bottone automatico.<\/p>\n<p>Al suo interno una finestra trasparente per carta d&#8217;identit\u00e0. Inoltre, ci sono 3 scompartim\u00e9nti per almeno 9 carte di credito. L&#8217;astuccio \u00e8 fornito di uno zip nero ed elegante. Un&#8217;altra separazione si trova sotto lo scompartim\u00e9nto a monete che offre pi\u00f9 nel posto per varie carte d&#8217;identit\u00e0, note, ricevute e 2 carte di credito, ecc.<\/p>\n<p>Due scompartim\u00e9nti distinti per le banconote sono anche contenuti nell&#8217;astuccio. Quest\u2019astuccio pu\u00f2 essere portato alla cintura di pantalone ed \u00e8 cos\u00ec perfettamente adattato per le attivit\u00e0 d&#8217;aria piena. Il supporto pratico pu\u00f2 essere facilmente fissato alla cintura con velcro e uno zip di sicurezza supplementare.<\/p>\n<p>\nDimensione: larghezza 9 cm\/altezza 12.5 cm.<\/p>\n<p>\u00a0<\/p>\n<p><span style=\"color:#FF0000\"><strong>Attenzione : Ottenibili esclusivamente per Soci Guardia di Confine!<\/strong><\/span><\/p>\n","protected":false},"excerpt":{"rendered":"<p>Astuccio in tessile cotone, formato verticale \u201eCamouflage &#8221; (colori di camuffamento) con grande scompartim\u00e9nto per monete e chiusura a bottone automatico. Al suo interno una finestra trasparente per carta d&#8217;identit\u00e0. Inoltre, ci sono 3 scompartim\u00e9nti per almeno 9 carte di credito. L&#8217;astuccio \u00e8 fornito di uno zip nero ed elegante. Un&#8217;altra separazione si trova sotto [&hellip;]<\/p>\n","protected":false},"featured_media":93430,"comment_status":"open","ping_status":"closed","template":"","meta":{"inline_featured_image":false},"product_brand":[],"product_cat":[1008],"product_tag":[],"class_list":{"0":"post-19899","1":"product","2":"type-product","3":"status-publish","4":"has-post-thumbnail","6":"product_cat-guardia-di-confine-svizzera","8":"first","9":"instock","10":"taxable","11":"shipping-taxable","12":"purchasable","13":"product-type-simple"},"_links":{"self":[{"href":"https:\/\/metal-badge.ch\/it\/wp-json\/wp\/v2\/product\/19899","targetHints":{"allow":["GET"]}}],"collection":[{"href":"https:\/\/metal-badge.ch\/it\/wp-json\/wp\/v2\/product"}],"about":[{"href":"https:\/\/metal-badge.ch\/it\/wp-json\/wp\/v2\/types\/product"}],"replies":[{"embeddable":true,"href":"https:\/\/metal-badge.ch\/it\/wp-json\/wp\/v2\/comments?post=19899"}],"wp:featuredmedia":[{"embeddable":true,"href":"https:\/\/metal-badge.ch\/it\/wp-json\/wp\/v2\/media\/93430"}],"wp:attachment":[{"href":"https:\/\/metal-badge.ch\/it\/wp-json\/wp\/v2\/media?parent=19899"}],"wp:term":[{"taxonomy":"product_brand","embeddable":true,"href":"https:\/\/metal-badge.ch\/it\/wp-json\/wp\/v2\/product_brand?post=19899"},{"taxonomy":"product_cat","embeddable":true,"href":"https:\/\/metal-badge.ch\/it\/wp-json\/wp\/v2\/product_cat?post=19899"},{"taxonomy":"product_tag","embeddable":true,"href":"https:\/\/metal-badge.ch\/it\/wp-json\/wp\/v2\/product_tag?post=19899"}],"curies":[{"name":"wp","href":"https:\/\/api.w.org\/{rel}","templated":true}]}}