{"id":18836,"date":"2011-01-22T02:44:00","date_gmt":"2011-01-22T02:44:00","guid":{"rendered":"https:\/\/shop.metal-badge.ch\/?product=astuccio-in-cuoio-trendy-svizzera-fan-badge"},"modified":"2013-01-02T17:39:20","modified_gmt":"2013-01-02T17:39:20","slug":"astuccio-in-cuoio-trendy-svizzera-fan-badge","status":"publish","type":"product","link":"https:\/\/metal-badge.ch\/it\/product\/18836\/astuccio-in-cuoio-trendy-svizzera-fan-badge\/","title":{"rendered":"Astuccio in cuoio &#8220;Trendy&#8221; Svizzera Fan Badge"},"content":{"rendered":"<p>Astuccio in cuoio di vitello alla moda con con una bella rifinitura, ribaltabile lateralmente, blu\/grigio. L&#8217;astuccio di formato orizzontale offre un grande scomparto per moneta con chiusura a pressione ei soltanto due scomparti distinti per banconote. Una finestra per le carte ID pi\u00f9 3 scomparti per le carte di credito per almeno 6 a 9 carte di credito. Un astuccio elegante e di grande qualit\u00e0 con strato esterno visibile che d\u00e0 all&#8217;astuccio un tasto moderno.<\/p>\n<p>Materiale: vero cuoio di vitello<\/p>\n<p>\nDimensioni: altezza 9 cm \/ larghezza 12 cm<\/p>\n","protected":false},"excerpt":{"rendered":"<p>Astuccio in cuoio di vitello alla moda con con una bella rifinitura, ribaltabile lateralmente, blu\/grigio. L&#8217;astuccio di formato orizzontale offre un grande scomparto per moneta con chiusura a pressione ei soltanto due scomparti distinti per banconote. Una finestra per le carte ID pi\u00f9 3 scomparti per le carte di credito per almeno 6 a 9 [&hellip;]<\/p>\n","protected":false},"featured_media":86222,"comment_status":"open","ping_status":"closed","template":"","meta":{"inline_featured_image":false},"product_brand":[],"product_cat":[1000],"product_tag":[],"class_list":{"0":"post-18836","1":"product","2":"type-product","3":"status-publish","4":"has-post-thumbnail","6":"product_cat-svizzera-badge","8":"first","9":"instock","10":"taxable","11":"shipping-taxable","12":"purchasable","13":"product-type-simple"},"_links":{"self":[{"href":"https:\/\/metal-badge.ch\/it\/wp-json\/wp\/v2\/product\/18836","targetHints":{"allow":["GET"]}}],"collection":[{"href":"https:\/\/metal-badge.ch\/it\/wp-json\/wp\/v2\/product"}],"about":[{"href":"https:\/\/metal-badge.ch\/it\/wp-json\/wp\/v2\/types\/product"}],"replies":[{"embeddable":true,"href":"https:\/\/metal-badge.ch\/it\/wp-json\/wp\/v2\/comments?post=18836"}],"wp:featuredmedia":[{"embeddable":true,"href":"https:\/\/metal-badge.ch\/it\/wp-json\/wp\/v2\/media\/86222"}],"wp:attachment":[{"href":"https:\/\/metal-badge.ch\/it\/wp-json\/wp\/v2\/media?parent=18836"}],"wp:term":[{"taxonomy":"product_brand","embeddable":true,"href":"https:\/\/metal-badge.ch\/it\/wp-json\/wp\/v2\/product_brand?post=18836"},{"taxonomy":"product_cat","embeddable":true,"href":"https:\/\/metal-badge.ch\/it\/wp-json\/wp\/v2\/product_cat?post=18836"},{"taxonomy":"product_tag","embeddable":true,"href":"https:\/\/metal-badge.ch\/it\/wp-json\/wp\/v2\/product_tag?post=18836"}],"curies":[{"name":"wp","href":"https:\/\/api.w.org\/{rel}","templated":true}]}}