{"id":18826,"date":"2011-01-22T02:36:04","date_gmt":"2011-01-22T02:36:04","guid":{"rendered":"https:\/\/shop.metal-badge.ch\/?product=astuccio-in-cuoio-trendy-guardia-di-confine-svizzera"},"modified":"2018-02-13T14:52:24","modified_gmt":"2018-02-13T14:52:24","slug":"astuccio-in-cuoio-trendy-guardia-di-confine-svizzera","status":"publish","type":"product","link":"https:\/\/metal-badge.ch\/it\/product\/18826\/astuccio-in-cuoio-trendy-guardia-di-confine-svizzera\/","title":{"rendered":"Astuccio in cuoio &#8220;Trendy&#8221; Guardia di Confine Svizzera"},"content":{"rendered":"<p>Astuccio in cuoio di vitello alla moda con con una bella rifinitura, ribaltabile lateralmente, blu\/grigio. L&#8217;astuccio di formato orizzontale offre un grande scomparto per moneta con chiusura a pressione ei soltanto due scomparti distinti per banconote. Una finestra per le carte ID pi\u00f9 3 scomparti per le carte di credito per almeno 6 a 9 carte di credito. Un astuccio elegante e di grande qualit\u00e0 con strato esterno visibile che d\u00e0 all&#8217;astuccio un tasto moderno.<\/p>\n<p>Materiale: vero cuoio di vitello<\/p>\n<p>Dimensioni: altezza 9 cm \/ larghezza 12 cm<\/p>\n<p>\u00a0<\/p>\n<p><span style=\"color:#FF0000\"><strong>Attenzione : Ottenibili esclusivamente per Soci Guardia di Confine!<\/strong><\/span><\/p>\n","protected":false},"excerpt":{"rendered":"<p>Astuccio in cuoio di vitello alla moda con con una bella rifinitura, ribaltabile lateralmente, blu\/grigio. L&#8217;astuccio di formato orizzontale offre un grande scomparto per moneta con chiusura a pressione ei soltanto due scomparti distinti per banconote. Una finestra per le carte ID pi\u00f9 3 scomparti per le carte di credito per almeno 6 a 9 [&hellip;]<\/p>\n","protected":false},"featured_media":93848,"comment_status":"open","ping_status":"closed","template":"","meta":{"inline_featured_image":false},"product_brand":[],"product_cat":[1008],"product_tag":[],"class_list":{"0":"post-18826","1":"product","2":"type-product","3":"status-publish","4":"has-post-thumbnail","6":"product_cat-guardia-di-confine-svizzera","8":"first","9":"instock","10":"taxable","11":"shipping-taxable","12":"purchasable","13":"product-type-simple"},"_links":{"self":[{"href":"https:\/\/metal-badge.ch\/it\/wp-json\/wp\/v2\/product\/18826","targetHints":{"allow":["GET"]}}],"collection":[{"href":"https:\/\/metal-badge.ch\/it\/wp-json\/wp\/v2\/product"}],"about":[{"href":"https:\/\/metal-badge.ch\/it\/wp-json\/wp\/v2\/types\/product"}],"replies":[{"embeddable":true,"href":"https:\/\/metal-badge.ch\/it\/wp-json\/wp\/v2\/comments?post=18826"}],"wp:featuredmedia":[{"embeddable":true,"href":"https:\/\/metal-badge.ch\/it\/wp-json\/wp\/v2\/media\/93848"}],"wp:attachment":[{"href":"https:\/\/metal-badge.ch\/it\/wp-json\/wp\/v2\/media?parent=18826"}],"wp:term":[{"taxonomy":"product_brand","embeddable":true,"href":"https:\/\/metal-badge.ch\/it\/wp-json\/wp\/v2\/product_brand?post=18826"},{"taxonomy":"product_cat","embeddable":true,"href":"https:\/\/metal-badge.ch\/it\/wp-json\/wp\/v2\/product_cat?post=18826"},{"taxonomy":"product_tag","embeddable":true,"href":"https:\/\/metal-badge.ch\/it\/wp-json\/wp\/v2\/product_tag?post=18826"}],"curies":[{"name":"wp","href":"https:\/\/api.w.org\/{rel}","templated":true}]}}