{"id":18786,"date":"2011-01-22T01:56:54","date_gmt":"2011-01-22T01:56:54","guid":{"rendered":"https:\/\/shop.metal-badge.ch\/?product=astuccio-in-cuoio-trendy-pompieri-incisione"},"modified":"2020-11-22T20:31:07","modified_gmt":"2020-11-22T19:31:07","slug":"astuccio-in-cuoio-trendy-pompieri-incisione","status":"publish","type":"product","link":"https:\/\/metal-badge.ch\/it\/product\/18786\/astuccio-in-cuoio-trendy-pompieri-incisione\/","title":{"rendered":"Astuccio in cuoio &#8220;Trendy&#8221; Pompieri, incisione"},"content":{"rendered":"<p>Astuccio in cuoio di vitello alla moda con con una bella rifinitura, ribaltabile lateralmente, blu\/grigio. L&#8217;astuccio di formato orizzontale offre un grande scomparto per moneta con chiusura a pressione ei soltanto due scomparti distinti per banconote. Una finestra per le carte ID pi\u00f9 3 scomparti per le carte di credito per almeno 6 a 9 carte di credito. Un astuccio elegante e di grande qualit\u00e0 con strato esterno visibile che d\u00e0 all&#8217;astuccio un tasto moderno.<\/p>\n<p>Materiale: vero cuoio di vitello<\/p>\n<p>Dimensioni: altezza 9 cm \/ larghezza 12 cm<\/p>\n<p class=\"GravurAnmerkung\">Inserisci il testo per l&#8217;incisione nel campo commenti di ordinare &#8220;al traguardo di ordine (vedi terza immagine). La lunghezza massima del testo \u00e8 di 10 caratteri.<\/p>\n<p class=\"GravurZahlung\">Attenzione: I badge con incisione sono mandati solamente contro pagamento anticipo (non contro-rimborso).<\/p>\n<p class=\"GravurPreise\">Prezzi incisione: 1 badge = CHF 30.-<\/p>\n<p>Prezzi incisione: 2 &#8211; 5 badges = CHF 25.-<\/p>\n<p>Prezzi incisione: 6 &#8211; 10 badges = CHF 20.-<\/p>\n<p>Prezzi incisione: da 10 pezzi = CHF 15.-<\/p>\n<p class=\"GravurBestellungen\">Per ordini \u201ebadge con incisione\u201c, il tempo di consegna \u00e8 di 3-4 settimane.<\/p>\n","protected":false},"excerpt":{"rendered":"<p>Astuccio in cuoio di vitello alla moda con con una bella rifinitura, ribaltabile lateralmente, blu\/grigio. L&#8217;astuccio di formato orizzontale offre un grande scomparto per moneta con chiusura a pressione ei soltanto due scomparti distinti per banconote. Una finestra per le carte ID pi\u00f9 3 scomparti per le carte di credito per almeno 6 a 9 [&hellip;]<\/p>\n","protected":false},"featured_media":18783,"comment_status":"open","ping_status":"closed","template":"","meta":{"inline_featured_image":false},"product_brand":[],"product_cat":[1020],"product_tag":[],"class_list":{"0":"post-18786","1":"product","2":"type-product","3":"status-publish","4":"has-post-thumbnail","6":"product_cat-pompieri-incisione","8":"first","9":"instock","10":"taxable","11":"shipping-taxable","12":"purchasable","13":"product-type-simple"},"_links":{"self":[{"href":"https:\/\/metal-badge.ch\/it\/wp-json\/wp\/v2\/product\/18786","targetHints":{"allow":["GET"]}}],"collection":[{"href":"https:\/\/metal-badge.ch\/it\/wp-json\/wp\/v2\/product"}],"about":[{"href":"https:\/\/metal-badge.ch\/it\/wp-json\/wp\/v2\/types\/product"}],"replies":[{"embeddable":true,"href":"https:\/\/metal-badge.ch\/it\/wp-json\/wp\/v2\/comments?post=18786"}],"wp:featuredmedia":[{"embeddable":true,"href":"https:\/\/metal-badge.ch\/it\/wp-json\/wp\/v2\/media\/18783"}],"wp:attachment":[{"href":"https:\/\/metal-badge.ch\/it\/wp-json\/wp\/v2\/media?parent=18786"}],"wp:term":[{"taxonomy":"product_brand","embeddable":true,"href":"https:\/\/metal-badge.ch\/it\/wp-json\/wp\/v2\/product_brand?post=18786"},{"taxonomy":"product_cat","embeddable":true,"href":"https:\/\/metal-badge.ch\/it\/wp-json\/wp\/v2\/product_cat?post=18786"},{"taxonomy":"product_tag","embeddable":true,"href":"https:\/\/metal-badge.ch\/it\/wp-json\/wp\/v2\/product_tag?post=18786"}],"curies":[{"name":"wp","href":"https:\/\/api.w.org\/{rel}","templated":true}]}}