{"id":18695,"date":"2011-01-20T23:54:00","date_gmt":"2011-01-20T23:54:00","guid":{"rendered":"https:\/\/shop.metal-badge.ch\/?product=key-finder-cerca-chiave-con-luce-led"},"modified":"2023-01-10T03:57:19","modified_gmt":"2023-01-10T02:57:19","slug":"key-finder-cerca-chiave-con-luce-led","status":"publish","type":"product","link":"https:\/\/metal-badge.ch\/it\/product\/18695\/key-finder-cerca-chiave-con-luce-led\/","title":{"rendered":"Key Finder: Cerca chiave con luce LED"},"content":{"rendered":"<p><strong>Non cercate pi\u00f9 mai le vostre chiavi, n\u00e9 il foro della serratura.<\/strong><\/p>\n<p>\u00c8 come stregoneria: Ogni volta che affretta, le chiavi sono introvabili. Li cercate ovunque, nelle tasche e i cassetti, sotto il giornale e in tutti i\u201cnascondigli preferiti&#8221;&#8230;  O allora con calma, fate uscire l&#8217;emettitore di segnale (carta) dai portamonete e sostenere semplicemente sul bottone.  Con il segnale, il ricevitore del portachiavi \u00e8 attivato e li comincia a rispondere subito da parte di un bip rumoroso e da parte di segnali luminosi chiari. Troverete cos\u00ec il suo nascondiglio. <\/p>\n<p>Cos\u00ec le ricerche noiose del portachiavi cessano. Con questa cerca chiave \/ Keyfinder, troverete il vostro portachiavi con una sola pressione di bottone. Le chiavi sono fissate al portachiavi del ricevitore di segnale che ha pi\u00f9 in una luce LED integrata, per trovare il foro della serratura nella notte. L&#8217;emettitore di segnale somiglia a una carta di credito e pu\u00f2 anche essere messa nello scompartim\u00e9nto di carte di credito del portafoglio. Se la chiave \u00e8 depositata o persa, fate uscire semplicemente la carta d&#8217;emissione di segnale e sostenete sul bottone. Il ricevitore di vostro portachiavi \u00e8 ora attivato e li comincia a rispondere emettendo un bip e un segnale luminoso. Cos\u00ec, trovate subito il nascondiglio involontario.<\/p>\n<p>La sera, vi rallegrate oltre all&#8217;illuminazione pratica per chiavi: HiPower-LED molto luminosi si rende volentieri utile sui posti di parcheggio scuri e aiuto da trovare il foro della serratura.<\/p>\n<p>(Set emettitore e ricevitore)<\/p>\n<p>\n<strong>Descrizione:<\/strong> <\/p>\n<p>Il set cerca chiave si compone di un emettitore e di un ricevitore con allarme bip e luce. La nuova soluzione high-tech per trovare le vostre chiavi con semplice pressione di un bottone.  <br \/>\nQuesta cerca chiave utilizza ogni la nuova funzione d&#8217;onda elettronica per trovare le vostre chiavi.  Fino a 25 metri, non importa, dove vi troviate. Una semplice manipolazione della carta di controllo e un bip unico vi sono inviato. Poi, un suono bip forte risuona del ricevitore e trovate la vostra chiave. Anche se la chiave \u00e8 dissimulata sotto una grande quantit\u00e0 di vestiti, in una tasca di giacca o nell&#8217;armadio, la trovate ora.<\/p>\n<p><strong>In uno sguardo \u2026<\/strong><\/p>\n<p>&#8211; Ricevitore da chiave leggero ma robusto<br \/>\n&#8211; Emettitore della dimensione di una carta di credito, conviene a tutti i portafogli, portamonete, ecc.<br \/>\n&#8211; Tecnologia di ricerca superiore &#8211; semplicemente per pressione di bottone (non applaudire o fischiare)<br \/>\n&#8211; Lunghezza raggio d&#8217;azione: 25 m <br \/>\n&#8211; Durata di vita delle batterie: tra cui 2 batterie di sostituzione, oltre 2 anni con standard.  <br \/>\n&#8211; Il ricevitore di cerca chiave lavora anche come mini lampada tascabile. <br \/>&#8211; Il regalo perfetto per i disattenti.<\/p>\n<p><strong>Specificazioni del fabbricante:<\/strong><br \/>\n&#8211; Funzione primaria: cerca chiave con segnale sonoro<br \/>\n&#8211; Raggio d&#8217;azione del ricevitore \/ emettitore: 25 m<br \/>\n&#8211; Modo d&#8217;allarme: bip e luce<br \/>\n&#8211; Durata di vita delle batterie: oltre 2 anni <br \/>\n&#8211; Peso: 20 gr.<br \/>\n&#8211; Sensore (anello di chiavi): 85 x 34 x 13 mm<br \/>\n&#8211; (carta): 83 x 55 x 4 mm<\/p>\n<p>\n<strong>Contenuto dell&#8217;imballaggio:<\/strong><\/p>\n<p>&#8211; Emettitore con 2x batterie di litio CR2016  <br \/>\n&#8211; Ricevitore con 2x batterie di litio CR2032  <br \/>\n&#8211; Manuale d&#8217;utilizzo in inglese<\/p>\n","protected":false},"excerpt":{"rendered":"<p>Non cercate pi\u00f9 mai le vostre chiavi, n\u00e9 il foro della serratura. \u00c8 come stregoneria: Ogni volta che affretta, le chiavi sono introvabili. Li cercate ovunque, nelle tasche e i cassetti, sotto il giornale e in tutti i\u201cnascondigli preferiti&#8221;&#8230; O allora con calma, fate uscire l&#8217;emettitore di segnale (carta) dai portamonete e sostenere semplicemente sul [&hellip;]<\/p>\n","protected":false},"featured_media":93886,"comment_status":"open","ping_status":"closed","template":"","meta":{"inline_featured_image":false},"product_brand":[],"product_cat":[888,952],"product_tag":[],"class_list":{"0":"post-18695","1":"product","2":"type-product","3":"status-publish","4":"has-post-thumbnail","6":"product_cat-accessori","7":"product_cat-portachiavi-moschettone","9":"first","10":"instock","11":"taxable","12":"shipping-taxable","13":"purchasable","14":"product-type-simple"},"_links":{"self":[{"href":"https:\/\/metal-badge.ch\/it\/wp-json\/wp\/v2\/product\/18695","targetHints":{"allow":["GET"]}}],"collection":[{"href":"https:\/\/metal-badge.ch\/it\/wp-json\/wp\/v2\/product"}],"about":[{"href":"https:\/\/metal-badge.ch\/it\/wp-json\/wp\/v2\/types\/product"}],"replies":[{"embeddable":true,"href":"https:\/\/metal-badge.ch\/it\/wp-json\/wp\/v2\/comments?post=18695"}],"wp:featuredmedia":[{"embeddable":true,"href":"https:\/\/metal-badge.ch\/it\/wp-json\/wp\/v2\/media\/93886"}],"wp:attachment":[{"href":"https:\/\/metal-badge.ch\/it\/wp-json\/wp\/v2\/media?parent=18695"}],"wp:term":[{"taxonomy":"product_brand","embeddable":true,"href":"https:\/\/metal-badge.ch\/it\/wp-json\/wp\/v2\/product_brand?post=18695"},{"taxonomy":"product_cat","embeddable":true,"href":"https:\/\/metal-badge.ch\/it\/wp-json\/wp\/v2\/product_cat?post=18695"},{"taxonomy":"product_tag","embeddable":true,"href":"https:\/\/metal-badge.ch\/it\/wp-json\/wp\/v2\/product_tag?post=18695"}],"curies":[{"name":"wp","href":"https:\/\/api.w.org\/{rel}","templated":true}]}}