{"id":18400,"date":"2010-11-20T16:13:46","date_gmt":"2010-11-20T16:13:46","guid":{"rendered":"https:\/\/shop.metal-badge.ch\/?product=astuccio-in-cuoio-advanced-pompieri-incisione"},"modified":"2020-11-22T22:58:03","modified_gmt":"2020-11-22T21:58:03","slug":"astuccio-in-cuoio-advanced-pompieri-incisione","status":"publish","type":"product","link":"https:\/\/metal-badge.ch\/it\/product\/18400\/astuccio-in-cuoio-advanced-pompieri-incisione\/","title":{"rendered":"Astuccio in cuoio &#8220;Advanced&#8221; Pompieri, incisione"},"content":{"rendered":"<p>Astuccio di cuoio vachette nero ribaltabile al formato pratico. Un scomparto per moneta con chiusura con bottone e badge sulla parte esterna \u00e8 adeguato a questo astuccio. Finestra per carte d&#8217;identit\u00e0 e scomparti supplementari per 6 a 7 carte di credito. Un scomparto a biglietti \u00e8 incluso nel nell&#8217;astuccio. Dimensioni: larghezza 10,5 centimetri \/ altezza 7,5 cm.<\/p>\n<p>Inserisci il testo per l&#8217;incisione nel campo commenti di ordinare &#8220;al traguardo di ordine (vedi terza immagine). La lunghezza massima del testo \u00e8 di 10 caratteri.<\/p>\n<p>Attenzione: I badge con incisione sono mandati solamente contro pagamento anticipo (non contro-rimborso).<\/p>\n<p>Prezzi incisione: 1 badge = CHF 30.-<\/p>\n<p>Prezzi incisione: 2 &#8211; 5 badges = CHF 25.-<\/p>\n<p>Prezzi incisione: 6 &#8211; 10 badges = CHF 20.-<\/p>\n<p>Prezzi incisione: da 10 pezzi = CHF 15.-<\/p>\n<p>Per ordini \u201ebadge con incisione\u201c, il tempo di consegna \u00e8 di 3-4 settimane.<\/p>\n","protected":false},"excerpt":{"rendered":"<p>Astuccio di cuoio vachette nero ribaltabile al formato pratico. Un scomparto per moneta con chiusura con bottone e badge sulla parte esterna \u00e8 adeguato a questo astuccio. Finestra per carte d&#8217;identit\u00e0 e scomparti supplementari per 6 a 7 carte di credito. Un scomparto a biglietti \u00e8 incluso nel nell&#8217;astuccio. Dimensioni: larghezza 10,5 centimetri \/ altezza [&hellip;]<\/p>\n","protected":false},"featured_media":18396,"comment_status":"open","ping_status":"closed","template":"","meta":{"inline_featured_image":false},"product_brand":[],"product_cat":[1020],"product_tag":[],"class_list":{"0":"post-18400","1":"product","2":"type-product","3":"status-publish","4":"has-post-thumbnail","6":"product_cat-pompieri-incisione","8":"first","9":"instock","10":"taxable","11":"shipping-taxable","12":"purchasable","13":"product-type-simple"},"_links":{"self":[{"href":"https:\/\/metal-badge.ch\/it\/wp-json\/wp\/v2\/product\/18400","targetHints":{"allow":["GET"]}}],"collection":[{"href":"https:\/\/metal-badge.ch\/it\/wp-json\/wp\/v2\/product"}],"about":[{"href":"https:\/\/metal-badge.ch\/it\/wp-json\/wp\/v2\/types\/product"}],"replies":[{"embeddable":true,"href":"https:\/\/metal-badge.ch\/it\/wp-json\/wp\/v2\/comments?post=18400"}],"wp:featuredmedia":[{"embeddable":true,"href":"https:\/\/metal-badge.ch\/it\/wp-json\/wp\/v2\/media\/18396"}],"wp:attachment":[{"href":"https:\/\/metal-badge.ch\/it\/wp-json\/wp\/v2\/media?parent=18400"}],"wp:term":[{"taxonomy":"product_brand","embeddable":true,"href":"https:\/\/metal-badge.ch\/it\/wp-json\/wp\/v2\/product_brand?post=18400"},{"taxonomy":"product_cat","embeddable":true,"href":"https:\/\/metal-badge.ch\/it\/wp-json\/wp\/v2\/product_cat?post=18400"},{"taxonomy":"product_tag","embeddable":true,"href":"https:\/\/metal-badge.ch\/it\/wp-json\/wp\/v2\/product_tag?post=18400"}],"curies":[{"name":"wp","href":"https:\/\/api.w.org\/{rel}","templated":true}]}}