{"id":17870,"date":"2010-08-16T12:43:16","date_gmt":"2010-08-16T12:43:16","guid":{"rendered":"https:\/\/shop.metal-badge.ch\/?product=cintura-portafogli-verde-oliva"},"modified":"2010-08-19T16:50:25","modified_gmt":"2010-08-19T16:50:25","slug":"cintura-portafogli-verde-oliva","status":"publish","type":"product","link":"https:\/\/metal-badge.ch\/it\/product\/17870\/cintura-portafogli-verde-oliva\/","title":{"rendered":"Cintura portafogli verde oliva"},"content":{"rendered":"<p>La cintura di tessile offerta qui \u00e8 in terylene, questa fibra sintetica che presenta i seguenti vantaggi: resistenza alla lacerazione e all&#8217;abrasione, alta immunit\u00e0 a fluttuazioni di temperatura, peso leggero, basso assorbimento di umidit\u00e0, quindi un asciugatura rapida, resistenza ai raggi UV e non si tratto di umidit\u00e0. Una cintura portafogli classica o cintura di sicurezza con una chiusura in metallo platina spazzolato. La chiusura robusta, di forma elegante pu\u00f2 essere aperta e rimosso dall&#8217;interno attraverso una chiusura scorrevole.<\/p>\n<p>Le cinture portafogli sono sempre fra gli accessori classici per conservare il denaro in occasione di viaggi. La cintura portafogli offerta qui \u00e8 disponible in 3 lunghezza diverse di 100 cm a 120 cm. Le cinture possono essere ridotti individualmente. La larghezza della ceintura \u00e8 dei 3.8 cm.<\/p>\n<p>Al suo interno si trova uno scomparto a zip, di circa 30 cm, per nascondere banconote o documenti con discrezione vicino al corpo. Grazie alla grande larghezza di 38 mm della cintura portafogli \/ cintura di sicurezza, il scomparto segreto interno resta cosi abbastanza ampio.<\/p>\n<p><b>Si prega di consultare anche le nostre cinture di cuoio nel shop. <\/b> <\/p>\n<p>Informazione sul prodotto: cintura di tessile \/ moneybelt<\/p>\n<ul>\n<li>In terylene<\/li>\n<li>Colore: verde oliva <\/li>\n<li>Lunghezza: di 100 cm a 120 cm<\/li>\n<li>Larghezza: 3.8 cm<\/li>\n<li>Cerniera per accorciare facilmente    <\/li>\n<li>Chiusura lucidata nichelata opaca, di forma elegante <\/li>\n<li>per i grandi comandi fino a 50 pezzi, ribasso. Volete per favore prenderci contatto.   <\/li>\n<\/ul>\n<p><a href=\\\"..\/shop\/pdf\/cintura_tabella?osCAdminID=63877ea2a3c383744bf9a75aed19f688&#038;osCAdminID=63877ea2a3c383744bf9a75aed19f688&#038;osCAdminID=6e99696182974fc88e1d5943e1b94b3c&#038;osCAdminID=6e99696182974fc88e1d5943e1b94b3c&#038;osCAdminID=6e99696182974fc88e1d5943e1b94b3c&#038;osCAdminID=6e99696182974fc88e1d5943e1b94b3c&#038;osCAdminID=6e99696182974fc88e1d5943e1b94b3c&#038;osCAdminID=6e99696182974fc88e1d5943e1b94b3c&#038;osCAdminID=6e99696182974fc88e1d5943e1b94b3c&#038;osCAdminID=6e99696182974fc88e1d5943e1b94b3c dimensioni_i.pdf\"\n target=\\\"_blank\\\">Tabella di dimensioni (PDF)<\/a><\/p>\n","protected":false},"excerpt":{"rendered":"<p>La cintura di tessile offerta qui \u00e8 in terylene, questa fibra sintetica che presenta i seguenti vantaggi: resistenza alla lacerazione e all&#8217;abrasione, alta immunit\u00e0 a fluttuazioni di temperatura, peso leggero, basso assorbimento di umidit\u00e0, quindi un asciugatura rapida, resistenza ai raggi UV e non si tratto di umidit\u00e0. Una cintura portafogli classica o cintura di [&hellip;]<\/p>\n","protected":false},"featured_media":94026,"comment_status":"open","ping_status":"closed","template":"","meta":{"inline_featured_image":false},"product_brand":[],"product_cat":[1348,1436,1647],"product_tag":[1770,1774,1778,1782,1766],"class_list":{"0":"post-17870","1":"product","2":"type-product","3":"status-publish","4":"has-post-thumbnail","6":"product_cat-accessori-per-esercito-caccia","7":"product_cat-campeggio-viaggio","8":"product_cat-cinture-cinture-tattica","9":"product_tag-army-survival-it","10":"product_tag-caccia-pesca","11":"product_tag-campeggio-viaggio","12":"product_tag-polizia-sicurezza","13":"product_tag-sport-outdoor-it","15":"first","16":"instock","17":"taxable","18":"shipping-taxable","19":"purchasable","20":"product-type-simple"},"_links":{"self":[{"href":"https:\/\/metal-badge.ch\/it\/wp-json\/wp\/v2\/product\/17870","targetHints":{"allow":["GET"]}}],"collection":[{"href":"https:\/\/metal-badge.ch\/it\/wp-json\/wp\/v2\/product"}],"about":[{"href":"https:\/\/metal-badge.ch\/it\/wp-json\/wp\/v2\/types\/product"}],"replies":[{"embeddable":true,"href":"https:\/\/metal-badge.ch\/it\/wp-json\/wp\/v2\/comments?post=17870"}],"wp:featuredmedia":[{"embeddable":true,"href":"https:\/\/metal-badge.ch\/it\/wp-json\/wp\/v2\/media\/94026"}],"wp:attachment":[{"href":"https:\/\/metal-badge.ch\/it\/wp-json\/wp\/v2\/media?parent=17870"}],"wp:term":[{"taxonomy":"product_brand","embeddable":true,"href":"https:\/\/metal-badge.ch\/it\/wp-json\/wp\/v2\/product_brand?post=17870"},{"taxonomy":"product_cat","embeddable":true,"href":"https:\/\/metal-badge.ch\/it\/wp-json\/wp\/v2\/product_cat?post=17870"},{"taxonomy":"product_tag","embeddable":true,"href":"https:\/\/metal-badge.ch\/it\/wp-json\/wp\/v2\/product_tag?post=17870"}],"curies":[{"name":"wp","href":"https:\/\/api.w.org\/{rel}","templated":true}]}}