{"id":151429,"date":"2025-08-09T20:34:06","date_gmt":"2025-08-09T18:34:06","guid":{"rendered":"https:\/\/metal-badge.ch\/product\/151429\/lanterna-antivento-a-petrolio-piccola\/"},"modified":"2025-08-09T21:12:49","modified_gmt":"2025-08-09T19:12:49","slug":"lanterna-antivento-a-petrolio-piccola-verde","status":"publish","type":"product","link":"https:\/\/metal-badge.ch\/it\/product\/151429\/lanterna-antivento-a-petrolio-piccola-verde\/","title":{"rendered":"Lanterna antivento a petrolio piccola verde\u00a0"},"content":{"rendered":"<p><span style=\"font-weight: 400;\">Classica lanterna antivento a petrolio per una luce calda e suggestiva in tenda o in rifugio.<\/span><span style=\"font-weight: 400;\"><br \/>\n<\/span><span style=\"font-weight: 400;\">Chi non conosce le eleganti e utilissime lanterne a petrolio che illuminano anche la capanna pi\u00f9 spoglia nei classici western pi\u00f9 tempestosi? Oggi questa lanterna antivento \u00e8 realizzata in lamiera d&#8217;acciaio zincato, in modo da poter illuminare facilmente anche in caso di vento e intemperie. Con il suo peso leggero di 220 g e le sue dimensioni pratiche di 19 cm di altezza e 9,5 cm di diametro, \u00e8 anche facile da trasportare e occupa poco spazio. Nonostante la sua leggerezza, \u00e8 estremamente stabile e resistente alle intemperie, sia che venga tenuta in mano che appesa con la maniglia. Il vetro termoresistente protegge la fiamma dal vento e dalle intemperie. La lampada antivento funziona con olio per lampade, ma in caso di necessit\u00e0 pu\u00f2 essere alimentata anche con cherosene o petrolio. Questa lampada \u00e8 diventata un oggetto iconico ed \u00e8 apprezzata sia dai campeggiatori che dagli avventurieri.<\/span><\/p>\n<p><b>Informazioni prodotto:<\/b><\/p>\n<ul>\n<li><span style=\"font-weight: 400;\">Denominazione: Lanterna antivento a petrolio piccola<\/span><\/li>\n<li><span style=\"font-weight: 400;\">Utilizzo: illuminazione per ambienti esterni, campeggio e giardino&nbsp;<\/span><\/li>\n<li><span style=\"font-weight: 400;\">O semplicemente come elemento decorativo<\/span><\/li>\n<li><span style=\"font-weight: 400;\">Ideale per serate rilassanti<\/span><\/li>\n<li><span style=\"font-weight: 400;\">Vetro termoresistente<\/span><\/li>\n<li><span style=\"font-weight: 400;\">Dimensioni: altezza 19 cm\/diametro 9,5 cm<\/span><\/li>\n<li><span style=\"font-weight: 400;\">Funziona con olio per lampade\/cherosene o petrolio<\/span><\/li>\n<li><span style=\"font-weight: 400;\">Colore: verde&nbsp;<\/span><\/li>\n<li><span style=\"font-weight: 400;\">Materiale: lamiera d&#8217;acciaio zincata<\/span><\/li>\n<li><span style=\"font-weight: 400;\">Con stoppino piatto da 10 mm<\/span><\/li>\n<li><span style=\"font-weight: 400;\">Con sistema di sospensione e maniglia per il trasporto<\/span><\/li>\n<li><span style=\"font-weight: 400;\">Capacit\u00e0 serbatoio: 190 ml&nbsp;&nbsp;<\/span><\/li>\n<li><span style=\"font-weight: 400;\">Durata di combustione: 12 ore<\/span><\/li>\n<li><span style=\"font-weight: 400;\">Peso: 220 g <\/span><\/li>\n<\/ul>\n","protected":false},"excerpt":{"rendered":"<p><span style=\"font-weight: 400;\">Classica lanterna antivento a petrolio per una luce calda e suggestiva in tenda o in rifugio.<\/span><span style=\"font-weight: 400;\"><br \/>\n<\/span><span style=\"font-weight: 400;\">Chi non conosce le eleganti e utilissime lanterne a petrolio che illuminano anche la capanna pi\u00f9 spoglia nei classici western pi\u00f9 tempestosi? Oggi questa lanterna antivento \u00e8 realizzata in lamiera d&#8217;acciaio zincato, in modo da poter illuminare facilmente anche in caso di vento e intemperie. Con il suo peso leggero di 220 g e le sue dimensioni pratiche di 19 cm di altezza e 9,5 cm di diametro, \u00e8 anche facile da trasportare e occupa poco spazio.<\/span><\/p>\n","protected":false},"featured_media":151449,"comment_status":"closed","ping_status":"closed","template":"","meta":{"inline_featured_image":false},"product_brand":[],"product_cat":[1344,888,1348,1436],"product_tag":[1774],"class_list":{"0":"post-151429","1":"product","2":"type-product","3":"status-publish","4":"has-post-thumbnail","6":"product_cat-lampade-lampadina-tascabile","7":"product_cat-accessori","8":"product_cat-accessori-per-esercito-caccia","9":"product_cat-campeggio-viaggio","10":"product_tag-caccia-pesca","12":"first","13":"instock","14":"taxable","15":"shipping-taxable","16":"purchasable","17":"product-type-simple"},"_links":{"self":[{"href":"https:\/\/metal-badge.ch\/it\/wp-json\/wp\/v2\/product\/151429","targetHints":{"allow":["GET"]}}],"collection":[{"href":"https:\/\/metal-badge.ch\/it\/wp-json\/wp\/v2\/product"}],"about":[{"href":"https:\/\/metal-badge.ch\/it\/wp-json\/wp\/v2\/types\/product"}],"replies":[{"embeddable":true,"href":"https:\/\/metal-badge.ch\/it\/wp-json\/wp\/v2\/comments?post=151429"}],"wp:featuredmedia":[{"embeddable":true,"href":"https:\/\/metal-badge.ch\/it\/wp-json\/wp\/v2\/media\/151449"}],"wp:attachment":[{"href":"https:\/\/metal-badge.ch\/it\/wp-json\/wp\/v2\/media?parent=151429"}],"wp:term":[{"taxonomy":"product_brand","embeddable":true,"href":"https:\/\/metal-badge.ch\/it\/wp-json\/wp\/v2\/product_brand?post=151429"},{"taxonomy":"product_cat","embeddable":true,"href":"https:\/\/metal-badge.ch\/it\/wp-json\/wp\/v2\/product_cat?post=151429"},{"taxonomy":"product_tag","embeddable":true,"href":"https:\/\/metal-badge.ch\/it\/wp-json\/wp\/v2\/product_tag?post=151429"}],"curies":[{"name":"wp","href":"https:\/\/api.w.org\/{rel}","templated":true}]}}