{"id":151226,"date":"2025-08-01T08:02:49","date_gmt":"2025-08-01T06:02:50","guid":{"rendered":"https:\/\/metal-badge.ch\/?post_type=product&#038;p=151226"},"modified":"2025-08-01T19:19:17","modified_gmt":"2025-08-01T17:19:17","slug":"protezione-dalle-inondazioni-sacchi-di-sabbia-piccolo-pieni","status":"publish","type":"product","link":"https:\/\/metal-badge.ch\/it\/product\/151226\/protezione-dalle-inondazioni-sacchi-di-sabbia-piccolo-pieni\/","title":{"rendered":"Protezione dalle inondazioni \/ sacchi di sabbia piccolo pieni"},"content":{"rendered":"<p><b><i>Per la protezione dalle inondazioni, la barriera antiallagamento per eccellenza \u00e8 ideale anche per appesantire oggetti in giardino o sul balcone in caso di vento forte, ecc.&nbsp;<\/i><\/b><\/p>\n<p><span style=\"font-weight: 400;\">In caso di allagamenti, i sacchi di sabbia riempiti consentono di proteggere gli ingressi delle abitazioni, le porte delle cantine e dei garage senza perdere tempo.<\/span><\/p>\n<p><b>Lunghezza x Larghezza&nbsp;<\/b><\/p>\n<ul>\n<li><b>Piccolo 70 x 24 cm = Contenuto 17 kg&nbsp;&nbsp;&nbsp;&nbsp;<\/b><\/li>\n<\/ul>\n<p><b>A seconda del riempimento e della chiusura dei sacchi di sabbia, \u00e8 possibile una variazione di peso del +\/- 10%.<\/b><\/p>\n<p><b>Chiusura<\/b><\/p>\n<p><span style=\"font-weight: 400;\">I sacchi di sabbia riempiti sono legati. I sacchi di sabbia vuoti si possono legare facilmente con l&#8217;ausilio di un nastro.<\/span><\/p>\n<p><span style=\"font-weight: 400;\">Ricorda che non possiamo garantire la durata a lungo termine di tutti i sacchi di sabbia, zavorra e silos disponibili, soprattutto se conservati all&#8217;aperto.Questo \u00e8 dovuto al fatto che fattori ambientali imprevedibili come il gelo intenso, la grandine, l&#8217;acqua salata, la luce, l&#8217;intensit\u00e0 e la durata dell&#8217;esposizione al sole non sono prevedibili e possono influire sulla durata dei sacchi. Consigliamo di conservare i sacchi riempiti al riparo dal gelo, per assicurarsi che rimangano pronti all&#8217;uso anche nei mesi invernali.<\/span><\/p>\n<p><span style=\"font-weight: 400;\">Se desideri usare pi\u00f9 sacchi di sabbia uno accanto all&#8217;altro o uno sopra l&#8217;altro, \u00e8 meglio disporli come una fila di mattoni sovrapponendoli leggermente. Ogni strato dovrebbe coprire per met\u00e0 quello sottostante. I sacchi di sabbia offrono la flessibilit\u00e0 necessaria per adattarsi a qualsiasi terreno ed edificio.<\/span><\/p>\n<p><b>Informazioni prodotto:<\/b><\/p>\n<ul>\n<li><span style=\"font-weight: 400;\">Denominazione: Protezione dalle inondazioni\/sacchi di sabbia vuoti o pieni<\/span><b>&nbsp;<\/b><\/li>\n<li><span style=\"font-weight: 400;\">Una protezione ideale contro le inondazioni causate da forti piogge o piene.<\/span><\/li>\n<li><span style=\"font-weight: 400;\">La barriera antiallagamento per eccellenza<\/span><\/li>\n<li><span style=\"font-weight: 400;\">per appesantire oggetti in giardino o sul balcone in caso di vento<\/span><\/li>\n<li><span style=\"font-weight: 400;\">Massima protezione contro le inondazioni<\/span><\/li>\n<li><span style=\"font-weight: 400;\">I sacchi di sabbia riempiti consentono di proteggere gli ingressi delle abitazioni, le porte delle cantine e dei garage<\/span><\/li>\n<li><span style=\"font-weight: 400;\">Isolamento rapido in caso di emergenza<\/span><\/li>\n<li><span style=\"font-weight: 400;\">Elevata resistenza e facilit\u00e0 d&#8217;uso<\/span><\/li>\n<li><span style=\"font-weight: 400;\">Eccellente resistenza allo strappo<\/span><\/li>\n<li><span style=\"font-weight: 400;\">Stabile ai raggi UV<\/span><\/li>\n<li><span style=\"font-weight: 400;\">Circa 6-8 anni di conservazione e riutilizzabili<\/span><\/li>\n<li><span style=\"font-weight: 400;\">I sacchi di sabbia usati e riempiti si conservano per diversi mesi e sono quindi riutilizzabili&nbsp;<\/span><\/li>\n<li><span style=\"font-weight: 400;\">Elevata resistenza allo scorrimento&nbsp;<\/span><\/li>\n<li><span style=\"font-weight: 400;\">Ecologico e facile da smaltire<\/span><\/li>\n<li><span style=\"font-weight: 400;\">Buona qualit\u00e0, servizio efficiente<\/span><\/li>\n<li><span style=\"font-weight: 400;\">Ottimo rapporto qualit\u00e0-prezzo<\/span><\/li>\n<li><span style=\"font-weight: 400;\">Sacchi di sabbia \u2013 vuoti o pieni \u2013 disponibili&nbsp;<\/span><\/li>\n<li><span style=\"font-weight: 400;\">I sacchi sono disponibili in magazzino gi\u00e0 riempiti con un costo di consegna di 30,00-&nbsp;<\/span><\/li>\n<li><span style=\"font-weight: 400;\">Spedizione o consegna possibili con un supplemento<\/span><\/li>\n<li><span style=\"font-weight: 400;\">Tempi di consegna 5-9 giorni!<\/span><\/li>\n<\/ul>\n<p><b>Chiusura<\/b><\/p>\n<ul>\n<li><span style=\"font-weight: 400;\">I sacchi di sabbia riempiti sono legati. I sacchi di sabbia vuoti si possono legare facilmente con l&#8217;ausilio di un nastro.<\/span><\/li>\n<li><span style=\"font-weight: 400;\">Materiale: poliestere 60% \u2013 Tessuto di cotone 40%&nbsp;<\/span><\/li>\n<li><span style=\"font-weight: 400;\">Colore: verde<\/span><\/li>\n<li><span style=\"font-weight: 400;\">Dimensioni sacco di sabbia: Grande 70 x 40 cm \/ Medio 70 x 30 cm \/ Piccolo 70 x 24 cm<\/span><\/li>\n<li><span style=\"font-weight: 400;\">Peso sacco di sabbia vuoto: grande 215 g&nbsp; \/medio 165 g \/piccolo 140 g<\/span><\/li>\n<\/ul>\n<p><strong>Consegna con riempimento solo in Svizzera e con un supplemento da concordare&nbsp;<\/strong><\/p>\n<p><strong>Oppure ritiro in magazzino con costo di consegna di 30.- <\/strong><\/p>\n","protected":false},"excerpt":{"rendered":"<p><b><i>Per la protezione dalle inondazioni, la barriera antiallagamento per eccellenza \u00e8 ideale anche per appesantire oggetti in giardino o sul balcone in caso di vento forte, ecc.&nbsp;<\/i><\/b><\/p>\n<p><span style=\"font-weight: 400;\">In caso di allagamenti, i sacchi di sabbia riempiti consentono di proteggere gli ingressi delle abitazioni, le porte delle cantine e dei garage senza perdere tempo.<\/span><\/p>\n<p><strong>Consegna con riempimento solo in Svizzera e con un supplemento da concordare&nbsp;<\/strong><\/p>\n<p><strong>Oppure ritiro in magazzino con costo di consegna di 30.-<\/strong><\/p>\n","protected":false},"featured_media":151194,"comment_status":"closed","ping_status":"closed","template":"","meta":{"inline_featured_image":false},"product_brand":[],"product_cat":[2538,888],"product_tag":[1786],"class_list":{"0":"post-151226","1":"product","2":"type-product","3":"status-publish","4":"has-post-thumbnail","6":"product_cat-sacchi-di-sabbia-protezione-dalle-inondazioni","7":"product_cat-accessori","8":"product_tag-pronto-soccorso-soccorso","10":"first","11":"instock","12":"taxable","13":"shipping-taxable","14":"purchasable","15":"product-type-simple"},"_links":{"self":[{"href":"https:\/\/metal-badge.ch\/it\/wp-json\/wp\/v2\/product\/151226","targetHints":{"allow":["GET"]}}],"collection":[{"href":"https:\/\/metal-badge.ch\/it\/wp-json\/wp\/v2\/product"}],"about":[{"href":"https:\/\/metal-badge.ch\/it\/wp-json\/wp\/v2\/types\/product"}],"replies":[{"embeddable":true,"href":"https:\/\/metal-badge.ch\/it\/wp-json\/wp\/v2\/comments?post=151226"}],"wp:featuredmedia":[{"embeddable":true,"href":"https:\/\/metal-badge.ch\/it\/wp-json\/wp\/v2\/media\/151194"}],"wp:attachment":[{"href":"https:\/\/metal-badge.ch\/it\/wp-json\/wp\/v2\/media?parent=151226"}],"wp:term":[{"taxonomy":"product_brand","embeddable":true,"href":"https:\/\/metal-badge.ch\/it\/wp-json\/wp\/v2\/product_brand?post=151226"},{"taxonomy":"product_cat","embeddable":true,"href":"https:\/\/metal-badge.ch\/it\/wp-json\/wp\/v2\/product_cat?post=151226"},{"taxonomy":"product_tag","embeddable":true,"href":"https:\/\/metal-badge.ch\/it\/wp-json\/wp\/v2\/product_tag?post=151226"}],"curies":[{"name":"wp","href":"https:\/\/api.w.org\/{rel}","templated":true}]}}