{"id":150907,"date":"2025-07-29T21:01:54","date_gmt":"2025-07-29T19:01:54","guid":{"rendered":"https:\/\/metal-badge.ch\/product\/150907\/divisa-da-lavoro-per-fornitori-di-servizi-di-sicurezza-in-nero\/"},"modified":"2025-07-29T21:52:35","modified_gmt":"2025-07-29T19:52:35","slug":"divisa-da-lavoro-per-fornitori-di-servizi-di-sicurezza-in-nero","status":"publish","type":"product","link":"https:\/\/metal-badge.ch\/it\/product\/150907\/divisa-da-lavoro-per-fornitori-di-servizi-di-sicurezza-in-nero\/","title":{"rendered":"Divisa da lavoro per fornitori di servizi di sicurezza in nero"},"content":{"rendered":"<p><span style=\"font-weight: 400;\">Questa uniforme da lavoro professionale \u00e8 stata sviluppata appositamente per i fornitori di servizi di sicurezza che richiedono i massimi standard per i loro indumenti sia in ambienti interni che esterni. Il set composto da pantaloni, camicia e berretto da uniforme da lavoro combina funzionalit\u00e0, comfort e durata. Realizzato in tessuto di nylon\/spandex, il completo offre un&#8217;eccellente resistenza all&#8217;usura e un&#8217;elevata elasticit\u00e0, garantendo la massima libert\u00e0 di movimento. Grazie all&#8217;elasticit\u00e0, l&#8217;uniforme da lavoro \u00e8 molto comoda da indossare e si adatta bene, garantendo un aspetto professionale. Durata e cura: il nylon non \u00e8 solo robusto, ma anche facile da pulire. L&#8217;uniforme \u00e8 facile da pulire e mantiene la sua forma e funzionalit\u00e0 anche dopo un uso frequente.<\/span><\/p>\n<p><b>Informazioni prodotto:&nbsp;<\/b><\/p>\n<ul>\n<li><span style=\"font-weight: 400;\">Descrizione: R56 Rescue<\/span><\/li>\n<li><span style=\"font-weight: 400;\">Divisa da lavoro per fornitori di servizi di sicurezza Pantaloni, camicia, berretto<\/span><\/li>\n<li><span style=\"font-weight: 400;\">Perfetta per l&#8217;uso quotidiano nel servizio di sicurezza: funzionale, robusta e confortevole<\/span><\/li>\n<li><span style=\"font-weight: 400;\">Versatilit\u00e0: ideale per pattuglie di sorveglianza, protezione di oggetti e sicurezza in occasione di eventi<\/span><\/li>\n<li><span style=\"font-weight: 400;\">Colore: nero&nbsp;<\/span><\/li>\n<li><span style=\"font-weight: 400;\">Materiale: 87% nylon\/13% spandex&nbsp;<\/span><\/li>\n<li><span style=\"font-weight: 400;\">resistente, antistrappo e facile da pulire<\/span><\/li>\n<li><span style=\"font-weight: 400;\">Comfort: tessuto elasticizzato per un&#8217;elevata flessibilit\u00e0 e libert\u00e0 di movimento<\/span><\/li>\n<li><span style=\"font-weight: 400;\">tessuto elastico&nbsp;<\/span><\/li>\n<li><span style=\"font-weight: 400;\">GSM: 155 g\/sm&nbsp;<\/span><\/li>\n<li><span style=\"font-weight: 400;\">impermeabile<\/span><\/li>\n<li><span style=\"font-weight: 400;\">Facile da pulire e lavabile in lavatrice a 40\u00b0<\/span><\/li>\n<\/ul>\n<p><b>Camicia uniforme:<\/b><span style=\"font-weight: 400;\">&nbsp;<\/span><\/p>\n<ul>\n<li><span style=\"font-weight: 400;\">La camicia con tanti extra<\/span><\/li>\n<li><span style=\"font-weight: 400;\">Camicia a maniche lunghe nera<\/span> <span style=\"font-weight: 400;\">elasticizzata&nbsp;per un&nbsp;comfort&nbsp;ottimale,<\/span><b><br \/>\n<\/b><span style=\"font-weight: 400;\"> velcro 5 cm x 7 cm sulla manica destra&nbsp;<\/span><\/li>\n<li><span style=\"font-weight: 400;\">Velcro 9 cm x 7 cm sulla manica sinistra&nbsp;<\/span><\/li>\n<li><span style=\"font-weight: 400;\">Passanti per spalline per distintivi di grado, ecc.&nbsp;<\/span><\/li>\n<li><span style=\"font-weight: 400;\">Polsini regolabili con 2 bottoni<\/span><\/li>\n<li><span style=\"font-weight: 400;\">Colletto alla coreana\/risvoltato&nbsp;<\/span><\/li>\n<li><span style=\"font-weight: 400;\">Ampia tasca sul petto con chiusura in velcro a sinistra<\/span><\/li>\n<li><span style=\"font-weight: 400;\">Ampia tasca sul petto con cerniera verticale impermeabile&nbsp;<\/span><\/li>\n<li><span style=\"font-weight: 400;\">Velcro sul retro 26 cm x 6 cm&nbsp;<\/span><\/li>\n<li><span style=\"font-weight: 400;\">Velcro a sinistra per nome 7 cm x 2,5 cm<\/span><\/li>\n<li><span style=\"font-weight: 400;\">Supporto a sinistra per penna a sfera o supporto radio&nbsp;<\/span><\/li>\n<li><span style=\"font-weight: 400;\">Abbottonatura con 7 bottoni<\/span><\/li>\n<\/ul>\n<p><b>Pantaloni uniforme:<\/b><\/p>\n<ul>\n<li><span style=\"font-weight: 400;\">Colore: nero<\/span><\/li>\n<li><span style=\"font-weight: 400;\">elastici e di buona vestibilit\u00e0<\/span><b><br \/>\n<\/b><\/li>\n<li><span style=\"font-weight: 400;\">2 ampie tasche posteriori con velcro<\/span><span style=\"font-weight: 400;\"><br \/>\n<\/span><\/li>\n<li><span style=\"font-weight: 400;\">2 ampie tasche frontali<\/span><b>&nbsp;<\/b><\/li>\n<li><span style=\"font-weight: 400;\">2 ampie tasche con velcro sulle gambe<\/span><\/li>\n<li><span style=\"font-weight: 400;\">2 tasche aperte sul lato destro della gamba per pile o penne<\/span><b><br \/>\n<\/b><\/li>\n<li><span style=\"font-weight: 400;\">Fondo gamba: con chiusura in velcro per regolazione individuale<\/span><\/li>\n<li><span style=\"font-weight: 400;\">Patta con bottone automatico e cerniera<\/span><span style=\"font-weight: 400;\"><br \/>\n<\/span><\/li>\n<li><span style=\"font-weight: 400;\">5 passanti per cintura altezza 5,5 cm<\/span><\/li>\n<li><span style=\"font-weight: 400;\">2 anelli di plastica per attaccare il portachiavi, ecc.&nbsp;<\/span><\/li>\n<li><span style=\"font-weight: 400;\">Cintura regolabile con velcro ed elastico<\/span><\/li>\n<li><span style=\"font-weight: 400;\">Inoltre: i pantaloni e la camicia dell&#8217;uniforme sono forniti con un berretto regolabile, anch&#8217;esso dotato di velcro per distintivi.<\/span><\/li>\n<\/ul>\n<p><b>Berretto:<\/b><b><br \/>\n<\/b><\/p>\n<ul>\n<li><span style=\"font-weight: 400;\">Taglia: regolabile<\/span><span style=\"font-weight: 400;\"><br \/>\n<\/span><\/li>\n<li><span style=\"font-weight: 400;\">Particolarit\u00e0: velcro morbido sul davanti per distintivi<\/span><\/li>\n<\/ul>\n<p><b><i>Questi pantaloni con camicia e berretto sono la scelta perfetta per chi apprezza la funzionalit\u00e0, il comfort e un aspetto professionale. Ideale per l&#8217;uso nel settore della sicurezza.<\/i><\/b><\/p>\n<ul>\n<li><span style=\"font-weight: 400;\">Peso: pantaloni con camicia e berretto: circa 850 g L<\/span><\/li>\n<li><span style=\"font-weight: 400;\">Taglie asiatiche: L, XL, 2XL, 3XL, 4XL, 5XL <\/span><\/li>\n<\/ul>\n","protected":false},"excerpt":{"rendered":"<p><span style=\"font-weight: 400;\">Questa uniforme da lavoro professionale \u00e8 stata sviluppata appositamente per i fornitori di servizi di sicurezza che richiedono i massimi standard per i loro indumenti sia in ambienti interni che esterni. Il set composto da pantaloni, camicia e berretto da uniforme da lavoro combina funzionalit\u00e0, comfort e durata. Realizzato in tessuto di nylon\/spandex, il completo offre un&#8217;eccellente resistenza all&#8217;usura e un&#8217;elevata elasticit\u00e0, garantendo la massima libert\u00e0 di movimento. Grazie all&#8217;elasticit\u00e0, l&#8217;uniforme da lavoro \u00e8 molto comoda da indossare e si adatta bene, garantendo un aspetto professionale. Durata e cura: il nylon non \u00e8 solo robusto, ma anche facile da pulire. L&#8217;uniforme \u00e8 facile da pulire e mantiene la sua forma e funzionalit\u00e0 anche dopo un uso frequente.<\/span><\/p>\n","protected":false},"featured_media":150808,"comment_status":"closed","ping_status":"closed","template":"","meta":{"inline_featured_image":false},"product_brand":[],"product_cat":[1104,1577,1615],"product_tag":[],"class_list":{"0":"post-150907","1":"product","2":"type-product","3":"status-publish","4":"has-post-thumbnail","6":"product_cat-abbigliamento","7":"product_cat-camicie","8":"product_cat-pantaloni-and-shorts","10":"first","11":"instock","12":"taxable","13":"shipping-taxable","14":"purchasable","15":"product-type-simple"},"_links":{"self":[{"href":"https:\/\/metal-badge.ch\/it\/wp-json\/wp\/v2\/product\/150907","targetHints":{"allow":["GET"]}}],"collection":[{"href":"https:\/\/metal-badge.ch\/it\/wp-json\/wp\/v2\/product"}],"about":[{"href":"https:\/\/metal-badge.ch\/it\/wp-json\/wp\/v2\/types\/product"}],"replies":[{"embeddable":true,"href":"https:\/\/metal-badge.ch\/it\/wp-json\/wp\/v2\/comments?post=150907"}],"wp:featuredmedia":[{"embeddable":true,"href":"https:\/\/metal-badge.ch\/it\/wp-json\/wp\/v2\/media\/150808"}],"wp:attachment":[{"href":"https:\/\/metal-badge.ch\/it\/wp-json\/wp\/v2\/media?parent=150907"}],"wp:term":[{"taxonomy":"product_brand","embeddable":true,"href":"https:\/\/metal-badge.ch\/it\/wp-json\/wp\/v2\/product_brand?post=150907"},{"taxonomy":"product_cat","embeddable":true,"href":"https:\/\/metal-badge.ch\/it\/wp-json\/wp\/v2\/product_cat?post=150907"},{"taxonomy":"product_tag","embeddable":true,"href":"https:\/\/metal-badge.ch\/it\/wp-json\/wp\/v2\/product_tag?post=150907"}],"curies":[{"name":"wp","href":"https:\/\/api.w.org\/{rel}","templated":true}]}}