{"id":150593,"date":"2025-07-29T06:26:38","date_gmt":"2025-07-29T04:26:39","guid":{"rendered":"https:\/\/metal-badge.ch\/?post_type=product&#038;p=150593"},"modified":"2025-07-29T06:37:01","modified_gmt":"2025-07-29T04:37:01","slug":"cassaforte-biometrica-per-armi-di-piccolo-calibro-fingerprint-safe-box-jp-118","status":"publish","type":"product","link":"https:\/\/metal-badge.ch\/it\/product\/150593\/cassaforte-biometrica-per-armi-di-piccolo-calibro-fingerprint-safe-box-jp-118\/","title":{"rendered":"Cassaforte biometrica per armi di piccolo calibro\/Fingerprint Safe Box JP-118"},"content":{"rendered":"<p><span style=\"font-weight: 400;\">Cassaforte biometrica con impronta digitale, cassaforte personale con serratura a tastiera, cassaforte di sicurezza con 2 chiavi, cassaforte domestica per oggetti di valore, contanti, gioielli, documenti importanti, armi, ecc.&nbsp;<\/span><\/p>\n<p><span style=\"font-weight: 400;\">Tre modi di accesso: la nostra cassaforte per pistole ha tre meccanismi di sblocco, tramite impronta digitale, chiave e codice numerico. Con un tempo di sblocco inferiore a 1 secondo e una precisione superiore al 98%, puoi accedere velocemente ai tuoi oggetti di valore. Offriamo anche due chiavi e una scelta di password a 4 o 6 cifre per garantire sicurezza e comodit\u00e0.<\/span><\/p>\n<p><span style=\"font-weight: 400;\">Installazione con doppia sicurezza: per stare tranquilli, la nostra cassetta di sicurezza per pistole e oggetti di valore ha 3 fori per le viti, che sono in dotazione. Basta fissare la cassaforte a qualsiasi oggetto fisso per avere una maggiore protezione contro i furti. Il montaggio \u00e8 semplice e veloce.<\/span><\/p>\n<p><span style=\"font-weight: 400;\">Protezione interna migliorata: l&#8217;interno della nostra cassaforte per pistole ha un inserto in schiuma che garantisce un comfort aggiuntivo ed \u00e8 rimovibile. La lamiera in acciaio Q235 spessa 3 mm, laminata a freddo e verniciata a polvere, garantisce durata e resistenza e assicura che i tuoi oggetti di valore siano completamente protetti.<\/span><\/p>\n<p><span style=\"font-weight: 400;\">In modalit\u00e0 silenziosa, puoi accedere in modo discreto ai tuoi effetti personali senza disturbare nessuno.<\/span><\/p>\n<p><span style=\"font-weight: 400;\">Dimensioni compatte con ampio spazio contenitivo: nonostante il suo design compatto, la nostra valigetta per armi offre spazio sufficiente per due pistole, oggetti personali di valore o documenti importanti. La cassetta di sicurezza funziona con 4 batterie AA\/1,5 V. La cassetta \u00e8 dotata di un indicatore di batteria scarica.&nbsp;<\/span><\/p>\n<p><span style=\"font-weight: 400;\">La cassetta di sicurezza include una serratura di riserva con due chiavi di sicurezza. Conserva le chiavi fuori dalla cassetta di sicurezza. Questa cassetta di sicurezza \u00e8 anche dotata di una barra di sicurezza con fermo a molla e si apre automaticamente, ammortizzando il movimento del coperchio che si solleva verso l&#8217;alto.&nbsp;<\/span><\/p>\n<p><span style=\"font-weight: 400;\">L&#8217;impronta digitale \u00e8 sufficiente, ma questa cassaforte \u00e8 sicura come nessun&#8217;altra! Ogni persona ha impronte digitali uniche, quindi solo chi ha registrato le impronte in precedenza pu\u00f2 aprire la cassetta. \u00c8 sufficiente appoggiare il dito sullo scanner e in meno di un secondo la cassetta si apre. \u00c8 possibile programmare fino a 200 impronte digitali.&nbsp;<\/span><\/p>\n<p><b>Informazioni prodotto:<\/b><\/p>\n<ul>\n<li><span style=\"font-weight: 400;\">Denominazione: Cassetta di sicurezza robusta&nbsp;<\/span><\/li>\n<li><span style=\"font-weight: 400;\">Materiale: acciaio laminato a freddo Q235, verniciato a polvere<\/span><\/li>\n<li><span style=\"font-weight: 400;\">Modello: JP-118 con scanner di impronte digitali e combinazione numerica<\/span><\/li>\n<li><span style=\"font-weight: 400;\">La cassetta \u00e8 dotata di 3 fori per viti e 3 viti&nbsp;<\/span><\/li>\n<li><span style=\"font-weight: 400;\">La cassaforte memorizza fino a 200 impronte digitali.<\/span><\/li>\n<li><span style=\"font-weight: 400;\">Proteggi la tua arma, il denaro e gli oggetti di valore&nbsp;a casa, in auto, in ufficio&nbsp;<\/span><\/li>\n<li><span style=\"font-weight: 400;\">Colore: nero<\/span><\/li>\n<li><span style=\"font-weight: 400;\">Peso: 4.950 g batterie escluse<\/span><\/li>\n<li><span style=\"font-weight: 400;\">Alimentazione: 4 batterie AA da 1,5 volt (non incluse)<\/span><\/li>\n<li><span style=\"font-weight: 400;\">In caso di batterie scariche, viene emesso un segnale acustico&nbsp;<\/span><\/li>\n<li><span style=\"font-weight: 400;\">Risoluzione biometrica: 500 DPI<\/span><\/li>\n<li><span style=\"font-weight: 400;\">Tempo di riconoscimento dell&#8217;impronta digitale: meno di 1 secondo<\/span><\/li>\n<li><span style=\"font-weight: 400;\">Probabilit\u00e0 di errore con impronta digitale corretta: max 0,01%<\/span><\/li>\n<li><span style=\"font-weight: 400;\">Probabilit\u00e0 che un&#8217;impronta digitale errata apra la serratura: max 0,0001%<\/span><\/li>\n<li><span style=\"font-weight: 400;\">Dimensioni: 340 x 250 x 100 (mm)<\/span><\/li>\n<li><span style=\"font-weight: 400;\">In caso di batterie scariche, la cassetta pu\u00f2 essere aperta utilizzando la chiave di emergenza.<\/span><\/li>\n<li><span style=\"font-weight: 400;\">Le impronte digitali salvate non vanno perse alla sostituzione delle batterie.<\/span><\/li>\n<li><span style=\"font-weight: 400;\">La confezione include 2 chiavi di emergenza, da tenere sempre fuori dalla cassetta.<\/span><\/li>\n<li><span style=\"font-weight: 400;\">Inoltre, la cassetta di sicurezza pu\u00f2 essere chiusa e aperta con un codice numerico.&nbsp;<\/span><\/li>\n<li><span style=\"font-weight: 400;\">La confezione include anche le istruzioni per l&#8217;uso in lingua originale\/in inglese e due chiavi di riserva.&nbsp;<\/span><\/li>\n<li><span style=\"font-weight: 400;\">Facile da usare&nbsp;<\/span><\/li>\n<\/ul>\n","protected":false},"excerpt":{"rendered":"<p><span style=\"font-weight: 400;\">Cassaforte biometrica con impronta digitale, cassaforte personale con serratura a tastiera, cassaforte di sicurezza con 2 chiavi, cassaforte domestica per oggetti di valore, contanti, gioielli, documenti importanti, armi, ecc.&nbsp;<\/span><\/p>\n<p><span style=\"font-weight: 400;\">Tre modi di accesso: la nostra cassaforte per pistole ha tre meccanismi di sblocco, tramite impronta digitale, chiave e codice numerico. Con un tempo di sblocco inferiore a 1 secondo e una precisione superiore al 98%, puoi accedere velocemente ai tuoi oggetti di valore. Offriamo anche due chiavi e una scelta di password a 4 o 6 cifre per garantire sicurezza e comodit\u00e0.<\/span><\/p>\n","protected":false},"featured_media":150597,"comment_status":"closed","ping_status":"closed","template":"","meta":{"inline_featured_image":false},"product_brand":[],"product_cat":[888,1348,2555],"product_tag":[1778,1782],"class_list":{"0":"post-150593","1":"product","2":"type-product","3":"status-publish","4":"has-post-thumbnail","6":"product_cat-accessori","7":"product_cat-accessori-per-esercito-caccia","8":"product_cat-pistola-sicura-lucchetti-sicuro","9":"product_tag-campeggio-viaggio","10":"product_tag-polizia-sicurezza","12":"first","13":"instock","14":"taxable","15":"shipping-taxable","16":"purchasable","17":"product-type-simple"},"_links":{"self":[{"href":"https:\/\/metal-badge.ch\/it\/wp-json\/wp\/v2\/product\/150593","targetHints":{"allow":["GET"]}}],"collection":[{"href":"https:\/\/metal-badge.ch\/it\/wp-json\/wp\/v2\/product"}],"about":[{"href":"https:\/\/metal-badge.ch\/it\/wp-json\/wp\/v2\/types\/product"}],"replies":[{"embeddable":true,"href":"https:\/\/metal-badge.ch\/it\/wp-json\/wp\/v2\/comments?post=150593"}],"wp:featuredmedia":[{"embeddable":true,"href":"https:\/\/metal-badge.ch\/it\/wp-json\/wp\/v2\/media\/150597"}],"wp:attachment":[{"href":"https:\/\/metal-badge.ch\/it\/wp-json\/wp\/v2\/media?parent=150593"}],"wp:term":[{"taxonomy":"product_brand","embeddable":true,"href":"https:\/\/metal-badge.ch\/it\/wp-json\/wp\/v2\/product_brand?post=150593"},{"taxonomy":"product_cat","embeddable":true,"href":"https:\/\/metal-badge.ch\/it\/wp-json\/wp\/v2\/product_cat?post=150593"},{"taxonomy":"product_tag","embeddable":true,"href":"https:\/\/metal-badge.ch\/it\/wp-json\/wp\/v2\/product_tag?post=150593"}],"curies":[{"name":"wp","href":"https:\/\/api.w.org\/{rel}","templated":true}]}}