{"id":149775,"date":"2025-07-22T02:12:02","date_gmt":"2025-07-22T00:12:02","guid":{"rendered":"https:\/\/metal-badge.ch\/product\/149775\/luce-usb-ricaricabile-per-biciclette-con-2-luci-anteriori-a-led\/"},"modified":"2025-07-22T02:12:02","modified_gmt":"2025-07-22T00:12:02","slug":"luce-usb-ricaricabile-per-biciclette-con-2-luci-anteriori-a-led","status":"publish","type":"product","link":"https:\/\/metal-badge.ch\/it\/product\/149775\/luce-usb-ricaricabile-per-biciclette-con-2-luci-anteriori-a-led\/","title":{"rendered":"Luce USB ricaricabile per biciclette con 2 luci anteriori a LED"},"content":{"rendered":"<p><span style=\"font-weight: 400;\">Questa luce anteriore ricaricabile a 2 LED per biciclette \u00e8 dotata di un supporto di montaggio rapido. L&#8217;alloggiamento della luce per biciclette \u00e8 realizzato in alluminio 6063. Questa luce per bicicletta \u00e8 ricaricabile grazie alla batteria integrata e offre un&#8217;ampia illuminazione con lo straordinario fascio luminoso da 2.000 lumen. La luce anteriore impermeabile con 2 LED non ti abbandona mai, sia in citt\u00e0 che in campagna, garantendoti sempre la massima sicurezza durante i tuoi spostamenti. La luce per bicicletta dispone di 5 diverse modalit\u00e0.<\/span> <span style=\"font-weight: 400;\">La luce bianca intensa da 2.000 lumen pu\u00f2 essere convertita in luce bianca intensa da 1.200 lumen, mentre la luce dimmerabile da 600 lumen \u00e8 dotata anche di funzione lampeggiante e luce stroboscopica.&nbsp;<\/span><\/p>\n<p><span style=\"font-weight: 400;\">La luce \u00e8 facile da usare e si accende con due pulsanti. La luce \u00e8 impermeabile con grado di protezione IPX6 ed \u00e8 dotata di un indicatore del livello di carica della batteria. Grazie alle batterie al litio da 4.500 integrate, puoi<\/span> <span style=\"font-weight: 400;\">intraprendere lunghi tour in bicicletta senza dover ricaricare frequentemente la batteria. La durata della luce \u00e8 di almeno 5 ore a massima intensit\u00e0 e fino a un massimo di 10 ore senza ricarica.<\/span> <span style=\"font-weight: 400;\">La luce per bicicletta pu\u00f2 essere ricaricata rapidamente tramite cavo USB.<\/span> <span style=\"font-weight: 400;\">Il montaggio di questa luce per bicicletta \u00e8 facilitato da un sistema di aggancio rapido incluso nella confezione. Il sistema di aggancio rapido si monta sul manubrio in un attimo e senza attrezzi. A questo punto basta solo agganciare la luce per bicicletta. La luce pu\u00f2 essere smontata altrettanto velocemente.&nbsp;<\/span><\/p>\n<p><b>Informazioni sul prodotto:&nbsp;<\/b><\/p>\n<ul>\n<li><span style=\"font-weight: 400;\">Denominazione: Luce anteriore per biciclette BR2000&nbsp;&nbsp;<\/span><\/li>\n<li><span style=\"font-weight: 400;\">Materiale della luce anteriore: alloggiamento in alluminio<\/span><\/li>\n<li><span style=\"font-weight: 400;\">Peso luce anteriore: 210 g&nbsp;<\/span><\/li>\n<li><span style=\"font-weight: 400;\">Colore: nero&nbsp;<\/span><\/li>\n<li><span style=\"font-weight: 400;\">Colore della luce: bianco<\/span><\/li>\n<li><span style=\"font-weight: 400;\">Batteria: batteria 18650 da 4.500 mAh<\/span><\/li>\n<li><span style=\"font-weight: 400;\">Durata della luce a intensit\u00e0 massima: 6 ore&nbsp;&nbsp;<\/span><\/li>\n<li><span style=\"font-weight: 400;\">Durata della luce a intensit\u00e0 ridotta: 29 ore<\/span><\/li>\n<li><span style=\"font-weight: 400;\">Modalit\u00e0: 5 diverse funzioni 1. Luce bianca intensa 2.000 lumen\/2. Luce bianca intensa 1.200 lumen\/3. Luce soffusa 600 lumen\/4. Luce lampeggiante\/5. Luce stroboscopica.<\/span><\/li>\n<li><span style=\"font-weight: 400;\">Luce anteriore con 2 lampade a LED<\/span><\/li>\n<li><span style=\"font-weight: 400;\">Lumen: 2.000 lumen<\/span><\/li>\n<li><span style=\"font-weight: 400;\">Indicatore di carica della batteria<\/span><\/li>\n<li><span style=\"font-weight: 400;\">Stato di carica della batteria basso (avviso)<\/span><\/li>\n<li><span style=\"font-weight: 400;\">Elevata resistenza agli urti (infrangibile)<\/span><\/li>\n<li><span style=\"font-weight: 400;\">Impermeabile secondo IPX6<\/span><\/li>\n<li><span style=\"font-weight: 400;\">Dimensioni: lunghezza x larghezza x altezza\/\/11,5 cm x 4,5 cm x 3,5 cm&nbsp;<\/span><\/li>\n<li><span style=\"font-weight: 400;\">Montaggio semplice e veloce senza attrezzi&nbsp;<\/span><\/li>\n<li><span style=\"font-weight: 400;\">La confezione include anche 1 cavo di ricarica USB e il sistema di aggancio rapido a scatto.<\/span><\/li>\n<\/ul>\n","protected":false},"excerpt":{"rendered":"<p><span style=\"font-weight: 400;\">Questa luce anteriore ricaricabile a 2 LED per biciclette \u00e8 dotata di un supporto di montaggio rapido. L&#8217;alloggiamento della luce per biciclette \u00e8 realizzato in alluminio 6063. Questa luce per bicicletta \u00e8 ricaricabile grazie alla batteria integrata e offre un&#8217;ampia illuminazione con lo straordinario fascio luminoso da 2.000 lumen. La luce anteriore impermeabile con 2 LED non ti abbandona mai, sia in citt\u00e0 che in campagna, garantendoti sempre la massima sicurezza durante i tuoi spostamenti. La luce per bicicletta dispone di 5 diverse modalit\u00e0.<\/span> <span style=\"font-weight: 400;\">La luce bianca intensa da 2.000 lumen pu\u00f2 essere convertita in luce bianca intensa da 1.200 lumen, mentre la luce dimmerabile da 600 lumen \u00e8 dotata anche di funzione lampeggiante e luce stroboscopica.&nbsp;<\/span><\/p>\n","protected":false},"featured_media":149744,"comment_status":"closed","ping_status":"closed","template":"","meta":{"inline_featured_image":false},"product_brand":[],"product_cat":[1344,888,1436],"product_tag":[1766],"class_list":{"0":"post-149775","1":"product","2":"type-product","3":"status-publish","4":"has-post-thumbnail","6":"product_cat-lampade-lampadina-tascabile","7":"product_cat-accessori","8":"product_cat-campeggio-viaggio","9":"product_tag-sport-outdoor-it","11":"first","12":"instock","13":"taxable","14":"shipping-taxable","15":"purchasable","16":"product-type-simple"},"_links":{"self":[{"href":"https:\/\/metal-badge.ch\/it\/wp-json\/wp\/v2\/product\/149775","targetHints":{"allow":["GET"]}}],"collection":[{"href":"https:\/\/metal-badge.ch\/it\/wp-json\/wp\/v2\/product"}],"about":[{"href":"https:\/\/metal-badge.ch\/it\/wp-json\/wp\/v2\/types\/product"}],"replies":[{"embeddable":true,"href":"https:\/\/metal-badge.ch\/it\/wp-json\/wp\/v2\/comments?post=149775"}],"wp:featuredmedia":[{"embeddable":true,"href":"https:\/\/metal-badge.ch\/it\/wp-json\/wp\/v2\/media\/149744"}],"wp:attachment":[{"href":"https:\/\/metal-badge.ch\/it\/wp-json\/wp\/v2\/media?parent=149775"}],"wp:term":[{"taxonomy":"product_brand","embeddable":true,"href":"https:\/\/metal-badge.ch\/it\/wp-json\/wp\/v2\/product_brand?post=149775"},{"taxonomy":"product_cat","embeddable":true,"href":"https:\/\/metal-badge.ch\/it\/wp-json\/wp\/v2\/product_cat?post=149775"},{"taxonomy":"product_tag","embeddable":true,"href":"https:\/\/metal-badge.ch\/it\/wp-json\/wp\/v2\/product_tag?post=149775"}],"curies":[{"name":"wp","href":"https:\/\/api.w.org\/{rel}","templated":true}]}}