{"id":149262,"date":"2025-07-16T23:20:32","date_gmt":"2025-07-16T21:20:32","guid":{"rendered":"https:\/\/metal-badge.ch\/product\/149262\/pala-multifunzione-piccola-e-maneggevole\/"},"modified":"2025-07-16T23:36:09","modified_gmt":"2025-07-16T21:36:09","slug":"pala-multifunzione-piccola-e-maneggevole-argento-arancione","status":"publish","type":"product","link":"https:\/\/metal-badge.ch\/it\/product\/149262\/pala-multifunzione-piccola-e-maneggevole-argento-arancione\/","title":{"rendered":"Pala multifunzione piccola e maneggevole &#8211; argento \/ arancione\u00a0"},"content":{"rendered":"<p><span style=\"font-weight: 400;\">Pala multifunzione in acciaio 6 in 1: pala militare per campeggio e giardinaggio. 6 funzioni in uno: coltello, sega, punta da lancia, corda in nylon, pala, chiave esagonale, metro a nastro in pollici e cm, estrattore per chiodi. Questa pratica pala multifunzione \u00e8 perfetta per spedizioni, campeggio, giardinaggio e attivit\u00e0 all&#8217;aperto. Piccola, robusta e versatile. L&#8217;impugnatura antiscivolo \u00e8 avvolta da una corda di nylon. In caso di emergenza hai quindi a disposizione una corda di sicurezza lunga 1,50 m. La pala \u00e8 realizzata in acciaio temprato. Con le sue dimensioni ridotte (26 cm) e il peso di soli 167 g, entra in qualsiasi zaino. La pala \u00e8 disponibile in diversi colori e viene fornita nella sua custodia.&nbsp;&nbsp;<\/span><\/p>\n<p><b>Informazioni prodotto:&nbsp;<\/b><\/p>\n<ul>\n<li><span style=\"font-weight: 400;\">Denominazione: pala multifunzione AJ-S01<\/span><\/li>\n<li><span style=\"font-weight: 400;\">Piccola, robusta e versatile<\/span><\/li>\n<li><span style=\"font-weight: 400;\">Con 6 funzioni in 1<\/span><\/li>\n<li><span style=\"font-weight: 400;\">Pala\/sega\/metro a nastro\/utensile per pelare\/estrattore per chiodi&nbsp;<\/span><\/li>\n<li><span style=\"font-weight: 400;\">Punta da lancia\/chiave esagonale&nbsp;&nbsp;<\/span><\/li>\n<li><span style=\"font-weight: 400;\">Con laccetto da polso&nbsp;<\/span><\/li>\n<li><span style=\"font-weight: 400;\">Corda di emergenza 150 cm&nbsp;<\/span><\/li>\n<li><span style=\"font-weight: 400;\">Peso: 167 g&nbsp;<\/span><\/li>\n<li><span style=\"font-weight: 400;\">Dimensioni: lunghezza 26 cm&nbsp;<\/span><\/li>\n<li><span style=\"font-weight: 400;\">Larghezza: Lama della pala 7,5 cm<\/span><\/li>\n<li><span style=\"font-weight: 400;\">Diametro manico: 3 cm&nbsp;<\/span><\/li>\n<li><span style=\"font-weight: 400;\">Colore metallo: argento&nbsp;<\/span><\/li>\n<li><span style=\"font-weight: 400;\">Materiale: acciaio&nbsp;<\/span><\/li>\n<li><span style=\"font-weight: 400;\">Colore della corda in nylon del manico: arancione&nbsp;<\/span><\/li>\n<li><span style=\"font-weight: 400;\">Con custodia protettiva come da immagine<\/span><\/li>\n<\/ul>\n","protected":false},"excerpt":{"rendered":"<p><span style=\"font-weight: 400;\">Pala multifunzione in acciaio 6 in 1: pala militare per campeggio e giardinaggio. 6 funzioni in uno: coltello, sega, punta da lancia, corda in nylon, pala, chiave esagonale, metro a nastro in pollici e cm, estrattore per chiodi. Questa pratica pala multifunzione \u00e8 perfetta per spedizioni, campeggio, giardinaggio e attivit\u00e0 all&#8217;aperto. Piccola, robusta e versatile. L&#8217;impugnatura antiscivolo \u00e8 avvolta da una corda di nylon. In caso di emergenza hai quindi a disposizione una corda di sicurezza lunga 1,50 m. La pala \u00e8 realizzata in acciaio temprato. Con le sue dimensioni ridotte (26 cm) e il peso di soli 167 g, entra in qualsiasi zaino. La pala \u00e8 disponibile in diversi colori e viene fornita nella sua custodia.<\/span><\/p>\n","protected":false},"featured_media":149231,"comment_status":"closed","ping_status":"closed","template":"","meta":{"inline_featured_image":false},"product_brand":[],"product_cat":[2543,888,1436],"product_tag":[1770],"class_list":{"0":"post-149262","1":"product","2":"type-product","3":"status-publish","4":"has-post-thumbnail","6":"product_cat-vanga-pala","7":"product_cat-accessori","8":"product_cat-campeggio-viaggio","9":"product_tag-army-survival-it","11":"first","12":"instock","13":"taxable","14":"shipping-taxable","15":"purchasable","16":"product-type-simple"},"_links":{"self":[{"href":"https:\/\/metal-badge.ch\/it\/wp-json\/wp\/v2\/product\/149262","targetHints":{"allow":["GET"]}}],"collection":[{"href":"https:\/\/metal-badge.ch\/it\/wp-json\/wp\/v2\/product"}],"about":[{"href":"https:\/\/metal-badge.ch\/it\/wp-json\/wp\/v2\/types\/product"}],"replies":[{"embeddable":true,"href":"https:\/\/metal-badge.ch\/it\/wp-json\/wp\/v2\/comments?post=149262"}],"wp:featuredmedia":[{"embeddable":true,"href":"https:\/\/metal-badge.ch\/it\/wp-json\/wp\/v2\/media\/149231"}],"wp:attachment":[{"href":"https:\/\/metal-badge.ch\/it\/wp-json\/wp\/v2\/media?parent=149262"}],"wp:term":[{"taxonomy":"product_brand","embeddable":true,"href":"https:\/\/metal-badge.ch\/it\/wp-json\/wp\/v2\/product_brand?post=149262"},{"taxonomy":"product_cat","embeddable":true,"href":"https:\/\/metal-badge.ch\/it\/wp-json\/wp\/v2\/product_cat?post=149262"},{"taxonomy":"product_tag","embeddable":true,"href":"https:\/\/metal-badge.ch\/it\/wp-json\/wp\/v2\/product_tag?post=149262"}],"curies":[{"name":"wp","href":"https:\/\/api.w.org\/{rel}","templated":true}]}}