{"id":148622,"date":"2025-07-11T22:46:07","date_gmt":"2025-07-11T20:46:07","guid":{"rendered":"https:\/\/metal-badge.ch\/product\/148622\/mantello-militare-poncho-in-colori-mimetici-camor-army\/"},"modified":"2025-07-11T22:46:07","modified_gmt":"2025-07-11T20:46:07","slug":"mantello-militare-poncho-in-colori-mimetici-camor-army","status":"publish","type":"product","link":"https:\/\/metal-badge.ch\/it\/product\/148622\/mantello-militare-poncho-in-colori-mimetici-camor-army\/","title":{"rendered":"Mantello militare \/ Poncho in colori mimetici &#8211; Camor Army"},"content":{"rendered":"<p><span style=\"font-weight: 400;\">Questa mantellina mimetica &#8220;Camo Army&#8221; in tessuto Oxford 300D con rivestimento in PVC \u00e8 impermeabile al 100% e presenta cuciture interne saldate. Il cappuccio pu\u00f2 essere chiuso con un cordoncino ed \u00e8 dotato anche di una cerniera nella parte superiore per allargarlo. Sul cappuccio \u00e8 presente anche una protezione per il mento che si chiude con velcro e pu\u00f2 essere tirata fino a coprire il naso. La mantellina \u00e8 dotata di un cordino sui fianchi per la regolazione. I polsini sono elastici e possono essere regolati con velcro. La mantellina \u00e8 dotata di due ampie tasche esterne con patta. La cerniera lunga 70 cm \u00e8 nascosta e si chiude con velcro fino in fondo.&nbsp;<\/span><\/p>\n<p><span style=\"font-weight: 400;\">&nbsp;<\/span><b>Informazioni prodotto:&nbsp;<\/b><\/p>\n<ul>\n<li><span style=\"font-weight: 400;\">Modello: Camor Army&nbsp;<\/span><\/li>\n<li><span style=\"font-weight: 400;\">Colore: mimetico digitale<\/span><\/li>\n<li><span style=\"font-weight: 400;\">Altezza del collo: 8 cm&nbsp;<\/span><\/li>\n<li><span style=\"font-weight: 400;\">Con cappuccio e cerniera regolabile nella parte superiore<\/span><\/li>\n<li><span style=\"font-weight: 400;\">Con cordino sul cappuccio<\/span><\/li>\n<li><span style=\"font-weight: 400;\">Protezione per il mento che pu\u00f2 essere tirata fino a coprire il naso e chiusa con velcro<\/span><\/li>\n<li><span style=\"font-weight: 400;\">100% impermeabile&nbsp;<\/span><\/li>\n<li><span style=\"font-weight: 400;\">100% antivento<\/span><\/li>\n<li><span style=\"font-weight: 400;\">Materiale: tessuto Oxford 300D con rivestimento in PVC<\/span><\/li>\n<li><span style=\"font-weight: 400;\">Lunghezza: circa 120 cm<\/span><\/li>\n<li><span style=\"font-weight: 400;\">Resistente&nbsp;<\/span><\/li>\n<li><span style=\"font-weight: 400;\">Facile da pulire<\/span><\/li>\n<li><span style=\"font-weight: 400;\">Peso: circa 850 g&nbsp;<\/span><\/li>\n<li><span style=\"font-weight: 400;\">Peso al mq: 360 g&nbsp;<\/span><\/li>\n<li><span style=\"font-weight: 400;\">Taglia: M-3XL<\/span><\/li>\n<\/ul>\n","protected":false},"excerpt":{"rendered":"<p><span style=\"font-weight: 400;\">Questa mantellina mimetica &#8220;Camo Army&#8221; in tessuto Oxford 300D con rivestimento in PVC \u00e8 impermeabile al 100% e presenta cuciture interne saldate. Il cappuccio pu\u00f2 essere chiuso con un cordoncino ed \u00e8 dotato anche di una cerniera nella parte superiore per allargarlo. Sul cappuccio \u00e8 presente anche una protezione per il mento che si chiude con velcro e pu\u00f2 essere tirata fino a coprire il naso. La mantellina \u00e8 dotata di un cordino sui fianchi per la regolazione. I polsini sono elastici e possono essere regolati con velcro. La mantellina \u00e8 dotata di due ampie tasche esterne con patta. La cerniera lunga 70 cm \u00e8 nascosta e si chiude con velcro fino in fondo.&nbsp;<\/span><\/p>\n","protected":false},"featured_media":148575,"comment_status":"closed","ping_status":"closed","template":"","meta":{"inline_featured_image":false},"product_brand":[],"product_cat":[1587,1348],"product_tag":[],"class_list":{"0":"post-148622","1":"product","2":"type-product","3":"status-publish","4":"has-post-thumbnail","6":"product_cat-protezione-dalla-pioggia","7":"product_cat-accessori-per-esercito-caccia","9":"first","10":"instock","11":"taxable","12":"shipping-taxable","13":"purchasable","14":"product-type-simple"},"_links":{"self":[{"href":"https:\/\/metal-badge.ch\/it\/wp-json\/wp\/v2\/product\/148622","targetHints":{"allow":["GET"]}}],"collection":[{"href":"https:\/\/metal-badge.ch\/it\/wp-json\/wp\/v2\/product"}],"about":[{"href":"https:\/\/metal-badge.ch\/it\/wp-json\/wp\/v2\/types\/product"}],"replies":[{"embeddable":true,"href":"https:\/\/metal-badge.ch\/it\/wp-json\/wp\/v2\/comments?post=148622"}],"wp:featuredmedia":[{"embeddable":true,"href":"https:\/\/metal-badge.ch\/it\/wp-json\/wp\/v2\/media\/148575"}],"wp:attachment":[{"href":"https:\/\/metal-badge.ch\/it\/wp-json\/wp\/v2\/media?parent=148622"}],"wp:term":[{"taxonomy":"product_brand","embeddable":true,"href":"https:\/\/metal-badge.ch\/it\/wp-json\/wp\/v2\/product_brand?post=148622"},{"taxonomy":"product_cat","embeddable":true,"href":"https:\/\/metal-badge.ch\/it\/wp-json\/wp\/v2\/product_cat?post=148622"},{"taxonomy":"product_tag","embeddable":true,"href":"https:\/\/metal-badge.ch\/it\/wp-json\/wp\/v2\/product_tag?post=148622"}],"curies":[{"name":"wp","href":"https:\/\/api.w.org\/{rel}","templated":true}]}}