{"id":148570,"date":"2025-07-11T22:27:55","date_gmt":"2025-07-11T20:27:55","guid":{"rendered":"https:\/\/metal-badge.ch\/product\/148570\/mantello-militare-poncho-in-colori-mimetici\/"},"modified":"2025-07-11T22:27:55","modified_gmt":"2025-07-11T20:27:55","slug":"mantello-militare-poncho-in-colori-mimetici","status":"publish","type":"product","link":"https:\/\/metal-badge.ch\/it\/product\/148570\/mantello-militare-poncho-in-colori-mimetici\/","title":{"rendered":"Mantello militare \/ Poncho in colori mimetici"},"content":{"rendered":"<p><span style=\"font-weight: 400;\">Questa mantellina mimetica &#8220;woodland Army&#8221; in tessuto poliestere con rivestimento in PVC \u00e8 impermeabile al 100%. Il cappuccio pu\u00f2 essere chiuso con un cordoncino ed \u00e8 dotato anche di una cerniera. La mantellina ha un sistema di bottoni a pressione sui lati, con 2 bottoni per lato, per un totale di 4 bottoni. Con le sue dimensioni di 140 cm x 195 cm, questo telo antipioggia pu\u00f2 essere usato come tenda di emergenza\/telo impermeabile. Per questo, nella parte inferiore della mantellina sono presenti 2 occhielli su tutto il perimetro che permettono di fissarla. La mantellina pu\u00f2 essere usata in caso di emergenza come riparo, sacco a pelo, telo impermeabile o telo di copertura.<\/span><\/p>\n<p><b>Informazioni prodotto:&nbsp;<\/b><\/p>\n<ul>\n<li><span style=\"font-weight: 400;\">Modello: Woodland Army&nbsp;<\/span><\/li>\n<li><span style=\"font-weight: 400;\">Colore: mimetico<\/span><\/li>\n<li><span style=\"font-weight: 400;\">Con cappuccio e cerniera<\/span><\/li>\n<li><span style=\"font-weight: 400;\">100% impermeabile&nbsp;<\/span><\/li>\n<li><span style=\"font-weight: 400;\">100% antivento<\/span><\/li>\n<li><span style=\"font-weight: 400;\">Dimensioni superficie aperta: 190 cm x 140 cm&nbsp;<\/span><\/li>\n<li><span style=\"font-weight: 400;\">Peso al mq: 185 g&nbsp;<\/span><\/li>\n<li><span style=\"font-weight: 400;\">Materiale: tessuto poliestere con rivestimento in PVC<\/span><\/li>\n<li><span style=\"font-weight: 400;\">Taglia: taglia unica<\/span><\/li>\n<li><span style=\"font-weight: 400;\">Peso: 580 g<\/span><\/li>\n<li><span style=\"font-weight: 400;\">Con cordino sul cappuccio&nbsp;<\/span><\/li>\n<li><span style=\"font-weight: 400;\">2 bottoni a pressione laterali<\/span><\/li>\n<li><span style=\"font-weight: 400;\">Pu\u00f2 essere usato come rifugio di emergenza, telo protettivo o telo impermeabile per tende di emergenza.&nbsp;<\/span><\/li>\n<li><span style=\"font-weight: 400;\">Con 4 occhielli per fissarla come tenda di emergenza\/telo&nbsp;<\/span><\/li>\n<li><span style=\"font-weight: 400;\">Con sistema di bottoni a pressione per la chiusura laterale&nbsp;<\/span><\/li>\n<li><span style=\"font-weight: 400;\">Con sacchetto per il trasporto&nbsp;<\/span><\/li>\n<li><span style=\"font-weight: 400;\">Dimensione della confezione: 30 cm x 22 cm<\/span><\/li>\n<\/ul>\n","protected":false},"excerpt":{"rendered":"<p><span style=\"font-weight: 400;\">Questa mantellina mimetica &#8220;woodland Army&#8221; in tessuto poliestere con rivestimento in PVC \u00e8 impermeabile al 100%. Il cappuccio pu\u00f2 essere chiuso con un cordoncino ed \u00e8 dotato anche di una cerniera. La mantellina ha un sistema di bottoni a pressione sui lati, con 2 bottoni per lato, per un totale di 4 bottoni. Con le sue dimensioni di 140 cm x 195 cm, questo telo antipioggia pu\u00f2 essere usato come tenda di emergenza\/telo impermeabile. Per questo, nella parte inferiore della mantellina sono presenti 2 occhielli su tutto il perimetro che permettono di fissarla. La mantellina pu\u00f2 essere usata in caso di emergenza come riparo, sacco a pelo, telo impermeabile o telo di copertura.<\/span><\/p>\n","protected":false},"featured_media":148538,"comment_status":"closed","ping_status":"closed","template":"","meta":{"inline_featured_image":false},"product_brand":[],"product_cat":[1587,1348],"product_tag":[],"class_list":{"0":"post-148570","1":"product","2":"type-product","3":"status-publish","4":"has-post-thumbnail","6":"product_cat-protezione-dalla-pioggia","7":"product_cat-accessori-per-esercito-caccia","9":"first","10":"instock","11":"taxable","12":"shipping-taxable","13":"purchasable","14":"product-type-simple"},"_links":{"self":[{"href":"https:\/\/metal-badge.ch\/it\/wp-json\/wp\/v2\/product\/148570","targetHints":{"allow":["GET"]}}],"collection":[{"href":"https:\/\/metal-badge.ch\/it\/wp-json\/wp\/v2\/product"}],"about":[{"href":"https:\/\/metal-badge.ch\/it\/wp-json\/wp\/v2\/types\/product"}],"replies":[{"embeddable":true,"href":"https:\/\/metal-badge.ch\/it\/wp-json\/wp\/v2\/comments?post=148570"}],"wp:featuredmedia":[{"embeddable":true,"href":"https:\/\/metal-badge.ch\/it\/wp-json\/wp\/v2\/media\/148538"}],"wp:attachment":[{"href":"https:\/\/metal-badge.ch\/it\/wp-json\/wp\/v2\/media?parent=148570"}],"wp:term":[{"taxonomy":"product_brand","embeddable":true,"href":"https:\/\/metal-badge.ch\/it\/wp-json\/wp\/v2\/product_brand?post=148570"},{"taxonomy":"product_cat","embeddable":true,"href":"https:\/\/metal-badge.ch\/it\/wp-json\/wp\/v2\/product_cat?post=148570"},{"taxonomy":"product_tag","embeddable":true,"href":"https:\/\/metal-badge.ch\/it\/wp-json\/wp\/v2\/product_tag?post=148570"}],"curies":[{"name":"wp","href":"https:\/\/api.w.org\/{rel}","templated":true}]}}